{"id":2380,"date":"2022-03-03T22:10:41","date_gmt":"2022-03-03T22:10:41","guid":{"rendered":"https:\/\/sylviadara.com\/produkt\/fidzi-skirt\/"},"modified":"2022-08-25T05:13:07","modified_gmt":"2022-08-25T05:13:07","slug":"fidzi-skirt","status":"publish","type":"product","link":"https:\/\/sylviadara.com\/en\/produkt\/fidzi-skirt\/","title":{"rendered":"FID\u017bI skirt"},"content":{"rendered":"<p>A classic, timeless feminine pencil skirt. Made of genuine soft Italian velvet. The velvet is 100% natural and very pleasant to the touch. Presented in a beautiful, vibrant, juicy colour.<br \/>\nThe fabric is pliable, elastic and reflects the light beautifully. <br \/>\nThe skirt looks great with a jacket or in combination with a jumper. <\/p>\n<p>Colour: orange<br \/>\nModelka ma na sobie: \u017cakiet rozm. 38. Wysoko\u015b\u0107 modelki 179cm<\/p>\n<p><strong>Wymiary mierzone na p\u0142asko:<\/strong><\/p>\n<ul>\n<li>Obw\u00f3d talii: 76cm<\/li>\n<li>Obw\u00f3d bioder: ?cm<\/li>\n<li>D\u0142ugo\u015b\u0107: 50cm<\/li>\n","protected":false},"excerpt":{"rendered":"<p>A classic, timeless feminine pencil skirt. Made of genuine soft Italian velvet. The velvet is 100% natural and very pleasant to the touch. Presented in a beautiful, vibrant, juicy colour. The fabric is pliable, elastic and reflects the light beautifully. The skirt looks great with a jacket or in combination with a jumper. Colour: orange [&hellip;]<\/p>\n","protected":false},"featured_media":2510,"template":"","meta":[],"product_cat":[149,153],"product_tag":[],"woo-feed-brand":[],"acf":[],"yoast_head":"<!-- This site is optimized with the Yoast SEO plugin v19.14 - https:\/\/yoast.com\/wordpress\/plugins\/seo\/ -->\n<title>FID\u017bI skirt - Sylvia Dara<\/title>\n<meta name=\"robots\" content=\"index, follow, max-snippet:-1, max-image-preview:large, max-video-preview:-1\" \/>\n<link rel=\"canonical\" href=\"https:\/\/sylviadara.com\/en\/produkt\/fidzi-skirt\/\" \/>\n<meta property=\"og:locale\" content=\"en_US\" \/>\n<meta property=\"og:type\" content=\"article\" \/>\n<meta property=\"og:title\" content=\"FID\u017bI skirt - Sylvia Dara\" \/>\n<meta property=\"og:description\" content=\"A classic, timeless feminine pencil skirt. Made of genuine soft Italian velvet. The velvet is 100% natural and very pleasant to the touch. Presented in a beautiful, vibrant, juicy colour. The fabric is pliable, elastic and reflects the light beautifully. The skirt looks great with a jacket or in combination with a jumper. Colour: orange [&hellip;]\" \/>\n<meta property=\"og:url\" content=\"https:\/\/sylviadara.com\/en\/produkt\/fidzi-skirt\/\" \/>\n<meta property=\"og:site_name\" content=\"Sylvia Dara\" \/>\n<meta property=\"article:modified_time\" content=\"2022-08-25T05:13:07+00:00\" \/>\n<meta property=\"og:image\" content=\"https:\/\/sylviadara.com\/wp-content\/uploads\/2022\/03\/InShot_20220313_195104325-819x1024.jpg\" \/>\n\t<meta property=\"og:image:width\" content=\"819\" \/>\n\t<meta property=\"og:image:height\" content=\"1024\" \/>\n\t<meta property=\"og:image:type\" content=\"image\/jpeg\" \/>\n<meta name=\"twitter:card\" content=\"summary_large_image\" \/>\n<script type=\"application\/ld+json\" class=\"yoast-schema-graph\">{\"@context\":\"https:\/\/schema.org\",\"@graph\":[{\"@type\":\"WebPage\",\"@id\":\"https:\/\/sylviadara.com\/en\/produkt\/fidzi-skirt\/\",\"url\":\"https:\/\/sylviadara.com\/en\/produkt\/fidzi-skirt\/\",\"name\":\"FID\u017bI skirt - Sylvia Dara\",\"isPartOf\":{\"@id\":\"https:\/\/sylviadara.com\/#website\"},\"datePublished\":\"2022-03-03T22:10:41+00:00\",\"dateModified\":\"2022-08-25T05:13:07+00:00\",\"breadcrumb\":{\"@id\":\"https:\/\/sylviadara.com\/en\/produkt\/fidzi-skirt\/#breadcrumb\"},\"inLanguage\":\"en-US\",\"potentialAction\":[{\"@type\":\"ReadAction\",\"target\":[\"https:\/\/sylviadara.com\/en\/produkt\/fidzi-skirt\/\"]}]},{\"@type\":\"BreadcrumbList\",\"@id\":\"https:\/\/sylviadara.com\/en\/produkt\/fidzi-skirt\/#breadcrumb\",\"itemListElement\":[{\"@type\":\"ListItem\",\"position\":1,\"name\":\"Strona g\u0142\u00f3wna\",\"item\":\"https:\/\/sylviadara.com\/en\/\"},{\"@type\":\"ListItem\",\"position\":2,\"name\":\"Shop\",\"item\":\"https:\/\/sylviadara.com\/en\/shop\/\"},{\"@type\":\"ListItem\",\"position\":3,\"name\":\"FID\u017bI skirt\"}]},{\"@type\":\"WebSite\",\"@id\":\"https:\/\/sylviadara.com\/#website\",\"url\":\"https:\/\/sylviadara.com\/\",\"name\":\"Sylvia Dara\",\"description\":\"sklep\",\"publisher\":{\"@id\":\"https:\/\/sylviadara.com\/#organization\"},\"potentialAction\":[{\"@type\":\"SearchAction\",\"target\":{\"@type\":\"EntryPoint\",\"urlTemplate\":\"https:\/\/sylviadara.com\/?s={search_term_string}\"},\"query-input\":\"required name=search_term_string\"}],\"inLanguage\":\"en-US\"},{\"@type\":\"Organization\",\"@id\":\"https:\/\/sylviadara.com\/#organization\",\"name\":\"Sylvia Dara\",\"url\":\"https:\/\/sylviadara.com\/\",\"logo\":{\"@type\":\"ImageObject\",\"inLanguage\":\"en-US\",\"@id\":\"https:\/\/sylviadara.com\/#\/schema\/logo\/image\/\",\"url\":\"https:\/\/sylviadara.com\/wp-content\/uploads\/2020\/08\/sylvia_dara_kolor_rgb_png.png\",\"contentUrl\":\"https:\/\/sylviadara.com\/wp-content\/uploads\/2020\/08\/sylvia_dara_kolor_rgb_png.png\",\"width\":580,\"height\":189,\"caption\":\"Sylvia Dara\"},\"image\":{\"@id\":\"https:\/\/sylviadara.com\/#\/schema\/logo\/image\/\"}}]}<\/script>\n<!-- \/ Yoast SEO plugin. -->","yoast_head_json":{"title":"FID\u017bI skirt - Sylvia Dara","robots":{"index":"index","follow":"follow","max-snippet":"max-snippet:-1","max-image-preview":"max-image-preview:large","max-video-preview":"max-video-preview:-1"},"canonical":"https:\/\/sylviadara.com\/en\/produkt\/fidzi-skirt\/","og_locale":"en_US","og_type":"article","og_title":"FID\u017bI skirt - Sylvia Dara","og_description":"A classic, timeless feminine pencil skirt. Made of genuine soft Italian velvet. The velvet is 100% natural and very pleasant to the touch. Presented in a beautiful, vibrant, juicy colour. The fabric is pliable, elastic and reflects the light beautifully. The skirt looks great with a jacket or in combination with a jumper. Colour: orange [&hellip;]","og_url":"https:\/\/sylviadara.com\/en\/produkt\/fidzi-skirt\/","og_site_name":"Sylvia Dara","article_modified_time":"2022-08-25T05:13:07+00:00","og_image":[{"width":819,"height":1024,"url":"https:\/\/sylviadara.com\/wp-content\/uploads\/2022\/03\/InShot_20220313_195104325-819x1024.jpg","type":"image\/jpeg"}],"twitter_card":"summary_large_image","schema":{"@context":"https:\/\/schema.org","@graph":[{"@type":"WebPage","@id":"https:\/\/sylviadara.com\/en\/produkt\/fidzi-skirt\/","url":"https:\/\/sylviadara.com\/en\/produkt\/fidzi-skirt\/","name":"FID\u017bI skirt - Sylvia Dara","isPartOf":{"@id":"https:\/\/sylviadara.com\/#website"},"datePublished":"2022-03-03T22:10:41+00:00","dateModified":"2022-08-25T05:13:07+00:00","breadcrumb":{"@id":"https:\/\/sylviadara.com\/en\/produkt\/fidzi-skirt\/#breadcrumb"},"inLanguage":"en-US","potentialAction":[{"@type":"ReadAction","target":["https:\/\/sylviadara.com\/en\/produkt\/fidzi-skirt\/"]}]},{"@type":"BreadcrumbList","@id":"https:\/\/sylviadara.com\/en\/produkt\/fidzi-skirt\/#breadcrumb","itemListElement":[{"@type":"ListItem","position":1,"name":"Strona g\u0142\u00f3wna","item":"https:\/\/sylviadara.com\/en\/"},{"@type":"ListItem","position":2,"name":"Shop","item":"https:\/\/sylviadara.com\/en\/shop\/"},{"@type":"ListItem","position":3,"name":"FID\u017bI skirt"}]},{"@type":"WebSite","@id":"https:\/\/sylviadara.com\/#website","url":"https:\/\/sylviadara.com\/","name":"Sylvia Dara","description":"sklep","publisher":{"@id":"https:\/\/sylviadara.com\/#organization"},"potentialAction":[{"@type":"SearchAction","target":{"@type":"EntryPoint","urlTemplate":"https:\/\/sylviadara.com\/?s={search_term_string}"},"query-input":"required name=search_term_string"}],"inLanguage":"en-US"},{"@type":"Organization","@id":"https:\/\/sylviadara.com\/#organization","name":"Sylvia Dara","url":"https:\/\/sylviadara.com\/","logo":{"@type":"ImageObject","inLanguage":"en-US","@id":"https:\/\/sylviadara.com\/#\/schema\/logo\/image\/","url":"https:\/\/sylviadara.com\/wp-content\/uploads\/2020\/08\/sylvia_dara_kolor_rgb_png.png","contentUrl":"https:\/\/sylviadara.com\/wp-content\/uploads\/2020\/08\/sylvia_dara_kolor_rgb_png.png","width":580,"height":189,"caption":"Sylvia Dara"},"image":{"@id":"https:\/\/sylviadara.com\/#\/schema\/logo\/image\/"}}]}},"_links":{"self":[{"href":"https:\/\/sylviadara.com\/en\/wp-json\/wp\/v2\/product\/2380"}],"collection":[{"href":"https:\/\/sylviadara.com\/en\/wp-json\/wp\/v2\/product"}],"about":[{"href":"https:\/\/sylviadara.com\/en\/wp-json\/wp\/v2\/types\/product"}],"wp:featuredmedia":[{"embeddable":true,"href":"https:\/\/sylviadara.com\/en\/wp-json\/wp\/v2\/media\/2510"}],"wp:attachment":[{"href":"https:\/\/sylviadara.com\/en\/wp-json\/wp\/v2\/media?parent=2380"}],"wp:term":[{"taxonomy":"product_cat","embeddable":true,"href":"https:\/\/sylviadara.com\/en\/wp-json\/wp\/v2\/product_cat?post=2380"},{"taxonomy":"product_tag","embeddable":true,"href":"https:\/\/sylviadara.com\/en\/wp-json\/wp\/v2\/product_tag?post=2380"},{"taxonomy":"woo-feed-brand","embeddable":true,"href":"https:\/\/sylviadara.com\/en\/wp-json\/wp\/v2\/woo-feed-brand?post=2380"}],"curies":[{"name":"wp","href":"https:\/\/api.w.org\/{rel}","templated":true}]}}