{"id":2810,"date":"2022-06-30T08:32:37","date_gmt":"2022-06-30T08:32:37","guid":{"rendered":"https:\/\/sylviadara.com\/?post_type=product&#038;p=2810"},"modified":"2023-03-11T10:47:02","modified_gmt":"2023-03-11T10:47:02","slug":"sweter-barcelona-orange-green-yellow","status":"publish","type":"product","link":"https:\/\/sylviadara.com\/en\/produkt\/sweter-barcelona-orange-green-yellow\/","title":{"rendered":"Sweter BARCELONA orange"},"content":{"rendered":"<p>Jedyny i niepowtarzalny autorski, unikatowy wz\u00f3r, zrobiony w ca\u0142o\u015bci r\u0119cznie.<br \/>\nWspania\u0142y sk\u0142ad to po\u0142\u0105czenie mi\u0119kkiego kaszmiru, przewiewnej bawe\u0142ny i delikatnego moheru.<br \/>\nSweter dobrze si\u0119 pierze i suszy, nie odkszta\u0142ca si\u0119 i nie mechaci.<br \/>\nNaszywane r\u0119cznie aplikacje tworz\u0105 wyj\u0105tkowy charakter tego swetra.<br \/>\nPi\u0119kne, oryginalne guziki i bi\u017cuteria w aplikacjach dodaj\u0105 smaku.<br \/>\nKa\u017cdy egzemplarz r\u00f3\u017cni si\u0119 zdobieniami i przez to jest wyj\u0105tkowy i jedyny swoim rodzaju.<br \/>\nPi\u0119knie prezentuje si\u0119 do ka\u017cdej stylizacji dziennej i wieczorowej.<br \/>\nDOST\u0118PNY W INNYCH KOLORACH NA ZAM\u00d3WIENIE ( Ka\u017cdy ma inn\u0105 konfiguracj\u0119 aplikacji oraz rodzaj bi\u017cuteryjnych dodatk\u00f3w ). <\/p>\n<p>Rozmiar S-L<br \/>\n<strong>Wymiary mierzone na p\u0142asko:<\/strong><\/p>\n<ul>\n<li>Szeroko\u015b\u0107 pod pachami: 55cm<\/li>\n<li>D\u0142ugo\u015b\u0107 r\u0119kaw\u00f3w 61cm<\/li>\n<li>D\u0142ugo\u015b\u0107 ca\u0142kowita 58cm<\/li>\n<div style=\"width: 980px;\" class=\"wp-video\"><!--[if lt IE 9]><script>document.createElement('video');<\/script><![endif]-->\n<video class=\"wp-video-shortcode\" id=\"video-2810-1\" width=\"980\" height=\"551\" preload=\"metadata\" controls=\"controls\"><source type=\"video\/mp4\" src=\"https:\/\/sylviadara.com\/wp-content\/uploads\/2022\/06\/20220625_145147.mp4?_=1\" \/><a href=\"https:\/\/sylviadara.com\/wp-content\/uploads\/2022\/06\/20220625_145147.mp4\">https:\/\/sylviadara.com\/wp-content\/uploads\/2022\/06\/20220625_145147.mp4<\/a><\/video><\/div>\n","protected":false},"excerpt":{"rendered":"<p>Jedyny i niepowtarzalny autorski, unikatowy wz\u00f3r, zrobiony w ca\u0142o\u015bci r\u0119cznie. Wspania\u0142y sk\u0142ad to po\u0142\u0105czenie mi\u0119kkiego kaszmiru, przewiewnej bawe\u0142ny i delikatnego moheru. Sweter dobrze si\u0119 pierze i suszy, nie odkszta\u0142ca si\u0119 i nie mechaci. Naszywane r\u0119cznie aplikacje tworz\u0105 wyj\u0105tkowy charakter tego swetra. Pi\u0119kne, oryginalne guziki i bi\u017cuteria w aplikacjach dodaj\u0105 smaku. Ka\u017cdy egzemplarz r\u00f3\u017cni si\u0119 zdobieniami [&hellip;]<\/p>\n","protected":false},"featured_media":2860,"template":"","meta":[],"product_cat":[40,20],"product_tag":[],"woo-feed-brand":[],"acf":[],"yoast_head":"<!-- This site is optimized with the Yoast SEO plugin v19.14 - https:\/\/yoast.com\/wordpress\/plugins\/seo\/ -->\n<title>Sweter BARCELONA orange - Sylvia Dara<\/title>\n<meta name=\"robots\" content=\"index, follow, max-snippet:-1, max-image-preview:large, max-video-preview:-1\" \/>\n<link rel=\"canonical\" href=\"https:\/\/sylviadara.com\/produkt\/sweter-barcelona-orange-green-yellow\/\" \/>\n<meta property=\"og:locale\" content=\"en_US\" \/>\n<meta property=\"og:type\" content=\"article\" \/>\n<meta property=\"og:title\" content=\"Sweter BARCELONA orange - Sylvia Dara\" \/>\n<meta property=\"og:description\" content=\"Jedyny i niepowtarzalny autorski, unikatowy wz\u00f3r, zrobiony w ca\u0142o\u015bci r\u0119cznie. Wspania\u0142y sk\u0142ad to po\u0142\u0105czenie mi\u0119kkiego kaszmiru, przewiewnej bawe\u0142ny i delikatnego moheru. Sweter dobrze si\u0119 pierze i suszy, nie odkszta\u0142ca si\u0119 i nie mechaci. Naszywane r\u0119cznie aplikacje tworz\u0105 wyj\u0105tkowy charakter tego swetra. Pi\u0119kne, oryginalne guziki i bi\u017cuteria w aplikacjach dodaj\u0105 smaku. Ka\u017cdy egzemplarz r\u00f3\u017cni si\u0119 zdobieniami [&hellip;]\" \/>\n<meta property=\"og:url\" content=\"https:\/\/sylviadara.com\/produkt\/sweter-barcelona-orange-green-yellow\/\" \/>\n<meta property=\"og:site_name\" content=\"Sylvia Dara\" \/>\n<meta property=\"article:modified_time\" content=\"2023-03-11T10:47:02+00:00\" \/>\n<meta property=\"og:image\" content=\"https:\/\/sylviadara.com\/wp-content\/uploads\/2022\/06\/20220730_131401-01-scaled.jpeg\" \/>\n\t<meta property=\"og:image:width\" content=\"1920\" \/>\n\t<meta property=\"og:image:height\" content=\"2560\" \/>\n\t<meta property=\"og:image:type\" content=\"image\/jpeg\" \/>\n<meta name=\"twitter:card\" content=\"summary_large_image\" \/>\n<script type=\"application\/ld+json\" class=\"yoast-schema-graph\">{\"@context\":\"https:\/\/schema.org\",\"@graph\":[{\"@type\":\"WebPage\",\"@id\":\"https:\/\/sylviadara.com\/produkt\/sweter-barcelona-orange-green-yellow\/\",\"url\":\"https:\/\/sylviadara.com\/produkt\/sweter-barcelona-orange-green-yellow\/\",\"name\":\"Sweter BARCELONA orange - Sylvia Dara\",\"isPartOf\":{\"@id\":\"https:\/\/sylviadara.com\/#website\"},\"datePublished\":\"2022-06-30T08:32:37+00:00\",\"dateModified\":\"2023-03-11T10:47:02+00:00\",\"breadcrumb\":{\"@id\":\"https:\/\/sylviadara.com\/produkt\/sweter-barcelona-orange-green-yellow\/#breadcrumb\"},\"inLanguage\":\"en-US\",\"potentialAction\":[{\"@type\":\"ReadAction\",\"target\":[\"https:\/\/sylviadara.com\/produkt\/sweter-barcelona-orange-green-yellow\/\"]}]},{\"@type\":\"BreadcrumbList\",\"@id\":\"https:\/\/sylviadara.com\/produkt\/sweter-barcelona-orange-green-yellow\/#breadcrumb\",\"itemListElement\":[{\"@type\":\"ListItem\",\"position\":1,\"name\":\"Strona g\u0142\u00f3wna\",\"item\":\"https:\/\/sylviadara.com\/en\/\"},{\"@type\":\"ListItem\",\"position\":2,\"name\":\"Shop\",\"item\":\"https:\/\/sylviadara.com\/en\/shop\/\"},{\"@type\":\"ListItem\",\"position\":3,\"name\":\"Sweter BARCELONA orange\"}]},{\"@type\":\"WebSite\",\"@id\":\"https:\/\/sylviadara.com\/#website\",\"url\":\"https:\/\/sylviadara.com\/\",\"name\":\"Sylvia Dara\",\"description\":\"sklep\",\"publisher\":{\"@id\":\"https:\/\/sylviadara.com\/#organization\"},\"potentialAction\":[{\"@type\":\"SearchAction\",\"target\":{\"@type\":\"EntryPoint\",\"urlTemplate\":\"https:\/\/sylviadara.com\/?s={search_term_string}\"},\"query-input\":\"required name=search_term_string\"}],\"inLanguage\":\"en-US\"},{\"@type\":\"Organization\",\"@id\":\"https:\/\/sylviadara.com\/#organization\",\"name\":\"Sylvia Dara\",\"url\":\"https:\/\/sylviadara.com\/\",\"logo\":{\"@type\":\"ImageObject\",\"inLanguage\":\"en-US\",\"@id\":\"https:\/\/sylviadara.com\/#\/schema\/logo\/image\/\",\"url\":\"https:\/\/sylviadara.com\/wp-content\/uploads\/2020\/08\/sylvia_dara_kolor_rgb_png.png\",\"contentUrl\":\"https:\/\/sylviadara.com\/wp-content\/uploads\/2020\/08\/sylvia_dara_kolor_rgb_png.png\",\"width\":580,\"height\":189,\"caption\":\"Sylvia Dara\"},\"image\":{\"@id\":\"https:\/\/sylviadara.com\/#\/schema\/logo\/image\/\"}}]}<\/script>\n<!-- \/ Yoast SEO plugin. -->","yoast_head_json":{"title":"Sweter BARCELONA orange - Sylvia Dara","robots":{"index":"index","follow":"follow","max-snippet":"max-snippet:-1","max-image-preview":"max-image-preview:large","max-video-preview":"max-video-preview:-1"},"canonical":"https:\/\/sylviadara.com\/produkt\/sweter-barcelona-orange-green-yellow\/","og_locale":"en_US","og_type":"article","og_title":"Sweter BARCELONA orange - Sylvia Dara","og_description":"Jedyny i niepowtarzalny autorski, unikatowy wz\u00f3r, zrobiony w ca\u0142o\u015bci r\u0119cznie. Wspania\u0142y sk\u0142ad to po\u0142\u0105czenie mi\u0119kkiego kaszmiru, przewiewnej bawe\u0142ny i delikatnego moheru. Sweter dobrze si\u0119 pierze i suszy, nie odkszta\u0142ca si\u0119 i nie mechaci. Naszywane r\u0119cznie aplikacje tworz\u0105 wyj\u0105tkowy charakter tego swetra. Pi\u0119kne, oryginalne guziki i bi\u017cuteria w aplikacjach dodaj\u0105 smaku. Ka\u017cdy egzemplarz r\u00f3\u017cni si\u0119 zdobieniami [&hellip;]","og_url":"https:\/\/sylviadara.com\/produkt\/sweter-barcelona-orange-green-yellow\/","og_site_name":"Sylvia Dara","article_modified_time":"2023-03-11T10:47:02+00:00","og_image":[{"width":1920,"height":2560,"url":"https:\/\/sylviadara.com\/wp-content\/uploads\/2022\/06\/20220730_131401-01-scaled.jpeg","type":"image\/jpeg"}],"twitter_card":"summary_large_image","schema":{"@context":"https:\/\/schema.org","@graph":[{"@type":"WebPage","@id":"https:\/\/sylviadara.com\/produkt\/sweter-barcelona-orange-green-yellow\/","url":"https:\/\/sylviadara.com\/produkt\/sweter-barcelona-orange-green-yellow\/","name":"Sweter BARCELONA orange - Sylvia Dara","isPartOf":{"@id":"https:\/\/sylviadara.com\/#website"},"datePublished":"2022-06-30T08:32:37+00:00","dateModified":"2023-03-11T10:47:02+00:00","breadcrumb":{"@id":"https:\/\/sylviadara.com\/produkt\/sweter-barcelona-orange-green-yellow\/#breadcrumb"},"inLanguage":"en-US","potentialAction":[{"@type":"ReadAction","target":["https:\/\/sylviadara.com\/produkt\/sweter-barcelona-orange-green-yellow\/"]}]},{"@type":"BreadcrumbList","@id":"https:\/\/sylviadara.com\/produkt\/sweter-barcelona-orange-green-yellow\/#breadcrumb","itemListElement":[{"@type":"ListItem","position":1,"name":"Strona g\u0142\u00f3wna","item":"https:\/\/sylviadara.com\/en\/"},{"@type":"ListItem","position":2,"name":"Shop","item":"https:\/\/sylviadara.com\/en\/shop\/"},{"@type":"ListItem","position":3,"name":"Sweter BARCELONA orange"}]},{"@type":"WebSite","@id":"https:\/\/sylviadara.com\/#website","url":"https:\/\/sylviadara.com\/","name":"Sylvia Dara","description":"sklep","publisher":{"@id":"https:\/\/sylviadara.com\/#organization"},"potentialAction":[{"@type":"SearchAction","target":{"@type":"EntryPoint","urlTemplate":"https:\/\/sylviadara.com\/?s={search_term_string}"},"query-input":"required name=search_term_string"}],"inLanguage":"en-US"},{"@type":"Organization","@id":"https:\/\/sylviadara.com\/#organization","name":"Sylvia Dara","url":"https:\/\/sylviadara.com\/","logo":{"@type":"ImageObject","inLanguage":"en-US","@id":"https:\/\/sylviadara.com\/#\/schema\/logo\/image\/","url":"https:\/\/sylviadara.com\/wp-content\/uploads\/2020\/08\/sylvia_dara_kolor_rgb_png.png","contentUrl":"https:\/\/sylviadara.com\/wp-content\/uploads\/2020\/08\/sylvia_dara_kolor_rgb_png.png","width":580,"height":189,"caption":"Sylvia Dara"},"image":{"@id":"https:\/\/sylviadara.com\/#\/schema\/logo\/image\/"}}]}},"_links":{"self":[{"href":"https:\/\/sylviadara.com\/en\/wp-json\/wp\/v2\/product\/2810"}],"collection":[{"href":"https:\/\/sylviadara.com\/en\/wp-json\/wp\/v2\/product"}],"about":[{"href":"https:\/\/sylviadara.com\/en\/wp-json\/wp\/v2\/types\/product"}],"wp:featuredmedia":[{"embeddable":true,"href":"https:\/\/sylviadara.com\/en\/wp-json\/wp\/v2\/media\/2860"}],"wp:attachment":[{"href":"https:\/\/sylviadara.com\/en\/wp-json\/wp\/v2\/media?parent=2810"}],"wp:term":[{"taxonomy":"product_cat","embeddable":true,"href":"https:\/\/sylviadara.com\/en\/wp-json\/wp\/v2\/product_cat?post=2810"},{"taxonomy":"product_tag","embeddable":true,"href":"https:\/\/sylviadara.com\/en\/wp-json\/wp\/v2\/product_tag?post=2810"},{"taxonomy":"woo-feed-brand","embeddable":true,"href":"https:\/\/sylviadara.com\/en\/wp-json\/wp\/v2\/woo-feed-brand?post=2810"}],"curies":[{"name":"wp","href":"https:\/\/api.w.org\/{rel}","templated":true}]}}