{"id":2883,"date":"2022-08-11T09:20:17","date_gmt":"2022-08-11T09:20:17","guid":{"rendered":"https:\/\/sylviadara.com\/?post_type=product&#038;p=2883"},"modified":"2024-08-01T19:39:17","modified_gmt":"2024-08-01T19:39:17","slug":"sweter-blue-barcelona-2","status":"publish","type":"product","link":"https:\/\/sylviadara.com\/en\/produkt\/sweter-blue-barcelona-2\/","title":{"rendered":"Sweter Blue Barcelona"},"content":{"rendered":"<p>Dost\u0119pny wariant aplikacji z pierwszego zdjecia w galerii.<br \/>\nJedyny i niepowtarzalny autorski, unikatowy wz\u00f3r, zrobiony w ca\u0142o\u015bci r\u0119cznie.<br \/>\nWspania\u0142y sk\u0142ad to po\u0142\u0105czenie mi\u0119kkiego kaszmiru, przewiewnej bawe\u0142ny i delikatnego moheru.<br \/>\nSweter dobrze si\u0119 pierze i suszy, nie odkszta\u0142ca si\u0119 i nie mechaci.<br \/>\nNaszywane r\u0119cznie aplikacje tworz\u0105 wyj\u0105tkowy charakter tego swetra.<br \/>\nPi\u0119kne, oryginalne b\u0142yskotki dodaj\u0105 smaku. <\/p>\n<p> <strong>Wymiary mierzone na p\u0142asko dla rozm. S-L:<\/strong><\/p>\n<ul>\n<li>Szeroko\u015b\u0107 pod pachami: 55cm<\/li>\n<li>D\u0142ugo\u015b\u0107 r\u0119kaw\u00f3w 60cm<\/li>\n<li>D\u0142ugo\u015b\u0107 ca\u0142kowita 56cm<\/li>\n","protected":false},"excerpt":{"rendered":"<p>Dost\u0119pny wariant aplikacji z pierwszego zdjecia w galerii. Jedyny i niepowtarzalny autorski, unikatowy wz\u00f3r, zrobiony w ca\u0142o\u015bci r\u0119cznie. Wspania\u0142y sk\u0142ad to po\u0142\u0105czenie mi\u0119kkiego kaszmiru, przewiewnej bawe\u0142ny i delikatnego moheru. Sweter dobrze si\u0119 pierze i suszy, nie odkszta\u0142ca si\u0119 i nie mechaci. Naszywane r\u0119cznie aplikacje tworz\u0105 wyj\u0105tkowy charakter tego swetra. Pi\u0119kne, oryginalne b\u0142yskotki dodaj\u0105 smaku. Wymiary [&hellip;]<\/p>\n","protected":false},"featured_media":2884,"template":"","meta":[],"product_cat":[40,83,20],"product_tag":[],"woo-feed-brand":[],"acf":[],"yoast_head":"<!-- This site is optimized with the Yoast SEO plugin v19.14 - https:\/\/yoast.com\/wordpress\/plugins\/seo\/ -->\n<title>Sweter Blue Barcelona - Sylvia Dara<\/title>\n<meta name=\"robots\" content=\"index, follow, max-snippet:-1, max-image-preview:large, max-video-preview:-1\" \/>\n<link rel=\"canonical\" href=\"https:\/\/sylviadara.com\/produkt\/sweter-blue-barcelona-2\/\" \/>\n<meta property=\"og:locale\" content=\"en_US\" \/>\n<meta property=\"og:type\" content=\"article\" \/>\n<meta property=\"og:title\" content=\"Sweter Blue Barcelona - Sylvia Dara\" \/>\n<meta property=\"og:description\" content=\"Dost\u0119pny wariant aplikacji z pierwszego zdjecia w galerii. Jedyny i niepowtarzalny autorski, unikatowy wz\u00f3r, zrobiony w ca\u0142o\u015bci r\u0119cznie. Wspania\u0142y sk\u0142ad to po\u0142\u0105czenie mi\u0119kkiego kaszmiru, przewiewnej bawe\u0142ny i delikatnego moheru. Sweter dobrze si\u0119 pierze i suszy, nie odkszta\u0142ca si\u0119 i nie mechaci. Naszywane r\u0119cznie aplikacje tworz\u0105 wyj\u0105tkowy charakter tego swetra. Pi\u0119kne, oryginalne b\u0142yskotki dodaj\u0105 smaku. Wymiary [&hellip;]\" \/>\n<meta property=\"og:url\" content=\"https:\/\/sylviadara.com\/produkt\/sweter-blue-barcelona-2\/\" \/>\n<meta property=\"og:site_name\" content=\"Sylvia Dara\" \/>\n<meta property=\"article:modified_time\" content=\"2024-08-01T19:39:17+00:00\" \/>\n<meta property=\"og:image\" content=\"https:\/\/sylviadara.com\/wp-content\/uploads\/2022\/08\/20220809_140843-01-scaled.jpeg\" \/>\n\t<meta property=\"og:image:width\" content=\"1920\" \/>\n\t<meta property=\"og:image:height\" content=\"2560\" \/>\n\t<meta property=\"og:image:type\" content=\"image\/jpeg\" \/>\n<meta name=\"twitter:card\" content=\"summary_large_image\" \/>\n<script type=\"application\/ld+json\" class=\"yoast-schema-graph\">{\"@context\":\"https:\/\/schema.org\",\"@graph\":[{\"@type\":\"WebPage\",\"@id\":\"https:\/\/sylviadara.com\/produkt\/sweter-blue-barcelona-2\/\",\"url\":\"https:\/\/sylviadara.com\/produkt\/sweter-blue-barcelona-2\/\",\"name\":\"Sweter Blue Barcelona - Sylvia Dara\",\"isPartOf\":{\"@id\":\"https:\/\/sylviadara.com\/#website\"},\"datePublished\":\"2022-08-11T09:20:17+00:00\",\"dateModified\":\"2024-08-01T19:39:17+00:00\",\"breadcrumb\":{\"@id\":\"https:\/\/sylviadara.com\/produkt\/sweter-blue-barcelona-2\/#breadcrumb\"},\"inLanguage\":\"en-US\",\"potentialAction\":[{\"@type\":\"ReadAction\",\"target\":[\"https:\/\/sylviadara.com\/produkt\/sweter-blue-barcelona-2\/\"]}]},{\"@type\":\"BreadcrumbList\",\"@id\":\"https:\/\/sylviadara.com\/produkt\/sweter-blue-barcelona-2\/#breadcrumb\",\"itemListElement\":[{\"@type\":\"ListItem\",\"position\":1,\"name\":\"Strona g\u0142\u00f3wna\",\"item\":\"https:\/\/sylviadara.com\/en\/\"},{\"@type\":\"ListItem\",\"position\":2,\"name\":\"Shop\",\"item\":\"https:\/\/sylviadara.com\/en\/shop\/\"},{\"@type\":\"ListItem\",\"position\":3,\"name\":\"Sweter Blue Barcelona\"}]},{\"@type\":\"WebSite\",\"@id\":\"https:\/\/sylviadara.com\/#website\",\"url\":\"https:\/\/sylviadara.com\/\",\"name\":\"Sylvia Dara\",\"description\":\"sklep\",\"publisher\":{\"@id\":\"https:\/\/sylviadara.com\/#organization\"},\"potentialAction\":[{\"@type\":\"SearchAction\",\"target\":{\"@type\":\"EntryPoint\",\"urlTemplate\":\"https:\/\/sylviadara.com\/?s={search_term_string}\"},\"query-input\":\"required name=search_term_string\"}],\"inLanguage\":\"en-US\"},{\"@type\":\"Organization\",\"@id\":\"https:\/\/sylviadara.com\/#organization\",\"name\":\"Sylvia Dara\",\"url\":\"https:\/\/sylviadara.com\/\",\"logo\":{\"@type\":\"ImageObject\",\"inLanguage\":\"en-US\",\"@id\":\"https:\/\/sylviadara.com\/#\/schema\/logo\/image\/\",\"url\":\"https:\/\/sylviadara.com\/wp-content\/uploads\/2020\/08\/sylvia_dara_kolor_rgb_png.png\",\"contentUrl\":\"https:\/\/sylviadara.com\/wp-content\/uploads\/2020\/08\/sylvia_dara_kolor_rgb_png.png\",\"width\":580,\"height\":189,\"caption\":\"Sylvia Dara\"},\"image\":{\"@id\":\"https:\/\/sylviadara.com\/#\/schema\/logo\/image\/\"}}]}<\/script>\n<!-- \/ Yoast SEO plugin. -->","yoast_head_json":{"title":"Sweter Blue Barcelona - Sylvia Dara","robots":{"index":"index","follow":"follow","max-snippet":"max-snippet:-1","max-image-preview":"max-image-preview:large","max-video-preview":"max-video-preview:-1"},"canonical":"https:\/\/sylviadara.com\/produkt\/sweter-blue-barcelona-2\/","og_locale":"en_US","og_type":"article","og_title":"Sweter Blue Barcelona - Sylvia Dara","og_description":"Dost\u0119pny wariant aplikacji z pierwszego zdjecia w galerii. Jedyny i niepowtarzalny autorski, unikatowy wz\u00f3r, zrobiony w ca\u0142o\u015bci r\u0119cznie. Wspania\u0142y sk\u0142ad to po\u0142\u0105czenie mi\u0119kkiego kaszmiru, przewiewnej bawe\u0142ny i delikatnego moheru. Sweter dobrze si\u0119 pierze i suszy, nie odkszta\u0142ca si\u0119 i nie mechaci. Naszywane r\u0119cznie aplikacje tworz\u0105 wyj\u0105tkowy charakter tego swetra. Pi\u0119kne, oryginalne b\u0142yskotki dodaj\u0105 smaku. Wymiary [&hellip;]","og_url":"https:\/\/sylviadara.com\/produkt\/sweter-blue-barcelona-2\/","og_site_name":"Sylvia Dara","article_modified_time":"2024-08-01T19:39:17+00:00","og_image":[{"width":1920,"height":2560,"url":"https:\/\/sylviadara.com\/wp-content\/uploads\/2022\/08\/20220809_140843-01-scaled.jpeg","type":"image\/jpeg"}],"twitter_card":"summary_large_image","schema":{"@context":"https:\/\/schema.org","@graph":[{"@type":"WebPage","@id":"https:\/\/sylviadara.com\/produkt\/sweter-blue-barcelona-2\/","url":"https:\/\/sylviadara.com\/produkt\/sweter-blue-barcelona-2\/","name":"Sweter Blue Barcelona - Sylvia Dara","isPartOf":{"@id":"https:\/\/sylviadara.com\/#website"},"datePublished":"2022-08-11T09:20:17+00:00","dateModified":"2024-08-01T19:39:17+00:00","breadcrumb":{"@id":"https:\/\/sylviadara.com\/produkt\/sweter-blue-barcelona-2\/#breadcrumb"},"inLanguage":"en-US","potentialAction":[{"@type":"ReadAction","target":["https:\/\/sylviadara.com\/produkt\/sweter-blue-barcelona-2\/"]}]},{"@type":"BreadcrumbList","@id":"https:\/\/sylviadara.com\/produkt\/sweter-blue-barcelona-2\/#breadcrumb","itemListElement":[{"@type":"ListItem","position":1,"name":"Strona g\u0142\u00f3wna","item":"https:\/\/sylviadara.com\/en\/"},{"@type":"ListItem","position":2,"name":"Shop","item":"https:\/\/sylviadara.com\/en\/shop\/"},{"@type":"ListItem","position":3,"name":"Sweter Blue Barcelona"}]},{"@type":"WebSite","@id":"https:\/\/sylviadara.com\/#website","url":"https:\/\/sylviadara.com\/","name":"Sylvia Dara","description":"sklep","publisher":{"@id":"https:\/\/sylviadara.com\/#organization"},"potentialAction":[{"@type":"SearchAction","target":{"@type":"EntryPoint","urlTemplate":"https:\/\/sylviadara.com\/?s={search_term_string}"},"query-input":"required name=search_term_string"}],"inLanguage":"en-US"},{"@type":"Organization","@id":"https:\/\/sylviadara.com\/#organization","name":"Sylvia Dara","url":"https:\/\/sylviadara.com\/","logo":{"@type":"ImageObject","inLanguage":"en-US","@id":"https:\/\/sylviadara.com\/#\/schema\/logo\/image\/","url":"https:\/\/sylviadara.com\/wp-content\/uploads\/2020\/08\/sylvia_dara_kolor_rgb_png.png","contentUrl":"https:\/\/sylviadara.com\/wp-content\/uploads\/2020\/08\/sylvia_dara_kolor_rgb_png.png","width":580,"height":189,"caption":"Sylvia Dara"},"image":{"@id":"https:\/\/sylviadara.com\/#\/schema\/logo\/image\/"}}]}},"_links":{"self":[{"href":"https:\/\/sylviadara.com\/en\/wp-json\/wp\/v2\/product\/2883"}],"collection":[{"href":"https:\/\/sylviadara.com\/en\/wp-json\/wp\/v2\/product"}],"about":[{"href":"https:\/\/sylviadara.com\/en\/wp-json\/wp\/v2\/types\/product"}],"wp:featuredmedia":[{"embeddable":true,"href":"https:\/\/sylviadara.com\/en\/wp-json\/wp\/v2\/media\/2884"}],"wp:attachment":[{"href":"https:\/\/sylviadara.com\/en\/wp-json\/wp\/v2\/media?parent=2883"}],"wp:term":[{"taxonomy":"product_cat","embeddable":true,"href":"https:\/\/sylviadara.com\/en\/wp-json\/wp\/v2\/product_cat?post=2883"},{"taxonomy":"product_tag","embeddable":true,"href":"https:\/\/sylviadara.com\/en\/wp-json\/wp\/v2\/product_tag?post=2883"},{"taxonomy":"woo-feed-brand","embeddable":true,"href":"https:\/\/sylviadara.com\/en\/wp-json\/wp\/v2\/woo-feed-brand?post=2883"}],"curies":[{"name":"wp","href":"https:\/\/api.w.org\/{rel}","templated":true}]}}