{"id":2957,"date":"2022-09-30T18:13:48","date_gmt":"2022-09-30T18:13:48","guid":{"rendered":"https:\/\/sylviadara.com\/?post_type=product&#038;p=2957"},"modified":"2022-10-05T22:56:48","modified_gmt":"2022-10-05T22:56:48","slug":"sweter-porto-covo","status":"publish","type":"product","link":"https:\/\/sylviadara.com\/en\/produkt\/sweter-porto-covo\/","title":{"rendered":"Sweter Porto Covo  we\u0142na-alpaka-bawe\u0142na"},"content":{"rendered":"<p>Swobodny, oversizowy fason. Jedyny w swoim rodzaju, unikatowy. Zrobiony w 100% r\u0119cznie, na drutach w pi\u0119knych kolorach. Bardzo mi\u0119kki, przyjemny dla cia\u0142a, ciep\u0142y kardigan. Idealny dla os\u00f3b o bardzo wra\u017cliwej sk\u00f3rze, gdy\u017c nie podra\u017cnia i nie drapie.<br \/>\nO g\u0119stym splocie i autorskim, oryginalnym wzorze. Wykonany z mieszanki wysokiego gatunku szlachetnej w\u0142\u00f3czki. W\u0142\u00f3czka pochodzi z ma\u0142ej, rodzinnej prz\u0119dzalni z Danii.<br \/>\nSweter jest ciep\u0142y, ale oddycha. Nie mechaci si\u0119 i nie odkszta\u0142ca po praniu.<br \/>\nMieszanka we\u0142ny z merynos\u00f3w z alpak\u0105 i bawe\u0142n\u0105 nadaje wyj\u0105tkowej mi\u0119kko\u015bci i puszysto\u015bci.<br \/>\nEnergetyczny, stworzy wyj\u0105tkowe stylizacje.<br \/>\nProces wykonania tego swetra to 3 tyg. czasu. <\/p>\n<p><strong>Wersja oversize:<\/strong> <\/p>\n<ul>\n<li>szeroko\u015b\u0107 pod pachami 62cm<\/li>\n<li>d\u0142ugo\u015b\u0107 r\u0119kawa 63cm<\/li>\n<li>d\u0142ugo\u015b\u0107 ca\u0142kowita 74cm<\/li>\n<\/ul>\n","protected":false},"excerpt":{"rendered":"<p>Swobodny, oversizowy fason. Jedyny w swoim rodzaju, unikatowy. Zrobiony w 100% r\u0119cznie, na drutach w pi\u0119knych kolorach. Bardzo mi\u0119kki, przyjemny dla cia\u0142a, ciep\u0142y kardigan. Idealny dla os\u00f3b o bardzo wra\u017cliwej sk\u00f3rze, gdy\u017c nie podra\u017cnia i nie drapie. O g\u0119stym splocie i autorskim, oryginalnym wzorze. Wykonany z mieszanki wysokiego gatunku szlachetnej w\u0142\u00f3czki. W\u0142\u00f3czka pochodzi z ma\u0142ej, [&hellip;]<\/p>\n","protected":false},"featured_media":2960,"template":"","meta":[],"product_cat":[40,20],"product_tag":[],"woo-feed-brand":[],"acf":[],"yoast_head":"<!-- This site is optimized with the Yoast SEO plugin v19.14 - https:\/\/yoast.com\/wordpress\/plugins\/seo\/ -->\n<title>Sweter Porto Covo we\u0142na-alpaka-bawe\u0142na - Sylvia Dara<\/title>\n<meta name=\"robots\" content=\"index, follow, max-snippet:-1, max-image-preview:large, max-video-preview:-1\" \/>\n<link rel=\"canonical\" href=\"https:\/\/sylviadara.com\/produkt\/sweter-porto-covo\/\" \/>\n<meta property=\"og:locale\" content=\"en_US\" \/>\n<meta property=\"og:type\" content=\"article\" \/>\n<meta property=\"og:title\" content=\"Sweter Porto Covo we\u0142na-alpaka-bawe\u0142na - Sylvia Dara\" \/>\n<meta property=\"og:description\" content=\"Swobodny, oversizowy fason. Jedyny w swoim rodzaju, unikatowy. Zrobiony w 100% r\u0119cznie, na drutach w pi\u0119knych kolorach. Bardzo mi\u0119kki, przyjemny dla cia\u0142a, ciep\u0142y kardigan. Idealny dla os\u00f3b o bardzo wra\u017cliwej sk\u00f3rze, gdy\u017c nie podra\u017cnia i nie drapie. O g\u0119stym splocie i autorskim, oryginalnym wzorze. Wykonany z mieszanki wysokiego gatunku szlachetnej w\u0142\u00f3czki. W\u0142\u00f3czka pochodzi z ma\u0142ej, [&hellip;]\" \/>\n<meta property=\"og:url\" content=\"https:\/\/sylviadara.com\/produkt\/sweter-porto-covo\/\" \/>\n<meta property=\"og:site_name\" content=\"Sylvia Dara\" \/>\n<meta property=\"article:modified_time\" content=\"2022-10-05T22:56:48+00:00\" \/>\n<meta property=\"og:image\" content=\"https:\/\/sylviadara.com\/wp-content\/uploads\/2022\/09\/portoco-scaled.jpeg\" \/>\n\t<meta property=\"og:image:width\" content=\"1920\" \/>\n\t<meta property=\"og:image:height\" content=\"2560\" \/>\n\t<meta property=\"og:image:type\" content=\"image\/jpeg\" \/>\n<meta name=\"twitter:card\" content=\"summary_large_image\" \/>\n<script type=\"application\/ld+json\" class=\"yoast-schema-graph\">{\"@context\":\"https:\/\/schema.org\",\"@graph\":[{\"@type\":\"WebPage\",\"@id\":\"https:\/\/sylviadara.com\/produkt\/sweter-porto-covo\/\",\"url\":\"https:\/\/sylviadara.com\/produkt\/sweter-porto-covo\/\",\"name\":\"Sweter Porto Covo we\u0142na-alpaka-bawe\u0142na - Sylvia Dara\",\"isPartOf\":{\"@id\":\"https:\/\/sylviadara.com\/#website\"},\"datePublished\":\"2022-09-30T18:13:48+00:00\",\"dateModified\":\"2022-10-05T22:56:48+00:00\",\"breadcrumb\":{\"@id\":\"https:\/\/sylviadara.com\/produkt\/sweter-porto-covo\/#breadcrumb\"},\"inLanguage\":\"en-US\",\"potentialAction\":[{\"@type\":\"ReadAction\",\"target\":[\"https:\/\/sylviadara.com\/produkt\/sweter-porto-covo\/\"]}]},{\"@type\":\"BreadcrumbList\",\"@id\":\"https:\/\/sylviadara.com\/produkt\/sweter-porto-covo\/#breadcrumb\",\"itemListElement\":[{\"@type\":\"ListItem\",\"position\":1,\"name\":\"Strona g\u0142\u00f3wna\",\"item\":\"https:\/\/sylviadara.com\/en\/\"},{\"@type\":\"ListItem\",\"position\":2,\"name\":\"Shop\",\"item\":\"https:\/\/sylviadara.com\/en\/shop\/\"},{\"@type\":\"ListItem\",\"position\":3,\"name\":\"Sweter Porto Covo we\u0142na-alpaka-bawe\u0142na\"}]},{\"@type\":\"WebSite\",\"@id\":\"https:\/\/sylviadara.com\/#website\",\"url\":\"https:\/\/sylviadara.com\/\",\"name\":\"Sylvia Dara\",\"description\":\"sklep\",\"publisher\":{\"@id\":\"https:\/\/sylviadara.com\/#organization\"},\"potentialAction\":[{\"@type\":\"SearchAction\",\"target\":{\"@type\":\"EntryPoint\",\"urlTemplate\":\"https:\/\/sylviadara.com\/?s={search_term_string}\"},\"query-input\":\"required name=search_term_string\"}],\"inLanguage\":\"en-US\"},{\"@type\":\"Organization\",\"@id\":\"https:\/\/sylviadara.com\/#organization\",\"name\":\"Sylvia Dara\",\"url\":\"https:\/\/sylviadara.com\/\",\"logo\":{\"@type\":\"ImageObject\",\"inLanguage\":\"en-US\",\"@id\":\"https:\/\/sylviadara.com\/#\/schema\/logo\/image\/\",\"url\":\"https:\/\/sylviadara.com\/wp-content\/uploads\/2020\/08\/sylvia_dara_kolor_rgb_png.png\",\"contentUrl\":\"https:\/\/sylviadara.com\/wp-content\/uploads\/2020\/08\/sylvia_dara_kolor_rgb_png.png\",\"width\":580,\"height\":189,\"caption\":\"Sylvia Dara\"},\"image\":{\"@id\":\"https:\/\/sylviadara.com\/#\/schema\/logo\/image\/\"}}]}<\/script>\n<!-- \/ Yoast SEO plugin. -->","yoast_head_json":{"title":"Sweter Porto Covo we\u0142na-alpaka-bawe\u0142na - Sylvia Dara","robots":{"index":"index","follow":"follow","max-snippet":"max-snippet:-1","max-image-preview":"max-image-preview:large","max-video-preview":"max-video-preview:-1"},"canonical":"https:\/\/sylviadara.com\/produkt\/sweter-porto-covo\/","og_locale":"en_US","og_type":"article","og_title":"Sweter Porto Covo we\u0142na-alpaka-bawe\u0142na - Sylvia Dara","og_description":"Swobodny, oversizowy fason. Jedyny w swoim rodzaju, unikatowy. Zrobiony w 100% r\u0119cznie, na drutach w pi\u0119knych kolorach. Bardzo mi\u0119kki, przyjemny dla cia\u0142a, ciep\u0142y kardigan. Idealny dla os\u00f3b o bardzo wra\u017cliwej sk\u00f3rze, gdy\u017c nie podra\u017cnia i nie drapie. O g\u0119stym splocie i autorskim, oryginalnym wzorze. Wykonany z mieszanki wysokiego gatunku szlachetnej w\u0142\u00f3czki. W\u0142\u00f3czka pochodzi z ma\u0142ej, [&hellip;]","og_url":"https:\/\/sylviadara.com\/produkt\/sweter-porto-covo\/","og_site_name":"Sylvia Dara","article_modified_time":"2022-10-05T22:56:48+00:00","og_image":[{"width":1920,"height":2560,"url":"https:\/\/sylviadara.com\/wp-content\/uploads\/2022\/09\/portoco-scaled.jpeg","type":"image\/jpeg"}],"twitter_card":"summary_large_image","schema":{"@context":"https:\/\/schema.org","@graph":[{"@type":"WebPage","@id":"https:\/\/sylviadara.com\/produkt\/sweter-porto-covo\/","url":"https:\/\/sylviadara.com\/produkt\/sweter-porto-covo\/","name":"Sweter Porto Covo we\u0142na-alpaka-bawe\u0142na - Sylvia Dara","isPartOf":{"@id":"https:\/\/sylviadara.com\/#website"},"datePublished":"2022-09-30T18:13:48+00:00","dateModified":"2022-10-05T22:56:48+00:00","breadcrumb":{"@id":"https:\/\/sylviadara.com\/produkt\/sweter-porto-covo\/#breadcrumb"},"inLanguage":"en-US","potentialAction":[{"@type":"ReadAction","target":["https:\/\/sylviadara.com\/produkt\/sweter-porto-covo\/"]}]},{"@type":"BreadcrumbList","@id":"https:\/\/sylviadara.com\/produkt\/sweter-porto-covo\/#breadcrumb","itemListElement":[{"@type":"ListItem","position":1,"name":"Strona g\u0142\u00f3wna","item":"https:\/\/sylviadara.com\/en\/"},{"@type":"ListItem","position":2,"name":"Shop","item":"https:\/\/sylviadara.com\/en\/shop\/"},{"@type":"ListItem","position":3,"name":"Sweter Porto Covo we\u0142na-alpaka-bawe\u0142na"}]},{"@type":"WebSite","@id":"https:\/\/sylviadara.com\/#website","url":"https:\/\/sylviadara.com\/","name":"Sylvia Dara","description":"sklep","publisher":{"@id":"https:\/\/sylviadara.com\/#organization"},"potentialAction":[{"@type":"SearchAction","target":{"@type":"EntryPoint","urlTemplate":"https:\/\/sylviadara.com\/?s={search_term_string}"},"query-input":"required name=search_term_string"}],"inLanguage":"en-US"},{"@type":"Organization","@id":"https:\/\/sylviadara.com\/#organization","name":"Sylvia Dara","url":"https:\/\/sylviadara.com\/","logo":{"@type":"ImageObject","inLanguage":"en-US","@id":"https:\/\/sylviadara.com\/#\/schema\/logo\/image\/","url":"https:\/\/sylviadara.com\/wp-content\/uploads\/2020\/08\/sylvia_dara_kolor_rgb_png.png","contentUrl":"https:\/\/sylviadara.com\/wp-content\/uploads\/2020\/08\/sylvia_dara_kolor_rgb_png.png","width":580,"height":189,"caption":"Sylvia Dara"},"image":{"@id":"https:\/\/sylviadara.com\/#\/schema\/logo\/image\/"}}]}},"_links":{"self":[{"href":"https:\/\/sylviadara.com\/en\/wp-json\/wp\/v2\/product\/2957"}],"collection":[{"href":"https:\/\/sylviadara.com\/en\/wp-json\/wp\/v2\/product"}],"about":[{"href":"https:\/\/sylviadara.com\/en\/wp-json\/wp\/v2\/types\/product"}],"wp:featuredmedia":[{"embeddable":true,"href":"https:\/\/sylviadara.com\/en\/wp-json\/wp\/v2\/media\/2960"}],"wp:attachment":[{"href":"https:\/\/sylviadara.com\/en\/wp-json\/wp\/v2\/media?parent=2957"}],"wp:term":[{"taxonomy":"product_cat","embeddable":true,"href":"https:\/\/sylviadara.com\/en\/wp-json\/wp\/v2\/product_cat?post=2957"},{"taxonomy":"product_tag","embeddable":true,"href":"https:\/\/sylviadara.com\/en\/wp-json\/wp\/v2\/product_tag?post=2957"},{"taxonomy":"woo-feed-brand","embeddable":true,"href":"https:\/\/sylviadara.com\/en\/wp-json\/wp\/v2\/woo-feed-brand?post=2957"}],"curies":[{"name":"wp","href":"https:\/\/api.w.org\/{rel}","templated":true}]}}