{"id":3092,"date":"2022-11-15T17:12:35","date_gmt":"2022-11-15T17:12:35","guid":{"rendered":"https:\/\/sylviadara.com\/?post_type=product&#038;p=3092"},"modified":"2026-03-31T17:32:29","modified_gmt":"2026-03-31T17:32:29","slug":"sukienka-z-naturalnego-weluru-z-jedwabiem-santa-margherita","status":"publish","type":"product","link":"https:\/\/sylviadara.com\/en\/produkt\/sukienka-z-naturalnego-weluru-z-jedwabiem-santa-margherita\/","title":{"rendered":"Sukienka z naturalnego weluru z jedwabiem &#8211; SANTA MARGHERITA"},"content":{"rendered":"<p>Uszyta ze wyj\u0105tkowo pi\u0119knego, naturalnego weluru na bazie wiskozy i jedwabiu. Tkanina jest mi\u0119kka i zmys\u0142owa w dotyku,  ,,p\u0142ynie,, na sylwetce. Kobiecy fason z falban\u0105 i \u015blicznie uk\u0142adaj\u0105cymi si\u0119 r\u0119kawami.<br \/>\nSukienka w pasie na gumeczce, z delikatnym dekoltem V. Dope\u0142nieniem jest niesamowity, przecudny kolor g\u0142\u0119boki szafir z fio\u0142kiem.<br \/>\nIdealna na wszelkie okazje. <\/p>\n<p>Modelka ma na sobie rozmiar 36. Wysoko\u015b\u0107 modelki 179cm .<br \/>\n<strong>Wymiary mierzone na p\u0142asko:<\/strong><\/p>\n<ul>\n<li>Obw\u00f3d biustu 90-92cm<\/li>\n<li>Obw\u00f3d talii 70-72cm cm<\/li>\n<li>D\u0142ugo\u015b\u0107 r\u0119kawa 28cm cm<\/li>\n<li>D\u0142ugo\u015b\u0107 ca\u0142kowita przodu 113cm<\/li>\n<div style=\"width: 980px;\" class=\"wp-video\"><!--[if lt IE 9]><script>document.createElement('video');<\/script><![endif]-->\n<video class=\"wp-video-shortcode\" id=\"video-3092-1\" width=\"980\" height=\"551\" preload=\"metadata\" controls=\"controls\"><source type=\"video\/mp4\" src=\"https:\/\/sylviadara.com\/wp-content\/uploads\/2022\/11\/20221107_090444_001.mp4?_=1\" \/><a href=\"https:\/\/sylviadara.com\/wp-content\/uploads\/2022\/11\/20221107_090444_001.mp4\">https:\/\/sylviadara.com\/wp-content\/uploads\/2022\/11\/20221107_090444_001.mp4<\/a><\/video><\/div>\n","protected":false},"excerpt":{"rendered":"<p>Uszyta ze wyj\u0105tkowo pi\u0119knego, naturalnego weluru na bazie wiskozy i jedwabiu. Tkanina jest mi\u0119kka i zmys\u0142owa w dotyku, ,,p\u0142ynie,, na sylwetce. Kobiecy fason z falban\u0105 i \u015blicznie uk\u0142adaj\u0105cymi si\u0119 r\u0119kawami. Sukienka w pasie na gumeczce, z delikatnym dekoltem V. Dope\u0142nieniem jest niesamowity, przecudny kolor g\u0142\u0119boki szafir z fio\u0142kiem. Idealna na wszelkie okazje. Modelka ma na [&hellip;]<\/p>\n","protected":false},"featured_media":3226,"template":"","meta":[],"product_cat":[38,16],"product_tag":[],"woo-feed-brand":[],"acf":[],"yoast_head":"<!-- This site is optimized with the Yoast SEO plugin v19.14 - https:\/\/yoast.com\/wordpress\/plugins\/seo\/ -->\n<title>Sukienka z naturalnego weluru z jedwabiem - SANTA MARGHERITA - Sylvia Dara<\/title>\n<meta name=\"robots\" content=\"index, follow, max-snippet:-1, max-image-preview:large, max-video-preview:-1\" \/>\n<link rel=\"canonical\" href=\"https:\/\/sylviadara.com\/produkt\/sukienka-z-naturalnego-weluru-z-jedwabiem-santa-margherita\/\" \/>\n<meta property=\"og:locale\" content=\"en_US\" \/>\n<meta property=\"og:type\" content=\"article\" \/>\n<meta property=\"og:title\" content=\"Sukienka z naturalnego weluru z jedwabiem - SANTA MARGHERITA - Sylvia Dara\" \/>\n<meta property=\"og:description\" content=\"Uszyta ze wyj\u0105tkowo pi\u0119knego, naturalnego weluru na bazie wiskozy i jedwabiu. Tkanina jest mi\u0119kka i zmys\u0142owa w dotyku, ,,p\u0142ynie,, na sylwetce. Kobiecy fason z falban\u0105 i \u015blicznie uk\u0142adaj\u0105cymi si\u0119 r\u0119kawami. Sukienka w pasie na gumeczce, z delikatnym dekoltem V. Dope\u0142nieniem jest niesamowity, przecudny kolor g\u0142\u0119boki szafir z fio\u0142kiem. Idealna na wszelkie okazje. Modelka ma na [&hellip;]\" \/>\n<meta property=\"og:url\" content=\"https:\/\/sylviadara.com\/produkt\/sukienka-z-naturalnego-weluru-z-jedwabiem-santa-margherita\/\" \/>\n<meta property=\"og:site_name\" content=\"Sylvia Dara\" \/>\n<meta property=\"article:modified_time\" content=\"2026-03-31T17:32:29+00:00\" \/>\n<meta property=\"og:image\" content=\"https:\/\/sylviadara.com\/wp-content\/uploads\/2022\/11\/IMG_1528-kopia-2-1-scaled.jpg\" \/>\n\t<meta property=\"og:image:width\" content=\"1707\" \/>\n\t<meta property=\"og:image:height\" content=\"2560\" \/>\n\t<meta property=\"og:image:type\" content=\"image\/jpeg\" \/>\n<meta name=\"twitter:card\" content=\"summary_large_image\" \/>\n<script type=\"application\/ld+json\" class=\"yoast-schema-graph\">{\"@context\":\"https:\/\/schema.org\",\"@graph\":[{\"@type\":\"WebPage\",\"@id\":\"https:\/\/sylviadara.com\/produkt\/sukienka-z-naturalnego-weluru-z-jedwabiem-santa-margherita\/\",\"url\":\"https:\/\/sylviadara.com\/produkt\/sukienka-z-naturalnego-weluru-z-jedwabiem-santa-margherita\/\",\"name\":\"Sukienka z naturalnego weluru z jedwabiem - SANTA MARGHERITA - Sylvia Dara\",\"isPartOf\":{\"@id\":\"https:\/\/sylviadara.com\/#website\"},\"datePublished\":\"2022-11-15T17:12:35+00:00\",\"dateModified\":\"2026-03-31T17:32:29+00:00\",\"breadcrumb\":{\"@id\":\"https:\/\/sylviadara.com\/produkt\/sukienka-z-naturalnego-weluru-z-jedwabiem-santa-margherita\/#breadcrumb\"},\"inLanguage\":\"en-US\",\"potentialAction\":[{\"@type\":\"ReadAction\",\"target\":[\"https:\/\/sylviadara.com\/produkt\/sukienka-z-naturalnego-weluru-z-jedwabiem-santa-margherita\/\"]}]},{\"@type\":\"BreadcrumbList\",\"@id\":\"https:\/\/sylviadara.com\/produkt\/sukienka-z-naturalnego-weluru-z-jedwabiem-santa-margherita\/#breadcrumb\",\"itemListElement\":[{\"@type\":\"ListItem\",\"position\":1,\"name\":\"Strona g\u0142\u00f3wna\",\"item\":\"https:\/\/sylviadara.com\/en\/\"},{\"@type\":\"ListItem\",\"position\":2,\"name\":\"Shop\",\"item\":\"https:\/\/sylviadara.com\/en\/shop\/\"},{\"@type\":\"ListItem\",\"position\":3,\"name\":\"Sukienka z naturalnego weluru z jedwabiem &#8211; SANTA MARGHERITA\"}]},{\"@type\":\"WebSite\",\"@id\":\"https:\/\/sylviadara.com\/#website\",\"url\":\"https:\/\/sylviadara.com\/\",\"name\":\"Sylvia Dara\",\"description\":\"sklep\",\"publisher\":{\"@id\":\"https:\/\/sylviadara.com\/#organization\"},\"potentialAction\":[{\"@type\":\"SearchAction\",\"target\":{\"@type\":\"EntryPoint\",\"urlTemplate\":\"https:\/\/sylviadara.com\/?s={search_term_string}\"},\"query-input\":\"required name=search_term_string\"}],\"inLanguage\":\"en-US\"},{\"@type\":\"Organization\",\"@id\":\"https:\/\/sylviadara.com\/#organization\",\"name\":\"Sylvia Dara\",\"url\":\"https:\/\/sylviadara.com\/\",\"logo\":{\"@type\":\"ImageObject\",\"inLanguage\":\"en-US\",\"@id\":\"https:\/\/sylviadara.com\/#\/schema\/logo\/image\/\",\"url\":\"https:\/\/sylviadara.com\/wp-content\/uploads\/2020\/08\/sylvia_dara_kolor_rgb_png.png\",\"contentUrl\":\"https:\/\/sylviadara.com\/wp-content\/uploads\/2020\/08\/sylvia_dara_kolor_rgb_png.png\",\"width\":580,\"height\":189,\"caption\":\"Sylvia Dara\"},\"image\":{\"@id\":\"https:\/\/sylviadara.com\/#\/schema\/logo\/image\/\"}}]}<\/script>\n<!-- \/ Yoast SEO plugin. -->","yoast_head_json":{"title":"Sukienka z naturalnego weluru z jedwabiem - SANTA MARGHERITA - Sylvia Dara","robots":{"index":"index","follow":"follow","max-snippet":"max-snippet:-1","max-image-preview":"max-image-preview:large","max-video-preview":"max-video-preview:-1"},"canonical":"https:\/\/sylviadara.com\/produkt\/sukienka-z-naturalnego-weluru-z-jedwabiem-santa-margherita\/","og_locale":"en_US","og_type":"article","og_title":"Sukienka z naturalnego weluru z jedwabiem - SANTA MARGHERITA - Sylvia Dara","og_description":"Uszyta ze wyj\u0105tkowo pi\u0119knego, naturalnego weluru na bazie wiskozy i jedwabiu. Tkanina jest mi\u0119kka i zmys\u0142owa w dotyku, ,,p\u0142ynie,, na sylwetce. Kobiecy fason z falban\u0105 i \u015blicznie uk\u0142adaj\u0105cymi si\u0119 r\u0119kawami. Sukienka w pasie na gumeczce, z delikatnym dekoltem V. Dope\u0142nieniem jest niesamowity, przecudny kolor g\u0142\u0119boki szafir z fio\u0142kiem. Idealna na wszelkie okazje. Modelka ma na [&hellip;]","og_url":"https:\/\/sylviadara.com\/produkt\/sukienka-z-naturalnego-weluru-z-jedwabiem-santa-margherita\/","og_site_name":"Sylvia Dara","article_modified_time":"2026-03-31T17:32:29+00:00","og_image":[{"width":1707,"height":2560,"url":"https:\/\/sylviadara.com\/wp-content\/uploads\/2022\/11\/IMG_1528-kopia-2-1-scaled.jpg","type":"image\/jpeg"}],"twitter_card":"summary_large_image","schema":{"@context":"https:\/\/schema.org","@graph":[{"@type":"WebPage","@id":"https:\/\/sylviadara.com\/produkt\/sukienka-z-naturalnego-weluru-z-jedwabiem-santa-margherita\/","url":"https:\/\/sylviadara.com\/produkt\/sukienka-z-naturalnego-weluru-z-jedwabiem-santa-margherita\/","name":"Sukienka z naturalnego weluru z jedwabiem - SANTA MARGHERITA - Sylvia Dara","isPartOf":{"@id":"https:\/\/sylviadara.com\/#website"},"datePublished":"2022-11-15T17:12:35+00:00","dateModified":"2026-03-31T17:32:29+00:00","breadcrumb":{"@id":"https:\/\/sylviadara.com\/produkt\/sukienka-z-naturalnego-weluru-z-jedwabiem-santa-margherita\/#breadcrumb"},"inLanguage":"en-US","potentialAction":[{"@type":"ReadAction","target":["https:\/\/sylviadara.com\/produkt\/sukienka-z-naturalnego-weluru-z-jedwabiem-santa-margherita\/"]}]},{"@type":"BreadcrumbList","@id":"https:\/\/sylviadara.com\/produkt\/sukienka-z-naturalnego-weluru-z-jedwabiem-santa-margherita\/#breadcrumb","itemListElement":[{"@type":"ListItem","position":1,"name":"Strona g\u0142\u00f3wna","item":"https:\/\/sylviadara.com\/en\/"},{"@type":"ListItem","position":2,"name":"Shop","item":"https:\/\/sylviadara.com\/en\/shop\/"},{"@type":"ListItem","position":3,"name":"Sukienka z naturalnego weluru z jedwabiem &#8211; SANTA MARGHERITA"}]},{"@type":"WebSite","@id":"https:\/\/sylviadara.com\/#website","url":"https:\/\/sylviadara.com\/","name":"Sylvia Dara","description":"sklep","publisher":{"@id":"https:\/\/sylviadara.com\/#organization"},"potentialAction":[{"@type":"SearchAction","target":{"@type":"EntryPoint","urlTemplate":"https:\/\/sylviadara.com\/?s={search_term_string}"},"query-input":"required name=search_term_string"}],"inLanguage":"en-US"},{"@type":"Organization","@id":"https:\/\/sylviadara.com\/#organization","name":"Sylvia Dara","url":"https:\/\/sylviadara.com\/","logo":{"@type":"ImageObject","inLanguage":"en-US","@id":"https:\/\/sylviadara.com\/#\/schema\/logo\/image\/","url":"https:\/\/sylviadara.com\/wp-content\/uploads\/2020\/08\/sylvia_dara_kolor_rgb_png.png","contentUrl":"https:\/\/sylviadara.com\/wp-content\/uploads\/2020\/08\/sylvia_dara_kolor_rgb_png.png","width":580,"height":189,"caption":"Sylvia Dara"},"image":{"@id":"https:\/\/sylviadara.com\/#\/schema\/logo\/image\/"}}]}},"_links":{"self":[{"href":"https:\/\/sylviadara.com\/en\/wp-json\/wp\/v2\/product\/3092"}],"collection":[{"href":"https:\/\/sylviadara.com\/en\/wp-json\/wp\/v2\/product"}],"about":[{"href":"https:\/\/sylviadara.com\/en\/wp-json\/wp\/v2\/types\/product"}],"wp:featuredmedia":[{"embeddable":true,"href":"https:\/\/sylviadara.com\/en\/wp-json\/wp\/v2\/media\/3226"}],"wp:attachment":[{"href":"https:\/\/sylviadara.com\/en\/wp-json\/wp\/v2\/media?parent=3092"}],"wp:term":[{"taxonomy":"product_cat","embeddable":true,"href":"https:\/\/sylviadara.com\/en\/wp-json\/wp\/v2\/product_cat?post=3092"},{"taxonomy":"product_tag","embeddable":true,"href":"https:\/\/sylviadara.com\/en\/wp-json\/wp\/v2\/product_tag?post=3092"},{"taxonomy":"woo-feed-brand","embeddable":true,"href":"https:\/\/sylviadara.com\/en\/wp-json\/wp\/v2\/woo-feed-brand?post=3092"}],"curies":[{"name":"wp","href":"https:\/\/api.w.org\/{rel}","templated":true}]}}