{"id":3437,"date":"2023-02-15T19:37:54","date_gmt":"2023-02-15T19:37:54","guid":{"rendered":"https:\/\/sylviadara.com\/?post_type=product&#038;p=3437"},"modified":"2026-02-03T16:36:23","modified_gmt":"2026-02-03T16:36:23","slug":"sweter-peppina-capuccino","status":"publish","type":"product","link":"https:\/\/sylviadara.com\/en\/produkt\/sweter-peppina-capuccino\/","title":{"rendered":"Sweter z kaszmirem Peppina Capuccino"},"content":{"rendered":"<p>Termin realizacji 1-2 tyg.<br \/>\nB\u0105belkowy zawr\u00f3t g\u0142owy. W nowej, jeszcze bardziej mi\u0119kkiej i puszystej wersji. W po\u0142\u0105czeniu kaszmiru z bawe\u0142n\u0105, alpak\u0105 i jedwabiem. Ten wyj\u0105tkowy sk\u0142ad daje mu lekko\u015b\u0107, mi\u0119kko\u015b\u0107 i przewiewno\u015b\u0107.<br \/>\nNiesamowicie przyjemny i delikatny dla cia\u0142a. Idealny dla os\u00f3b o wra\u017cliwej, alergicznej sk\u00f3rze.<br \/>\nW pi\u0119knym, delikatnym kolorze capuccino. Wykonany w ca\u0142o\u015bci r\u0119cznie, g\u0119stym \u015bciegiem, na drutach.<br \/>\nSweterek nie mechaci si\u0119 i nie odkszta\u0142ca po praniu. W\u0142\u00f3czka jest bardzo dobra w u\u017cytkowaniu.<br \/>\nDost\u0119pne, nowe kolory: b\u0142\u0119kit, pudrowy r\u00f3\u017c, intensywny r\u00f3\u017c<\/p>\n<p>Dost\u0119pny rozmiar pasuje do sylwetki od S do L<br \/>\n<strong>Wymiary mierzone na p\u0142asko:<\/strong><\/p>\n<ul>\n<li>Szeroko\u015b\u0107 pod pachami: ok 56 cm<\/li>\n<li>D\u0142ugo\u015b\u0107 r\u0119kaw\u00f3w 61cm<\/li>\n<li>D\u0142ugo\u015b\u0107 ca\u0142kowita ok 61 cm<\/li>\n<\/ul>\n<div style=\"width: 980px;\" class=\"wp-video\"><!--[if lt IE 9]><script>document.createElement('video');<\/script><![endif]-->\n<video class=\"wp-video-shortcode\" id=\"video-3437-1\" width=\"980\" height=\"551\" preload=\"metadata\" controls=\"controls\"><source type=\"video\/mp4\" src=\"https:\/\/sylviadara.com\/wp-content\/uploads\/2023\/02\/20221107_133506_001.mp4?_=1\" \/><a href=\"https:\/\/sylviadara.com\/wp-content\/uploads\/2023\/02\/20221107_133506_001.mp4\">https:\/\/sylviadara.com\/wp-content\/uploads\/2023\/02\/20221107_133506_001.mp4<\/a><\/video><\/div>\n","protected":false},"excerpt":{"rendered":"<p>Termin realizacji 1-2 tyg. B\u0105belkowy zawr\u00f3t g\u0142owy. W nowej, jeszcze bardziej mi\u0119kkiej i puszystej wersji. W po\u0142\u0105czeniu kaszmiru z bawe\u0142n\u0105, alpak\u0105 i jedwabiem. Ten wyj\u0105tkowy sk\u0142ad daje mu lekko\u015b\u0107, mi\u0119kko\u015b\u0107 i przewiewno\u015b\u0107. Niesamowicie przyjemny i delikatny dla cia\u0142a. Idealny dla os\u00f3b o wra\u017cliwej, alergicznej sk\u00f3rze. W pi\u0119knym, delikatnym kolorze capuccino. Wykonany w ca\u0142o\u015bci r\u0119cznie, g\u0119stym [&hellip;]<\/p>\n","protected":false},"featured_media":3549,"template":"","meta":[],"product_cat":[80,40,20],"product_tag":[],"woo-feed-brand":[],"acf":[],"yoast_head":"<!-- This site is optimized with the Yoast SEO plugin v19.14 - https:\/\/yoast.com\/wordpress\/plugins\/seo\/ -->\n<title>Sweter z kaszmirem Peppina Capuccino - Sylvia Dara<\/title>\n<meta name=\"robots\" content=\"index, follow, max-snippet:-1, max-image-preview:large, max-video-preview:-1\" \/>\n<link rel=\"canonical\" href=\"https:\/\/sylviadara.com\/produkt\/sweter-peppina-capuccino\/\" \/>\n<meta property=\"og:locale\" content=\"en_US\" \/>\n<meta property=\"og:type\" content=\"article\" \/>\n<meta property=\"og:title\" content=\"Sweter z kaszmirem Peppina Capuccino - Sylvia Dara\" \/>\n<meta property=\"og:description\" content=\"Termin realizacji 1-2 tyg. B\u0105belkowy zawr\u00f3t g\u0142owy. W nowej, jeszcze bardziej mi\u0119kkiej i puszystej wersji. W po\u0142\u0105czeniu kaszmiru z bawe\u0142n\u0105, alpak\u0105 i jedwabiem. Ten wyj\u0105tkowy sk\u0142ad daje mu lekko\u015b\u0107, mi\u0119kko\u015b\u0107 i przewiewno\u015b\u0107. Niesamowicie przyjemny i delikatny dla cia\u0142a. Idealny dla os\u00f3b o wra\u017cliwej, alergicznej sk\u00f3rze. W pi\u0119knym, delikatnym kolorze capuccino. Wykonany w ca\u0142o\u015bci r\u0119cznie, g\u0119stym [&hellip;]\" \/>\n<meta property=\"og:url\" content=\"https:\/\/sylviadara.com\/produkt\/sweter-peppina-capuccino\/\" \/>\n<meta property=\"og:site_name\" content=\"Sylvia Dara\" \/>\n<meta property=\"article:modified_time\" content=\"2026-02-03T16:36:23+00:00\" \/>\n<meta property=\"og:image\" content=\"https:\/\/sylviadara.com\/wp-content\/uploads\/2023\/02\/DSC04422-scaled.jpg\" \/>\n\t<meta property=\"og:image:width\" content=\"1707\" \/>\n\t<meta property=\"og:image:height\" content=\"2560\" \/>\n\t<meta property=\"og:image:type\" content=\"image\/jpeg\" \/>\n<meta name=\"twitter:card\" content=\"summary_large_image\" \/>\n<script type=\"application\/ld+json\" class=\"yoast-schema-graph\">{\"@context\":\"https:\/\/schema.org\",\"@graph\":[{\"@type\":\"WebPage\",\"@id\":\"https:\/\/sylviadara.com\/produkt\/sweter-peppina-capuccino\/\",\"url\":\"https:\/\/sylviadara.com\/produkt\/sweter-peppina-capuccino\/\",\"name\":\"Sweter z kaszmirem Peppina Capuccino - Sylvia Dara\",\"isPartOf\":{\"@id\":\"https:\/\/sylviadara.com\/#website\"},\"datePublished\":\"2023-02-15T19:37:54+00:00\",\"dateModified\":\"2026-02-03T16:36:23+00:00\",\"breadcrumb\":{\"@id\":\"https:\/\/sylviadara.com\/produkt\/sweter-peppina-capuccino\/#breadcrumb\"},\"inLanguage\":\"en-US\",\"potentialAction\":[{\"@type\":\"ReadAction\",\"target\":[\"https:\/\/sylviadara.com\/produkt\/sweter-peppina-capuccino\/\"]}]},{\"@type\":\"BreadcrumbList\",\"@id\":\"https:\/\/sylviadara.com\/produkt\/sweter-peppina-capuccino\/#breadcrumb\",\"itemListElement\":[{\"@type\":\"ListItem\",\"position\":1,\"name\":\"Strona g\u0142\u00f3wna\",\"item\":\"https:\/\/sylviadara.com\/en\/\"},{\"@type\":\"ListItem\",\"position\":2,\"name\":\"Shop\",\"item\":\"https:\/\/sylviadara.com\/en\/shop\/\"},{\"@type\":\"ListItem\",\"position\":3,\"name\":\"Sweter z kaszmirem Peppina Capuccino\"}]},{\"@type\":\"WebSite\",\"@id\":\"https:\/\/sylviadara.com\/#website\",\"url\":\"https:\/\/sylviadara.com\/\",\"name\":\"Sylvia Dara\",\"description\":\"sklep\",\"publisher\":{\"@id\":\"https:\/\/sylviadara.com\/#organization\"},\"potentialAction\":[{\"@type\":\"SearchAction\",\"target\":{\"@type\":\"EntryPoint\",\"urlTemplate\":\"https:\/\/sylviadara.com\/?s={search_term_string}\"},\"query-input\":\"required name=search_term_string\"}],\"inLanguage\":\"en-US\"},{\"@type\":\"Organization\",\"@id\":\"https:\/\/sylviadara.com\/#organization\",\"name\":\"Sylvia Dara\",\"url\":\"https:\/\/sylviadara.com\/\",\"logo\":{\"@type\":\"ImageObject\",\"inLanguage\":\"en-US\",\"@id\":\"https:\/\/sylviadara.com\/#\/schema\/logo\/image\/\",\"url\":\"https:\/\/sylviadara.com\/wp-content\/uploads\/2020\/08\/sylvia_dara_kolor_rgb_png.png\",\"contentUrl\":\"https:\/\/sylviadara.com\/wp-content\/uploads\/2020\/08\/sylvia_dara_kolor_rgb_png.png\",\"width\":580,\"height\":189,\"caption\":\"Sylvia Dara\"},\"image\":{\"@id\":\"https:\/\/sylviadara.com\/#\/schema\/logo\/image\/\"}}]}<\/script>\n<!-- \/ Yoast SEO plugin. -->","yoast_head_json":{"title":"Sweter z kaszmirem Peppina Capuccino - Sylvia Dara","robots":{"index":"index","follow":"follow","max-snippet":"max-snippet:-1","max-image-preview":"max-image-preview:large","max-video-preview":"max-video-preview:-1"},"canonical":"https:\/\/sylviadara.com\/produkt\/sweter-peppina-capuccino\/","og_locale":"en_US","og_type":"article","og_title":"Sweter z kaszmirem Peppina Capuccino - Sylvia Dara","og_description":"Termin realizacji 1-2 tyg. B\u0105belkowy zawr\u00f3t g\u0142owy. W nowej, jeszcze bardziej mi\u0119kkiej i puszystej wersji. W po\u0142\u0105czeniu kaszmiru z bawe\u0142n\u0105, alpak\u0105 i jedwabiem. Ten wyj\u0105tkowy sk\u0142ad daje mu lekko\u015b\u0107, mi\u0119kko\u015b\u0107 i przewiewno\u015b\u0107. Niesamowicie przyjemny i delikatny dla cia\u0142a. Idealny dla os\u00f3b o wra\u017cliwej, alergicznej sk\u00f3rze. W pi\u0119knym, delikatnym kolorze capuccino. Wykonany w ca\u0142o\u015bci r\u0119cznie, g\u0119stym [&hellip;]","og_url":"https:\/\/sylviadara.com\/produkt\/sweter-peppina-capuccino\/","og_site_name":"Sylvia Dara","article_modified_time":"2026-02-03T16:36:23+00:00","og_image":[{"width":1707,"height":2560,"url":"https:\/\/sylviadara.com\/wp-content\/uploads\/2023\/02\/DSC04422-scaled.jpg","type":"image\/jpeg"}],"twitter_card":"summary_large_image","schema":{"@context":"https:\/\/schema.org","@graph":[{"@type":"WebPage","@id":"https:\/\/sylviadara.com\/produkt\/sweter-peppina-capuccino\/","url":"https:\/\/sylviadara.com\/produkt\/sweter-peppina-capuccino\/","name":"Sweter z kaszmirem Peppina Capuccino - Sylvia Dara","isPartOf":{"@id":"https:\/\/sylviadara.com\/#website"},"datePublished":"2023-02-15T19:37:54+00:00","dateModified":"2026-02-03T16:36:23+00:00","breadcrumb":{"@id":"https:\/\/sylviadara.com\/produkt\/sweter-peppina-capuccino\/#breadcrumb"},"inLanguage":"en-US","potentialAction":[{"@type":"ReadAction","target":["https:\/\/sylviadara.com\/produkt\/sweter-peppina-capuccino\/"]}]},{"@type":"BreadcrumbList","@id":"https:\/\/sylviadara.com\/produkt\/sweter-peppina-capuccino\/#breadcrumb","itemListElement":[{"@type":"ListItem","position":1,"name":"Strona g\u0142\u00f3wna","item":"https:\/\/sylviadara.com\/en\/"},{"@type":"ListItem","position":2,"name":"Shop","item":"https:\/\/sylviadara.com\/en\/shop\/"},{"@type":"ListItem","position":3,"name":"Sweter z kaszmirem Peppina Capuccino"}]},{"@type":"WebSite","@id":"https:\/\/sylviadara.com\/#website","url":"https:\/\/sylviadara.com\/","name":"Sylvia Dara","description":"sklep","publisher":{"@id":"https:\/\/sylviadara.com\/#organization"},"potentialAction":[{"@type":"SearchAction","target":{"@type":"EntryPoint","urlTemplate":"https:\/\/sylviadara.com\/?s={search_term_string}"},"query-input":"required name=search_term_string"}],"inLanguage":"en-US"},{"@type":"Organization","@id":"https:\/\/sylviadara.com\/#organization","name":"Sylvia Dara","url":"https:\/\/sylviadara.com\/","logo":{"@type":"ImageObject","inLanguage":"en-US","@id":"https:\/\/sylviadara.com\/#\/schema\/logo\/image\/","url":"https:\/\/sylviadara.com\/wp-content\/uploads\/2020\/08\/sylvia_dara_kolor_rgb_png.png","contentUrl":"https:\/\/sylviadara.com\/wp-content\/uploads\/2020\/08\/sylvia_dara_kolor_rgb_png.png","width":580,"height":189,"caption":"Sylvia Dara"},"image":{"@id":"https:\/\/sylviadara.com\/#\/schema\/logo\/image\/"}}]}},"_links":{"self":[{"href":"https:\/\/sylviadara.com\/en\/wp-json\/wp\/v2\/product\/3437"}],"collection":[{"href":"https:\/\/sylviadara.com\/en\/wp-json\/wp\/v2\/product"}],"about":[{"href":"https:\/\/sylviadara.com\/en\/wp-json\/wp\/v2\/types\/product"}],"wp:featuredmedia":[{"embeddable":true,"href":"https:\/\/sylviadara.com\/en\/wp-json\/wp\/v2\/media\/3549"}],"wp:attachment":[{"href":"https:\/\/sylviadara.com\/en\/wp-json\/wp\/v2\/media?parent=3437"}],"wp:term":[{"taxonomy":"product_cat","embeddable":true,"href":"https:\/\/sylviadara.com\/en\/wp-json\/wp\/v2\/product_cat?post=3437"},{"taxonomy":"product_tag","embeddable":true,"href":"https:\/\/sylviadara.com\/en\/wp-json\/wp\/v2\/product_tag?post=3437"},{"taxonomy":"woo-feed-brand","embeddable":true,"href":"https:\/\/sylviadara.com\/en\/wp-json\/wp\/v2\/woo-feed-brand?post=3437"}],"curies":[{"name":"wp","href":"https:\/\/api.w.org\/{rel}","templated":true}]}}