{"id":3464,"date":"2023-03-20T23:33:56","date_gmt":"2023-03-20T23:33:56","guid":{"rendered":"https:\/\/sylviadara.com\/?post_type=product&#038;p=3464"},"modified":"2023-04-25T20:14:06","modified_gmt":"2023-04-25T20:14:06","slug":"sweterek-crema-catalana","status":"publish","type":"product","link":"https:\/\/sylviadara.com\/en\/produkt\/sweterek-crema-catalana\/","title":{"rendered":"Sweterek CREMA CATALANA"},"content":{"rendered":"<p>Delikatny i romantyczny. Lekki jak mgie\u0142ka, mi\u0119ciutki i przewiewny. Otula cia\u0142o pastelowymi kolorami katalo\u0144skiego kremu i smacznych lod\u00f3w. Wykonany r\u0119cznie na drutach z hiszpa\u0144skiego, delikatnego moherku<br \/>\nz dodatkiem jedwabiu.<br \/>\nDope\u0142nieniem s\u0105 subtelne bi\u017cuteryjne guziki. Idealny na ciep\u0142\u0105 wiosn\u0119 i letnie wieczory.<br \/>\nW\u0142\u00f3czka jest delikatna, niegryz\u0105ca. Bardzo dobrze si\u0119 u\u017cytkuje, nie mechaci ( instrukcja prania jest do\u0142\u0105czona do swetra) <\/p>\n<p>Dost\u0119pny w dw\u00f3ch rozmiarze M\/L<br \/>\nNa zdj\u0119ciu modelka ma na sobie rozmiar S<br \/>\n<strong>Wymiary mierzone na p\u0142asko dla M\/L:<\/strong><br \/>\nRozmiar M-L:<\/p>\n<li>Szeroko\u015b\u0107 pod pachami: ok 55cm<\/li>\n<li>D\u0142ugo\u015b\u0107 r\u0119kaw\u00f3w 61cm<\/li>\n<li>D\u0142ugo\u015b\u0107 ca\u0142kowita ok 56cm<\/li>\n","protected":false},"excerpt":{"rendered":"<p>Delikatny i romantyczny. Lekki jak mgie\u0142ka, mi\u0119ciutki i przewiewny. Otula cia\u0142o pastelowymi kolorami katalo\u0144skiego kremu i smacznych lod\u00f3w. Wykonany r\u0119cznie na drutach z hiszpa\u0144skiego, delikatnego moherku z dodatkiem jedwabiu. Dope\u0142nieniem s\u0105 subtelne bi\u017cuteryjne guziki. Idealny na ciep\u0142\u0105 wiosn\u0119 i letnie wieczory. W\u0142\u00f3czka jest delikatna, niegryz\u0105ca. Bardzo dobrze si\u0119 u\u017cytkuje, nie mechaci ( instrukcja prania jest [&hellip;]<\/p>\n","protected":false},"featured_media":3521,"template":"","meta":[],"product_cat":[80,40,20],"product_tag":[],"woo-feed-brand":[],"acf":[],"yoast_head":"<!-- This site is optimized with the Yoast SEO plugin v19.14 - https:\/\/yoast.com\/wordpress\/plugins\/seo\/ -->\n<title>Sweterek CREMA CATALANA - Sylvia Dara<\/title>\n<meta name=\"robots\" content=\"index, follow, max-snippet:-1, max-image-preview:large, max-video-preview:-1\" \/>\n<link rel=\"canonical\" href=\"https:\/\/sylviadara.com\/produkt\/sweterek-crema-catalana\/\" \/>\n<meta property=\"og:locale\" content=\"en_US\" \/>\n<meta property=\"og:type\" content=\"article\" \/>\n<meta property=\"og:title\" content=\"Sweterek CREMA CATALANA - Sylvia Dara\" \/>\n<meta property=\"og:description\" content=\"Delikatny i romantyczny. Lekki jak mgie\u0142ka, mi\u0119ciutki i przewiewny. Otula cia\u0142o pastelowymi kolorami katalo\u0144skiego kremu i smacznych lod\u00f3w. Wykonany r\u0119cznie na drutach z hiszpa\u0144skiego, delikatnego moherku z dodatkiem jedwabiu. Dope\u0142nieniem s\u0105 subtelne bi\u017cuteryjne guziki. Idealny na ciep\u0142\u0105 wiosn\u0119 i letnie wieczory. W\u0142\u00f3czka jest delikatna, niegryz\u0105ca. Bardzo dobrze si\u0119 u\u017cytkuje, nie mechaci ( instrukcja prania jest [&hellip;]\" \/>\n<meta property=\"og:url\" content=\"https:\/\/sylviadara.com\/produkt\/sweterek-crema-catalana\/\" \/>\n<meta property=\"og:site_name\" content=\"Sylvia Dara\" \/>\n<meta property=\"article:modified_time\" content=\"2023-04-25T20:14:06+00:00\" \/>\n<meta property=\"og:image\" content=\"https:\/\/sylviadara.com\/wp-content\/uploads\/2023\/03\/DSC04866-scaled.jpg\" \/>\n\t<meta property=\"og:image:width\" content=\"1729\" \/>\n\t<meta property=\"og:image:height\" content=\"2560\" \/>\n\t<meta property=\"og:image:type\" content=\"image\/jpeg\" \/>\n<meta name=\"twitter:card\" content=\"summary_large_image\" \/>\n<script type=\"application\/ld+json\" class=\"yoast-schema-graph\">{\"@context\":\"https:\/\/schema.org\",\"@graph\":[{\"@type\":\"WebPage\",\"@id\":\"https:\/\/sylviadara.com\/produkt\/sweterek-crema-catalana\/\",\"url\":\"https:\/\/sylviadara.com\/produkt\/sweterek-crema-catalana\/\",\"name\":\"Sweterek CREMA CATALANA - Sylvia Dara\",\"isPartOf\":{\"@id\":\"https:\/\/sylviadara.com\/#website\"},\"datePublished\":\"2023-03-20T23:33:56+00:00\",\"dateModified\":\"2023-04-25T20:14:06+00:00\",\"breadcrumb\":{\"@id\":\"https:\/\/sylviadara.com\/produkt\/sweterek-crema-catalana\/#breadcrumb\"},\"inLanguage\":\"en-US\",\"potentialAction\":[{\"@type\":\"ReadAction\",\"target\":[\"https:\/\/sylviadara.com\/produkt\/sweterek-crema-catalana\/\"]}]},{\"@type\":\"BreadcrumbList\",\"@id\":\"https:\/\/sylviadara.com\/produkt\/sweterek-crema-catalana\/#breadcrumb\",\"itemListElement\":[{\"@type\":\"ListItem\",\"position\":1,\"name\":\"Strona g\u0142\u00f3wna\",\"item\":\"https:\/\/sylviadara.com\/en\/\"},{\"@type\":\"ListItem\",\"position\":2,\"name\":\"Shop\",\"item\":\"https:\/\/sylviadara.com\/en\/shop\/\"},{\"@type\":\"ListItem\",\"position\":3,\"name\":\"Sweterek CREMA CATALANA\"}]},{\"@type\":\"WebSite\",\"@id\":\"https:\/\/sylviadara.com\/#website\",\"url\":\"https:\/\/sylviadara.com\/\",\"name\":\"Sylvia Dara\",\"description\":\"sklep\",\"publisher\":{\"@id\":\"https:\/\/sylviadara.com\/#organization\"},\"potentialAction\":[{\"@type\":\"SearchAction\",\"target\":{\"@type\":\"EntryPoint\",\"urlTemplate\":\"https:\/\/sylviadara.com\/?s={search_term_string}\"},\"query-input\":\"required name=search_term_string\"}],\"inLanguage\":\"en-US\"},{\"@type\":\"Organization\",\"@id\":\"https:\/\/sylviadara.com\/#organization\",\"name\":\"Sylvia Dara\",\"url\":\"https:\/\/sylviadara.com\/\",\"logo\":{\"@type\":\"ImageObject\",\"inLanguage\":\"en-US\",\"@id\":\"https:\/\/sylviadara.com\/#\/schema\/logo\/image\/\",\"url\":\"https:\/\/sylviadara.com\/wp-content\/uploads\/2020\/08\/sylvia_dara_kolor_rgb_png.png\",\"contentUrl\":\"https:\/\/sylviadara.com\/wp-content\/uploads\/2020\/08\/sylvia_dara_kolor_rgb_png.png\",\"width\":580,\"height\":189,\"caption\":\"Sylvia Dara\"},\"image\":{\"@id\":\"https:\/\/sylviadara.com\/#\/schema\/logo\/image\/\"}}]}<\/script>\n<!-- \/ Yoast SEO plugin. -->","yoast_head_json":{"title":"Sweterek CREMA CATALANA - Sylvia Dara","robots":{"index":"index","follow":"follow","max-snippet":"max-snippet:-1","max-image-preview":"max-image-preview:large","max-video-preview":"max-video-preview:-1"},"canonical":"https:\/\/sylviadara.com\/produkt\/sweterek-crema-catalana\/","og_locale":"en_US","og_type":"article","og_title":"Sweterek CREMA CATALANA - Sylvia Dara","og_description":"Delikatny i romantyczny. Lekki jak mgie\u0142ka, mi\u0119ciutki i przewiewny. Otula cia\u0142o pastelowymi kolorami katalo\u0144skiego kremu i smacznych lod\u00f3w. Wykonany r\u0119cznie na drutach z hiszpa\u0144skiego, delikatnego moherku z dodatkiem jedwabiu. Dope\u0142nieniem s\u0105 subtelne bi\u017cuteryjne guziki. Idealny na ciep\u0142\u0105 wiosn\u0119 i letnie wieczory. W\u0142\u00f3czka jest delikatna, niegryz\u0105ca. Bardzo dobrze si\u0119 u\u017cytkuje, nie mechaci ( instrukcja prania jest [&hellip;]","og_url":"https:\/\/sylviadara.com\/produkt\/sweterek-crema-catalana\/","og_site_name":"Sylvia Dara","article_modified_time":"2023-04-25T20:14:06+00:00","og_image":[{"width":1729,"height":2560,"url":"https:\/\/sylviadara.com\/wp-content\/uploads\/2023\/03\/DSC04866-scaled.jpg","type":"image\/jpeg"}],"twitter_card":"summary_large_image","schema":{"@context":"https:\/\/schema.org","@graph":[{"@type":"WebPage","@id":"https:\/\/sylviadara.com\/produkt\/sweterek-crema-catalana\/","url":"https:\/\/sylviadara.com\/produkt\/sweterek-crema-catalana\/","name":"Sweterek CREMA CATALANA - Sylvia Dara","isPartOf":{"@id":"https:\/\/sylviadara.com\/#website"},"datePublished":"2023-03-20T23:33:56+00:00","dateModified":"2023-04-25T20:14:06+00:00","breadcrumb":{"@id":"https:\/\/sylviadara.com\/produkt\/sweterek-crema-catalana\/#breadcrumb"},"inLanguage":"en-US","potentialAction":[{"@type":"ReadAction","target":["https:\/\/sylviadara.com\/produkt\/sweterek-crema-catalana\/"]}]},{"@type":"BreadcrumbList","@id":"https:\/\/sylviadara.com\/produkt\/sweterek-crema-catalana\/#breadcrumb","itemListElement":[{"@type":"ListItem","position":1,"name":"Strona g\u0142\u00f3wna","item":"https:\/\/sylviadara.com\/en\/"},{"@type":"ListItem","position":2,"name":"Shop","item":"https:\/\/sylviadara.com\/en\/shop\/"},{"@type":"ListItem","position":3,"name":"Sweterek CREMA CATALANA"}]},{"@type":"WebSite","@id":"https:\/\/sylviadara.com\/#website","url":"https:\/\/sylviadara.com\/","name":"Sylvia Dara","description":"sklep","publisher":{"@id":"https:\/\/sylviadara.com\/#organization"},"potentialAction":[{"@type":"SearchAction","target":{"@type":"EntryPoint","urlTemplate":"https:\/\/sylviadara.com\/?s={search_term_string}"},"query-input":"required name=search_term_string"}],"inLanguage":"en-US"},{"@type":"Organization","@id":"https:\/\/sylviadara.com\/#organization","name":"Sylvia Dara","url":"https:\/\/sylviadara.com\/","logo":{"@type":"ImageObject","inLanguage":"en-US","@id":"https:\/\/sylviadara.com\/#\/schema\/logo\/image\/","url":"https:\/\/sylviadara.com\/wp-content\/uploads\/2020\/08\/sylvia_dara_kolor_rgb_png.png","contentUrl":"https:\/\/sylviadara.com\/wp-content\/uploads\/2020\/08\/sylvia_dara_kolor_rgb_png.png","width":580,"height":189,"caption":"Sylvia Dara"},"image":{"@id":"https:\/\/sylviadara.com\/#\/schema\/logo\/image\/"}}]}},"_links":{"self":[{"href":"https:\/\/sylviadara.com\/en\/wp-json\/wp\/v2\/product\/3464"}],"collection":[{"href":"https:\/\/sylviadara.com\/en\/wp-json\/wp\/v2\/product"}],"about":[{"href":"https:\/\/sylviadara.com\/en\/wp-json\/wp\/v2\/types\/product"}],"wp:featuredmedia":[{"embeddable":true,"href":"https:\/\/sylviadara.com\/en\/wp-json\/wp\/v2\/media\/3521"}],"wp:attachment":[{"href":"https:\/\/sylviadara.com\/en\/wp-json\/wp\/v2\/media?parent=3464"}],"wp:term":[{"taxonomy":"product_cat","embeddable":true,"href":"https:\/\/sylviadara.com\/en\/wp-json\/wp\/v2\/product_cat?post=3464"},{"taxonomy":"product_tag","embeddable":true,"href":"https:\/\/sylviadara.com\/en\/wp-json\/wp\/v2\/product_tag?post=3464"},{"taxonomy":"woo-feed-brand","embeddable":true,"href":"https:\/\/sylviadara.com\/en\/wp-json\/wp\/v2\/woo-feed-brand?post=3464"}],"curies":[{"name":"wp","href":"https:\/\/api.w.org\/{rel}","templated":true}]}}