{"id":3469,"date":"2023-03-21T10:32:57","date_gmt":"2023-03-21T10:32:57","guid":{"rendered":"https:\/\/sylviadara.com\/?post_type=product&#038;p=3469"},"modified":"2024-12-14T09:21:35","modified_gmt":"2024-12-14T09:21:35","slug":"sweterek-moherowy-suzette","status":"publish","type":"product","link":"https:\/\/sylviadara.com\/en\/produkt\/sweterek-moherowy-suzette\/","title":{"rendered":"Sweterek moherowy SUZETTE"},"content":{"rendered":"<p>DOST\u0118PNY WARIANT Z \u017b\u00d3\u0141TYM PASKIEM W BUTIKU THANKYOUPOP W WARSZAWIE<br \/>\nDelikatny jak mgie\u0142ka, mi\u0119kki i przewiewny. W energetycznym, owocowym kolorze.<br \/>\nPuszysty, lekki sweterek idealny na sezon wiosenno-letni. Sweterek wykonany jest 100% r\u0119cznie na drutach<br \/>\nwg. autorskiego projektu. Zrobiony z bardzo dobrego gatunku delikatnego oryginalnego moherku sprowadzonego<br \/>\nz Francji.<br \/>\nOzdobiony \u015blicznymi, bi\u017cuteryjnymi guziczkami.<br \/>\nW\u0142\u00f3czka jest delikatna, niegryz\u0105ca. Bardzo dobrze si\u0119 u\u017cytkuje, nie mechaci i nie wyci\u0105ga po praniu ( instrukcja prania jest do\u0142\u0105czona do swetra) <\/p>\n<p>Dost\u0119pny rozmiar pasuje do sylwetki od S do L<br \/>\n<strong>Wymiary mierzone na p\u0142asko:<\/strong><\/p>\n<ul>\n<li>Szeroko\u015b\u0107 pod pachami: 56cm<\/li>\n<li>D\u0142ugo\u015b\u0107 r\u0119kaw\u00f3w 35cm<\/li>\n<li>D\u0142ugo\u015b\u0107 ca\u0142kowita ok 50cm<\/li>\n","protected":false},"excerpt":{"rendered":"<p>DOST\u0118PNY WARIANT Z \u017b\u00d3\u0141TYM PASKIEM W BUTIKU THANKYOUPOP W WARSZAWIE Delikatny jak mgie\u0142ka, mi\u0119kki i przewiewny. W energetycznym, owocowym kolorze. Puszysty, lekki sweterek idealny na sezon wiosenno-letni. Sweterek wykonany jest 100% r\u0119cznie na drutach wg. autorskiego projektu. Zrobiony z bardzo dobrego gatunku delikatnego oryginalnego moherku sprowadzonego z Francji. Ozdobiony \u015blicznymi, bi\u017cuteryjnymi guziczkami. W\u0142\u00f3czka jest delikatna, [&hellip;]<\/p>\n","protected":false},"featured_media":3471,"template":"","meta":[],"product_cat":[80,40,20],"product_tag":[],"woo-feed-brand":[],"acf":[],"yoast_head":"<!-- This site is optimized with the Yoast SEO plugin v19.14 - https:\/\/yoast.com\/wordpress\/plugins\/seo\/ -->\n<title>Sweterek moherowy SUZETTE - Sylvia Dara<\/title>\n<meta name=\"robots\" content=\"index, follow, max-snippet:-1, max-image-preview:large, max-video-preview:-1\" \/>\n<link rel=\"canonical\" href=\"https:\/\/sylviadara.com\/produkt\/sweterek-moherowy-suzette\/\" \/>\n<meta property=\"og:locale\" content=\"en_US\" \/>\n<meta property=\"og:type\" content=\"article\" \/>\n<meta property=\"og:title\" content=\"Sweterek moherowy SUZETTE - Sylvia Dara\" \/>\n<meta property=\"og:description\" content=\"DOST\u0118PNY WARIANT Z \u017b\u00d3\u0141TYM PASKIEM W BUTIKU THANKYOUPOP W WARSZAWIE Delikatny jak mgie\u0142ka, mi\u0119kki i przewiewny. W energetycznym, owocowym kolorze. Puszysty, lekki sweterek idealny na sezon wiosenno-letni. Sweterek wykonany jest 100% r\u0119cznie na drutach wg. autorskiego projektu. Zrobiony z bardzo dobrego gatunku delikatnego oryginalnego moherku sprowadzonego z Francji. Ozdobiony \u015blicznymi, bi\u017cuteryjnymi guziczkami. W\u0142\u00f3czka jest delikatna, [&hellip;]\" \/>\n<meta property=\"og:url\" content=\"https:\/\/sylviadara.com\/produkt\/sweterek-moherowy-suzette\/\" \/>\n<meta property=\"og:site_name\" content=\"Sylvia Dara\" \/>\n<meta property=\"article:modified_time\" content=\"2024-12-14T09:21:35+00:00\" \/>\n<meta property=\"og:image\" content=\"https:\/\/sylviadara.com\/wp-content\/uploads\/2023\/03\/20230225_101254-01-scaled.jpeg\" \/>\n\t<meta property=\"og:image:width\" content=\"1920\" \/>\n\t<meta property=\"og:image:height\" content=\"2560\" \/>\n\t<meta property=\"og:image:type\" content=\"image\/jpeg\" \/>\n<meta name=\"twitter:card\" content=\"summary_large_image\" \/>\n<script type=\"application\/ld+json\" class=\"yoast-schema-graph\">{\"@context\":\"https:\/\/schema.org\",\"@graph\":[{\"@type\":\"WebPage\",\"@id\":\"https:\/\/sylviadara.com\/produkt\/sweterek-moherowy-suzette\/\",\"url\":\"https:\/\/sylviadara.com\/produkt\/sweterek-moherowy-suzette\/\",\"name\":\"Sweterek moherowy SUZETTE - Sylvia Dara\",\"isPartOf\":{\"@id\":\"https:\/\/sylviadara.com\/#website\"},\"datePublished\":\"2023-03-21T10:32:57+00:00\",\"dateModified\":\"2024-12-14T09:21:35+00:00\",\"breadcrumb\":{\"@id\":\"https:\/\/sylviadara.com\/produkt\/sweterek-moherowy-suzette\/#breadcrumb\"},\"inLanguage\":\"en-US\",\"potentialAction\":[{\"@type\":\"ReadAction\",\"target\":[\"https:\/\/sylviadara.com\/produkt\/sweterek-moherowy-suzette\/\"]}]},{\"@type\":\"BreadcrumbList\",\"@id\":\"https:\/\/sylviadara.com\/produkt\/sweterek-moherowy-suzette\/#breadcrumb\",\"itemListElement\":[{\"@type\":\"ListItem\",\"position\":1,\"name\":\"Strona g\u0142\u00f3wna\",\"item\":\"https:\/\/sylviadara.com\/en\/\"},{\"@type\":\"ListItem\",\"position\":2,\"name\":\"Shop\",\"item\":\"https:\/\/sylviadara.com\/en\/shop\/\"},{\"@type\":\"ListItem\",\"position\":3,\"name\":\"Sweterek moherowy SUZETTE\"}]},{\"@type\":\"WebSite\",\"@id\":\"https:\/\/sylviadara.com\/#website\",\"url\":\"https:\/\/sylviadara.com\/\",\"name\":\"Sylvia Dara\",\"description\":\"sklep\",\"publisher\":{\"@id\":\"https:\/\/sylviadara.com\/#organization\"},\"potentialAction\":[{\"@type\":\"SearchAction\",\"target\":{\"@type\":\"EntryPoint\",\"urlTemplate\":\"https:\/\/sylviadara.com\/?s={search_term_string}\"},\"query-input\":\"required name=search_term_string\"}],\"inLanguage\":\"en-US\"},{\"@type\":\"Organization\",\"@id\":\"https:\/\/sylviadara.com\/#organization\",\"name\":\"Sylvia Dara\",\"url\":\"https:\/\/sylviadara.com\/\",\"logo\":{\"@type\":\"ImageObject\",\"inLanguage\":\"en-US\",\"@id\":\"https:\/\/sylviadara.com\/#\/schema\/logo\/image\/\",\"url\":\"https:\/\/sylviadara.com\/wp-content\/uploads\/2020\/08\/sylvia_dara_kolor_rgb_png.png\",\"contentUrl\":\"https:\/\/sylviadara.com\/wp-content\/uploads\/2020\/08\/sylvia_dara_kolor_rgb_png.png\",\"width\":580,\"height\":189,\"caption\":\"Sylvia Dara\"},\"image\":{\"@id\":\"https:\/\/sylviadara.com\/#\/schema\/logo\/image\/\"}}]}<\/script>\n<!-- \/ Yoast SEO plugin. -->","yoast_head_json":{"title":"Sweterek moherowy SUZETTE - Sylvia Dara","robots":{"index":"index","follow":"follow","max-snippet":"max-snippet:-1","max-image-preview":"max-image-preview:large","max-video-preview":"max-video-preview:-1"},"canonical":"https:\/\/sylviadara.com\/produkt\/sweterek-moherowy-suzette\/","og_locale":"en_US","og_type":"article","og_title":"Sweterek moherowy SUZETTE - Sylvia Dara","og_description":"DOST\u0118PNY WARIANT Z \u017b\u00d3\u0141TYM PASKIEM W BUTIKU THANKYOUPOP W WARSZAWIE Delikatny jak mgie\u0142ka, mi\u0119kki i przewiewny. W energetycznym, owocowym kolorze. Puszysty, lekki sweterek idealny na sezon wiosenno-letni. Sweterek wykonany jest 100% r\u0119cznie na drutach wg. autorskiego projektu. Zrobiony z bardzo dobrego gatunku delikatnego oryginalnego moherku sprowadzonego z Francji. Ozdobiony \u015blicznymi, bi\u017cuteryjnymi guziczkami. W\u0142\u00f3czka jest delikatna, [&hellip;]","og_url":"https:\/\/sylviadara.com\/produkt\/sweterek-moherowy-suzette\/","og_site_name":"Sylvia Dara","article_modified_time":"2024-12-14T09:21:35+00:00","og_image":[{"width":1920,"height":2560,"url":"https:\/\/sylviadara.com\/wp-content\/uploads\/2023\/03\/20230225_101254-01-scaled.jpeg","type":"image\/jpeg"}],"twitter_card":"summary_large_image","schema":{"@context":"https:\/\/schema.org","@graph":[{"@type":"WebPage","@id":"https:\/\/sylviadara.com\/produkt\/sweterek-moherowy-suzette\/","url":"https:\/\/sylviadara.com\/produkt\/sweterek-moherowy-suzette\/","name":"Sweterek moherowy SUZETTE - Sylvia Dara","isPartOf":{"@id":"https:\/\/sylviadara.com\/#website"},"datePublished":"2023-03-21T10:32:57+00:00","dateModified":"2024-12-14T09:21:35+00:00","breadcrumb":{"@id":"https:\/\/sylviadara.com\/produkt\/sweterek-moherowy-suzette\/#breadcrumb"},"inLanguage":"en-US","potentialAction":[{"@type":"ReadAction","target":["https:\/\/sylviadara.com\/produkt\/sweterek-moherowy-suzette\/"]}]},{"@type":"BreadcrumbList","@id":"https:\/\/sylviadara.com\/produkt\/sweterek-moherowy-suzette\/#breadcrumb","itemListElement":[{"@type":"ListItem","position":1,"name":"Strona g\u0142\u00f3wna","item":"https:\/\/sylviadara.com\/en\/"},{"@type":"ListItem","position":2,"name":"Shop","item":"https:\/\/sylviadara.com\/en\/shop\/"},{"@type":"ListItem","position":3,"name":"Sweterek moherowy SUZETTE"}]},{"@type":"WebSite","@id":"https:\/\/sylviadara.com\/#website","url":"https:\/\/sylviadara.com\/","name":"Sylvia Dara","description":"sklep","publisher":{"@id":"https:\/\/sylviadara.com\/#organization"},"potentialAction":[{"@type":"SearchAction","target":{"@type":"EntryPoint","urlTemplate":"https:\/\/sylviadara.com\/?s={search_term_string}"},"query-input":"required name=search_term_string"}],"inLanguage":"en-US"},{"@type":"Organization","@id":"https:\/\/sylviadara.com\/#organization","name":"Sylvia Dara","url":"https:\/\/sylviadara.com\/","logo":{"@type":"ImageObject","inLanguage":"en-US","@id":"https:\/\/sylviadara.com\/#\/schema\/logo\/image\/","url":"https:\/\/sylviadara.com\/wp-content\/uploads\/2020\/08\/sylvia_dara_kolor_rgb_png.png","contentUrl":"https:\/\/sylviadara.com\/wp-content\/uploads\/2020\/08\/sylvia_dara_kolor_rgb_png.png","width":580,"height":189,"caption":"Sylvia Dara"},"image":{"@id":"https:\/\/sylviadara.com\/#\/schema\/logo\/image\/"}}]}},"_links":{"self":[{"href":"https:\/\/sylviadara.com\/en\/wp-json\/wp\/v2\/product\/3469"}],"collection":[{"href":"https:\/\/sylviadara.com\/en\/wp-json\/wp\/v2\/product"}],"about":[{"href":"https:\/\/sylviadara.com\/en\/wp-json\/wp\/v2\/types\/product"}],"wp:featuredmedia":[{"embeddable":true,"href":"https:\/\/sylviadara.com\/en\/wp-json\/wp\/v2\/media\/3471"}],"wp:attachment":[{"href":"https:\/\/sylviadara.com\/en\/wp-json\/wp\/v2\/media?parent=3469"}],"wp:term":[{"taxonomy":"product_cat","embeddable":true,"href":"https:\/\/sylviadara.com\/en\/wp-json\/wp\/v2\/product_cat?post=3469"},{"taxonomy":"product_tag","embeddable":true,"href":"https:\/\/sylviadara.com\/en\/wp-json\/wp\/v2\/product_tag?post=3469"},{"taxonomy":"woo-feed-brand","embeddable":true,"href":"https:\/\/sylviadara.com\/en\/wp-json\/wp\/v2\/woo-feed-brand?post=3469"}],"curies":[{"name":"wp","href":"https:\/\/api.w.org\/{rel}","templated":true}]}}