{"id":3475,"date":"2023-03-20T23:47:27","date_gmt":"2023-03-20T23:47:27","guid":{"rendered":"https:\/\/sylviadara.com\/?post_type=product&#038;p=3475"},"modified":"2026-03-31T17:35:28","modified_gmt":"2026-03-31T17:35:28","slug":"sweterek-z-jedwabiem-madeleine","status":"publish","type":"product","link":"https:\/\/sylviadara.com\/en\/produkt\/sweterek-z-jedwabiem-madeleine\/","title":{"rendered":"Sweterek z jedwabiem MADELEINE"},"content":{"rendered":"<p>Niesamowicie delikatny i romantyczny. Lekki jak mgie\u0142ka, mi\u0119ciutki i przewiewny. Otula cia\u0142o  Wykonany r\u0119cznie na drutach z luksusowej du\u0144skiej alpaki i moherku z jedwabiem &#8211; wg. autorskiego projektu.<br \/>\nIdealny na ciep\u0142\u0105 wiosn\u0119 i lato.<br \/>\nW\u0142\u00f3czka jest delikatna, niegryz\u0105ca, w sam raz dla wra\u017cliwej sk\u00f3ry.  Dobrze si\u0119 u\u017cytkuje, nie mechaci<br \/>\n(instrukcja prania jest do\u0142\u0105czona do swetra) <\/p>\n<p>Dost\u0119pny rozmiar: S\/M<br \/>\n<strong>Wymiary mierzone na p\u0142asko:<\/strong><\/p>\n<ul>\n<li>Szeroko\u015b\u0107 pod pachami: 53cm<\/li>\n<li>D\u0142ugo\u015b\u0107 r\u0119kaw\u00f3w 23cm<\/li>\n<li>D\u0142ugo\u015b\u0107 ca\u0142kowita ok 52cm<\/li>\n<div style=\"width: 980px;\" class=\"wp-video\"><!--[if lt IE 9]><script>document.createElement('video');<\/script><![endif]-->\n<video class=\"wp-video-shortcode\" id=\"video-3475-1\" width=\"980\" height=\"551\" preload=\"metadata\" controls=\"controls\"><source type=\"video\/mp4\" src=\"https:\/\/sylviadara.com\/wp-content\/uploads\/2023\/03\/20230215_105609_001.mp4?_=1\" \/><a href=\"https:\/\/sylviadara.com\/wp-content\/uploads\/2023\/03\/20230215_105609_001.mp4\">https:\/\/sylviadara.com\/wp-content\/uploads\/2023\/03\/20230215_105609_001.mp4<\/a><\/video><\/div>\n","protected":false},"excerpt":{"rendered":"<p>Niesamowicie delikatny i romantyczny. Lekki jak mgie\u0142ka, mi\u0119ciutki i przewiewny. Otula cia\u0142o Wykonany r\u0119cznie na drutach z luksusowej du\u0144skiej alpaki i moherku z jedwabiem &#8211; wg. autorskiego projektu. Idealny na ciep\u0142\u0105 wiosn\u0119 i lato. W\u0142\u00f3czka jest delikatna, niegryz\u0105ca, w sam raz dla wra\u017cliwej sk\u00f3ry. Dobrze si\u0119 u\u017cytkuje, nie mechaci (instrukcja prania jest do\u0142\u0105czona do swetra) [&hellip;]<\/p>\n","protected":false},"featured_media":3529,"template":"","meta":[],"product_cat":[80,40,83,20],"product_tag":[],"woo-feed-brand":[],"acf":[],"yoast_head":"<!-- This site is optimized with the Yoast SEO plugin v19.14 - https:\/\/yoast.com\/wordpress\/plugins\/seo\/ -->\n<title>Sweterek z jedwabiem MADELEINE - Sylvia Dara<\/title>\n<meta name=\"robots\" content=\"index, follow, max-snippet:-1, max-image-preview:large, max-video-preview:-1\" \/>\n<link rel=\"canonical\" href=\"https:\/\/sylviadara.com\/produkt\/sweterek-z-jedwabiem-madeleine\/\" \/>\n<meta property=\"og:locale\" content=\"en_US\" \/>\n<meta property=\"og:type\" content=\"article\" \/>\n<meta property=\"og:title\" content=\"Sweterek z jedwabiem MADELEINE - Sylvia Dara\" \/>\n<meta property=\"og:description\" content=\"Niesamowicie delikatny i romantyczny. Lekki jak mgie\u0142ka, mi\u0119ciutki i przewiewny. Otula cia\u0142o Wykonany r\u0119cznie na drutach z luksusowej du\u0144skiej alpaki i moherku z jedwabiem &#8211; wg. autorskiego projektu. Idealny na ciep\u0142\u0105 wiosn\u0119 i lato. W\u0142\u00f3czka jest delikatna, niegryz\u0105ca, w sam raz dla wra\u017cliwej sk\u00f3ry. Dobrze si\u0119 u\u017cytkuje, nie mechaci (instrukcja prania jest do\u0142\u0105czona do swetra) [&hellip;]\" \/>\n<meta property=\"og:url\" content=\"https:\/\/sylviadara.com\/produkt\/sweterek-z-jedwabiem-madeleine\/\" \/>\n<meta property=\"og:site_name\" content=\"Sylvia Dara\" \/>\n<meta property=\"article:modified_time\" content=\"2026-03-31T17:35:28+00:00\" \/>\n<meta property=\"og:image\" content=\"https:\/\/sylviadara.com\/wp-content\/uploads\/2023\/03\/DSC04945-scaled.jpg\" \/>\n\t<meta property=\"og:image:width\" content=\"1707\" \/>\n\t<meta property=\"og:image:height\" content=\"2560\" \/>\n\t<meta property=\"og:image:type\" content=\"image\/jpeg\" \/>\n<meta name=\"twitter:card\" content=\"summary_large_image\" \/>\n<script type=\"application\/ld+json\" class=\"yoast-schema-graph\">{\"@context\":\"https:\/\/schema.org\",\"@graph\":[{\"@type\":\"WebPage\",\"@id\":\"https:\/\/sylviadara.com\/produkt\/sweterek-z-jedwabiem-madeleine\/\",\"url\":\"https:\/\/sylviadara.com\/produkt\/sweterek-z-jedwabiem-madeleine\/\",\"name\":\"Sweterek z jedwabiem MADELEINE - Sylvia Dara\",\"isPartOf\":{\"@id\":\"https:\/\/sylviadara.com\/#website\"},\"datePublished\":\"2023-03-20T23:47:27+00:00\",\"dateModified\":\"2026-03-31T17:35:28+00:00\",\"breadcrumb\":{\"@id\":\"https:\/\/sylviadara.com\/produkt\/sweterek-z-jedwabiem-madeleine\/#breadcrumb\"},\"inLanguage\":\"en-US\",\"potentialAction\":[{\"@type\":\"ReadAction\",\"target\":[\"https:\/\/sylviadara.com\/produkt\/sweterek-z-jedwabiem-madeleine\/\"]}]},{\"@type\":\"BreadcrumbList\",\"@id\":\"https:\/\/sylviadara.com\/produkt\/sweterek-z-jedwabiem-madeleine\/#breadcrumb\",\"itemListElement\":[{\"@type\":\"ListItem\",\"position\":1,\"name\":\"Strona g\u0142\u00f3wna\",\"item\":\"https:\/\/sylviadara.com\/en\/\"},{\"@type\":\"ListItem\",\"position\":2,\"name\":\"Shop\",\"item\":\"https:\/\/sylviadara.com\/en\/shop\/\"},{\"@type\":\"ListItem\",\"position\":3,\"name\":\"Sweterek z jedwabiem MADELEINE\"}]},{\"@type\":\"WebSite\",\"@id\":\"https:\/\/sylviadara.com\/#website\",\"url\":\"https:\/\/sylviadara.com\/\",\"name\":\"Sylvia Dara\",\"description\":\"sklep\",\"publisher\":{\"@id\":\"https:\/\/sylviadara.com\/#organization\"},\"potentialAction\":[{\"@type\":\"SearchAction\",\"target\":{\"@type\":\"EntryPoint\",\"urlTemplate\":\"https:\/\/sylviadara.com\/?s={search_term_string}\"},\"query-input\":\"required name=search_term_string\"}],\"inLanguage\":\"en-US\"},{\"@type\":\"Organization\",\"@id\":\"https:\/\/sylviadara.com\/#organization\",\"name\":\"Sylvia Dara\",\"url\":\"https:\/\/sylviadara.com\/\",\"logo\":{\"@type\":\"ImageObject\",\"inLanguage\":\"en-US\",\"@id\":\"https:\/\/sylviadara.com\/#\/schema\/logo\/image\/\",\"url\":\"https:\/\/sylviadara.com\/wp-content\/uploads\/2020\/08\/sylvia_dara_kolor_rgb_png.png\",\"contentUrl\":\"https:\/\/sylviadara.com\/wp-content\/uploads\/2020\/08\/sylvia_dara_kolor_rgb_png.png\",\"width\":580,\"height\":189,\"caption\":\"Sylvia Dara\"},\"image\":{\"@id\":\"https:\/\/sylviadara.com\/#\/schema\/logo\/image\/\"}}]}<\/script>\n<!-- \/ Yoast SEO plugin. -->","yoast_head_json":{"title":"Sweterek z jedwabiem MADELEINE - Sylvia Dara","robots":{"index":"index","follow":"follow","max-snippet":"max-snippet:-1","max-image-preview":"max-image-preview:large","max-video-preview":"max-video-preview:-1"},"canonical":"https:\/\/sylviadara.com\/produkt\/sweterek-z-jedwabiem-madeleine\/","og_locale":"en_US","og_type":"article","og_title":"Sweterek z jedwabiem MADELEINE - Sylvia Dara","og_description":"Niesamowicie delikatny i romantyczny. Lekki jak mgie\u0142ka, mi\u0119ciutki i przewiewny. Otula cia\u0142o Wykonany r\u0119cznie na drutach z luksusowej du\u0144skiej alpaki i moherku z jedwabiem &#8211; wg. autorskiego projektu. Idealny na ciep\u0142\u0105 wiosn\u0119 i lato. W\u0142\u00f3czka jest delikatna, niegryz\u0105ca, w sam raz dla wra\u017cliwej sk\u00f3ry. Dobrze si\u0119 u\u017cytkuje, nie mechaci (instrukcja prania jest do\u0142\u0105czona do swetra) [&hellip;]","og_url":"https:\/\/sylviadara.com\/produkt\/sweterek-z-jedwabiem-madeleine\/","og_site_name":"Sylvia Dara","article_modified_time":"2026-03-31T17:35:28+00:00","og_image":[{"width":1707,"height":2560,"url":"https:\/\/sylviadara.com\/wp-content\/uploads\/2023\/03\/DSC04945-scaled.jpg","type":"image\/jpeg"}],"twitter_card":"summary_large_image","schema":{"@context":"https:\/\/schema.org","@graph":[{"@type":"WebPage","@id":"https:\/\/sylviadara.com\/produkt\/sweterek-z-jedwabiem-madeleine\/","url":"https:\/\/sylviadara.com\/produkt\/sweterek-z-jedwabiem-madeleine\/","name":"Sweterek z jedwabiem MADELEINE - Sylvia Dara","isPartOf":{"@id":"https:\/\/sylviadara.com\/#website"},"datePublished":"2023-03-20T23:47:27+00:00","dateModified":"2026-03-31T17:35:28+00:00","breadcrumb":{"@id":"https:\/\/sylviadara.com\/produkt\/sweterek-z-jedwabiem-madeleine\/#breadcrumb"},"inLanguage":"en-US","potentialAction":[{"@type":"ReadAction","target":["https:\/\/sylviadara.com\/produkt\/sweterek-z-jedwabiem-madeleine\/"]}]},{"@type":"BreadcrumbList","@id":"https:\/\/sylviadara.com\/produkt\/sweterek-z-jedwabiem-madeleine\/#breadcrumb","itemListElement":[{"@type":"ListItem","position":1,"name":"Strona g\u0142\u00f3wna","item":"https:\/\/sylviadara.com\/en\/"},{"@type":"ListItem","position":2,"name":"Shop","item":"https:\/\/sylviadara.com\/en\/shop\/"},{"@type":"ListItem","position":3,"name":"Sweterek z jedwabiem MADELEINE"}]},{"@type":"WebSite","@id":"https:\/\/sylviadara.com\/#website","url":"https:\/\/sylviadara.com\/","name":"Sylvia Dara","description":"sklep","publisher":{"@id":"https:\/\/sylviadara.com\/#organization"},"potentialAction":[{"@type":"SearchAction","target":{"@type":"EntryPoint","urlTemplate":"https:\/\/sylviadara.com\/?s={search_term_string}"},"query-input":"required name=search_term_string"}],"inLanguage":"en-US"},{"@type":"Organization","@id":"https:\/\/sylviadara.com\/#organization","name":"Sylvia Dara","url":"https:\/\/sylviadara.com\/","logo":{"@type":"ImageObject","inLanguage":"en-US","@id":"https:\/\/sylviadara.com\/#\/schema\/logo\/image\/","url":"https:\/\/sylviadara.com\/wp-content\/uploads\/2020\/08\/sylvia_dara_kolor_rgb_png.png","contentUrl":"https:\/\/sylviadara.com\/wp-content\/uploads\/2020\/08\/sylvia_dara_kolor_rgb_png.png","width":580,"height":189,"caption":"Sylvia Dara"},"image":{"@id":"https:\/\/sylviadara.com\/#\/schema\/logo\/image\/"}}]}},"_links":{"self":[{"href":"https:\/\/sylviadara.com\/en\/wp-json\/wp\/v2\/product\/3475"}],"collection":[{"href":"https:\/\/sylviadara.com\/en\/wp-json\/wp\/v2\/product"}],"about":[{"href":"https:\/\/sylviadara.com\/en\/wp-json\/wp\/v2\/types\/product"}],"wp:featuredmedia":[{"embeddable":true,"href":"https:\/\/sylviadara.com\/en\/wp-json\/wp\/v2\/media\/3529"}],"wp:attachment":[{"href":"https:\/\/sylviadara.com\/en\/wp-json\/wp\/v2\/media?parent=3475"}],"wp:term":[{"taxonomy":"product_cat","embeddable":true,"href":"https:\/\/sylviadara.com\/en\/wp-json\/wp\/v2\/product_cat?post=3475"},{"taxonomy":"product_tag","embeddable":true,"href":"https:\/\/sylviadara.com\/en\/wp-json\/wp\/v2\/product_tag?post=3475"},{"taxonomy":"woo-feed-brand","embeddable":true,"href":"https:\/\/sylviadara.com\/en\/wp-json\/wp\/v2\/woo-feed-brand?post=3475"}],"curies":[{"name":"wp","href":"https:\/\/api.w.org\/{rel}","templated":true}]}}