{"id":3570,"date":"2023-03-27T19:08:23","date_gmt":"2023-03-27T19:08:23","guid":{"rendered":"https:\/\/sylviadara.com\/?post_type=product&#038;p=3570"},"modified":"2023-11-20T19:04:16","modified_gmt":"2023-11-20T19:04:16","slug":"sweter-moherowy-rosa-lizbona","status":"publish","type":"product","link":"https:\/\/sylviadara.com\/en\/produkt\/sweter-moherowy-rosa-lizbona\/","title":{"rendered":"Sweter moherowy ROSA LIZBONA"},"content":{"rendered":"<p>Zachwyca puszysto\u015bci\u0105, czaruje kolorami. Swobodny, oversizowy fason.<br \/>\nJedyny w swoim rodzaju, zrobiony 100% r\u0119cznie na drutach. G\u0119sty jednocze\u015bnie lekki. Zrobiony z podw\u00f3jnej nitki mi\u0119kkiego, puszystego moheru. W\u0142\u00f3czka pochodzi z Hiszpanii. Uroku dodaj\u0105 subtelne, bi\u017cuteryjne guziki.<br \/>\nWymiar dla sylwetki M &#8211; L &#8211; XL<\/p>\n<p><strong>Wymiary mierzone na p\u0142asko:<\/strong><\/p>\n<ul>\n<li>Szeroko\u015b\u0107 pod pachami: ok58cm<\/li>\n<li>D\u0142ugo\u015b\u0107 r\u0119kaw\u00f3w ( raglan mierzony od szyi) 59cm<\/li>\n<li>D\u0142ugo\u015b\u0107 ca\u0142kowita 53cm<\/li>\n","protected":false},"excerpt":{"rendered":"<p>Zachwyca puszysto\u015bci\u0105, czaruje kolorami. Swobodny, oversizowy fason. Jedyny w swoim rodzaju, zrobiony 100% r\u0119cznie na drutach. G\u0119sty jednocze\u015bnie lekki. Zrobiony z podw\u00f3jnej nitki mi\u0119kkiego, puszystego moheru. W\u0142\u00f3czka pochodzi z Hiszpanii. Uroku dodaj\u0105 subtelne, bi\u017cuteryjne guziki. Wymiar dla sylwetki M &#8211; L &#8211; XL Wymiary mierzone na p\u0142asko: Szeroko\u015b\u0107 pod pachami: ok58cm D\u0142ugo\u015b\u0107 r\u0119kaw\u00f3w ( raglan [&hellip;]<\/p>\n","protected":false},"featured_media":3571,"template":"","meta":[],"product_cat":[40,20],"product_tag":[],"woo-feed-brand":[],"acf":[],"yoast_head":"<!-- This site is optimized with the Yoast SEO plugin v19.14 - https:\/\/yoast.com\/wordpress\/plugins\/seo\/ -->\n<title>Sweter moherowy ROSA LIZBONA - Sylvia Dara<\/title>\n<meta name=\"robots\" content=\"index, follow, max-snippet:-1, max-image-preview:large, max-video-preview:-1\" \/>\n<link rel=\"canonical\" href=\"https:\/\/sylviadara.com\/produkt\/sweter-moherowy-rosa-lizbona\/\" \/>\n<meta property=\"og:locale\" content=\"en_US\" \/>\n<meta property=\"og:type\" content=\"article\" \/>\n<meta property=\"og:title\" content=\"Sweter moherowy ROSA LIZBONA - Sylvia Dara\" \/>\n<meta property=\"og:description\" content=\"Zachwyca puszysto\u015bci\u0105, czaruje kolorami. Swobodny, oversizowy fason. Jedyny w swoim rodzaju, zrobiony 100% r\u0119cznie na drutach. G\u0119sty jednocze\u015bnie lekki. Zrobiony z podw\u00f3jnej nitki mi\u0119kkiego, puszystego moheru. W\u0142\u00f3czka pochodzi z Hiszpanii. Uroku dodaj\u0105 subtelne, bi\u017cuteryjne guziki. Wymiar dla sylwetki M &#8211; L &#8211; XL Wymiary mierzone na p\u0142asko: Szeroko\u015b\u0107 pod pachami: ok58cm D\u0142ugo\u015b\u0107 r\u0119kaw\u00f3w ( raglan [&hellip;]\" \/>\n<meta property=\"og:url\" content=\"https:\/\/sylviadara.com\/produkt\/sweter-moherowy-rosa-lizbona\/\" \/>\n<meta property=\"og:site_name\" content=\"Sylvia Dara\" \/>\n<meta property=\"article:modified_time\" content=\"2023-11-20T19:04:16+00:00\" \/>\n<meta property=\"og:image\" content=\"https:\/\/sylviadara.com\/wp-content\/uploads\/2023\/03\/20230203_100432-01-01-1-scaled.jpeg\" \/>\n\t<meta property=\"og:image:width\" content=\"1920\" \/>\n\t<meta property=\"og:image:height\" content=\"2560\" \/>\n\t<meta property=\"og:image:type\" content=\"image\/jpeg\" \/>\n<meta name=\"twitter:card\" content=\"summary_large_image\" \/>\n<script type=\"application\/ld+json\" class=\"yoast-schema-graph\">{\"@context\":\"https:\/\/schema.org\",\"@graph\":[{\"@type\":\"WebPage\",\"@id\":\"https:\/\/sylviadara.com\/produkt\/sweter-moherowy-rosa-lizbona\/\",\"url\":\"https:\/\/sylviadara.com\/produkt\/sweter-moherowy-rosa-lizbona\/\",\"name\":\"Sweter moherowy ROSA LIZBONA - Sylvia Dara\",\"isPartOf\":{\"@id\":\"https:\/\/sylviadara.com\/#website\"},\"datePublished\":\"2023-03-27T19:08:23+00:00\",\"dateModified\":\"2023-11-20T19:04:16+00:00\",\"breadcrumb\":{\"@id\":\"https:\/\/sylviadara.com\/produkt\/sweter-moherowy-rosa-lizbona\/#breadcrumb\"},\"inLanguage\":\"en-US\",\"potentialAction\":[{\"@type\":\"ReadAction\",\"target\":[\"https:\/\/sylviadara.com\/produkt\/sweter-moherowy-rosa-lizbona\/\"]}]},{\"@type\":\"BreadcrumbList\",\"@id\":\"https:\/\/sylviadara.com\/produkt\/sweter-moherowy-rosa-lizbona\/#breadcrumb\",\"itemListElement\":[{\"@type\":\"ListItem\",\"position\":1,\"name\":\"Strona g\u0142\u00f3wna\",\"item\":\"https:\/\/sylviadara.com\/en\/\"},{\"@type\":\"ListItem\",\"position\":2,\"name\":\"Shop\",\"item\":\"https:\/\/sylviadara.com\/en\/shop\/\"},{\"@type\":\"ListItem\",\"position\":3,\"name\":\"Sweter moherowy ROSA LIZBONA\"}]},{\"@type\":\"WebSite\",\"@id\":\"https:\/\/sylviadara.com\/#website\",\"url\":\"https:\/\/sylviadara.com\/\",\"name\":\"Sylvia Dara\",\"description\":\"sklep\",\"publisher\":{\"@id\":\"https:\/\/sylviadara.com\/#organization\"},\"potentialAction\":[{\"@type\":\"SearchAction\",\"target\":{\"@type\":\"EntryPoint\",\"urlTemplate\":\"https:\/\/sylviadara.com\/?s={search_term_string}\"},\"query-input\":\"required name=search_term_string\"}],\"inLanguage\":\"en-US\"},{\"@type\":\"Organization\",\"@id\":\"https:\/\/sylviadara.com\/#organization\",\"name\":\"Sylvia Dara\",\"url\":\"https:\/\/sylviadara.com\/\",\"logo\":{\"@type\":\"ImageObject\",\"inLanguage\":\"en-US\",\"@id\":\"https:\/\/sylviadara.com\/#\/schema\/logo\/image\/\",\"url\":\"https:\/\/sylviadara.com\/wp-content\/uploads\/2020\/08\/sylvia_dara_kolor_rgb_png.png\",\"contentUrl\":\"https:\/\/sylviadara.com\/wp-content\/uploads\/2020\/08\/sylvia_dara_kolor_rgb_png.png\",\"width\":580,\"height\":189,\"caption\":\"Sylvia Dara\"},\"image\":{\"@id\":\"https:\/\/sylviadara.com\/#\/schema\/logo\/image\/\"}}]}<\/script>\n<!-- \/ Yoast SEO plugin. -->","yoast_head_json":{"title":"Sweter moherowy ROSA LIZBONA - Sylvia Dara","robots":{"index":"index","follow":"follow","max-snippet":"max-snippet:-1","max-image-preview":"max-image-preview:large","max-video-preview":"max-video-preview:-1"},"canonical":"https:\/\/sylviadara.com\/produkt\/sweter-moherowy-rosa-lizbona\/","og_locale":"en_US","og_type":"article","og_title":"Sweter moherowy ROSA LIZBONA - Sylvia Dara","og_description":"Zachwyca puszysto\u015bci\u0105, czaruje kolorami. Swobodny, oversizowy fason. Jedyny w swoim rodzaju, zrobiony 100% r\u0119cznie na drutach. G\u0119sty jednocze\u015bnie lekki. Zrobiony z podw\u00f3jnej nitki mi\u0119kkiego, puszystego moheru. W\u0142\u00f3czka pochodzi z Hiszpanii. Uroku dodaj\u0105 subtelne, bi\u017cuteryjne guziki. Wymiar dla sylwetki M &#8211; L &#8211; XL Wymiary mierzone na p\u0142asko: Szeroko\u015b\u0107 pod pachami: ok58cm D\u0142ugo\u015b\u0107 r\u0119kaw\u00f3w ( raglan [&hellip;]","og_url":"https:\/\/sylviadara.com\/produkt\/sweter-moherowy-rosa-lizbona\/","og_site_name":"Sylvia Dara","article_modified_time":"2023-11-20T19:04:16+00:00","og_image":[{"width":1920,"height":2560,"url":"https:\/\/sylviadara.com\/wp-content\/uploads\/2023\/03\/20230203_100432-01-01-1-scaled.jpeg","type":"image\/jpeg"}],"twitter_card":"summary_large_image","schema":{"@context":"https:\/\/schema.org","@graph":[{"@type":"WebPage","@id":"https:\/\/sylviadara.com\/produkt\/sweter-moherowy-rosa-lizbona\/","url":"https:\/\/sylviadara.com\/produkt\/sweter-moherowy-rosa-lizbona\/","name":"Sweter moherowy ROSA LIZBONA - Sylvia Dara","isPartOf":{"@id":"https:\/\/sylviadara.com\/#website"},"datePublished":"2023-03-27T19:08:23+00:00","dateModified":"2023-11-20T19:04:16+00:00","breadcrumb":{"@id":"https:\/\/sylviadara.com\/produkt\/sweter-moherowy-rosa-lizbona\/#breadcrumb"},"inLanguage":"en-US","potentialAction":[{"@type":"ReadAction","target":["https:\/\/sylviadara.com\/produkt\/sweter-moherowy-rosa-lizbona\/"]}]},{"@type":"BreadcrumbList","@id":"https:\/\/sylviadara.com\/produkt\/sweter-moherowy-rosa-lizbona\/#breadcrumb","itemListElement":[{"@type":"ListItem","position":1,"name":"Strona g\u0142\u00f3wna","item":"https:\/\/sylviadara.com\/en\/"},{"@type":"ListItem","position":2,"name":"Shop","item":"https:\/\/sylviadara.com\/en\/shop\/"},{"@type":"ListItem","position":3,"name":"Sweter moherowy ROSA LIZBONA"}]},{"@type":"WebSite","@id":"https:\/\/sylviadara.com\/#website","url":"https:\/\/sylviadara.com\/","name":"Sylvia Dara","description":"sklep","publisher":{"@id":"https:\/\/sylviadara.com\/#organization"},"potentialAction":[{"@type":"SearchAction","target":{"@type":"EntryPoint","urlTemplate":"https:\/\/sylviadara.com\/?s={search_term_string}"},"query-input":"required name=search_term_string"}],"inLanguage":"en-US"},{"@type":"Organization","@id":"https:\/\/sylviadara.com\/#organization","name":"Sylvia Dara","url":"https:\/\/sylviadara.com\/","logo":{"@type":"ImageObject","inLanguage":"en-US","@id":"https:\/\/sylviadara.com\/#\/schema\/logo\/image\/","url":"https:\/\/sylviadara.com\/wp-content\/uploads\/2020\/08\/sylvia_dara_kolor_rgb_png.png","contentUrl":"https:\/\/sylviadara.com\/wp-content\/uploads\/2020\/08\/sylvia_dara_kolor_rgb_png.png","width":580,"height":189,"caption":"Sylvia Dara"},"image":{"@id":"https:\/\/sylviadara.com\/#\/schema\/logo\/image\/"}}]}},"_links":{"self":[{"href":"https:\/\/sylviadara.com\/en\/wp-json\/wp\/v2\/product\/3570"}],"collection":[{"href":"https:\/\/sylviadara.com\/en\/wp-json\/wp\/v2\/product"}],"about":[{"href":"https:\/\/sylviadara.com\/en\/wp-json\/wp\/v2\/types\/product"}],"wp:featuredmedia":[{"embeddable":true,"href":"https:\/\/sylviadara.com\/en\/wp-json\/wp\/v2\/media\/3571"}],"wp:attachment":[{"href":"https:\/\/sylviadara.com\/en\/wp-json\/wp\/v2\/media?parent=3570"}],"wp:term":[{"taxonomy":"product_cat","embeddable":true,"href":"https:\/\/sylviadara.com\/en\/wp-json\/wp\/v2\/product_cat?post=3570"},{"taxonomy":"product_tag","embeddable":true,"href":"https:\/\/sylviadara.com\/en\/wp-json\/wp\/v2\/product_tag?post=3570"},{"taxonomy":"woo-feed-brand","embeddable":true,"href":"https:\/\/sylviadara.com\/en\/wp-json\/wp\/v2\/woo-feed-brand?post=3570"}],"curies":[{"name":"wp","href":"https:\/\/api.w.org\/{rel}","templated":true}]}}