{"id":3718,"date":"2023-10-12T23:00:31","date_gmt":"2023-10-12T23:00:31","guid":{"rendered":"https:\/\/sylviadara.com\/?post_type=product&#038;p=3718"},"modified":"2024-10-24T12:10:23","modified_gmt":"2024-10-24T12:10:23","slug":"kurtka-mis-puf-puf","status":"publish","type":"product","link":"https:\/\/sylviadara.com\/en\/produkt\/kurtka-mis-puf-puf\/","title":{"rendered":"Kurtka\/Mi\u015b  PUF PUF"},"content":{"rendered":"<p>Aktualnie dost\u0119pny model czekoladowy z we\u0142ny jagni\u0119cej.<br \/>\nCudownie mi\u0119kka kurtka mi\u015b. Uszyta z naturalnej, g\u0119stej, ciep\u0142ej we\u0142ny jagni\u0119cej. Tkanina jest jednocze\u015bnie ciep\u0142a, puszysta i wagowo lekka.<br \/>\nPude\u0142kowy, ponadczasowy fason z eleganckim ko\u0142nierzem i kieszeniami oraz raglanowe r\u0119kawy.<br \/>\nKurtka otula ciep\u0142em i mi\u0119kko\u015bci\u0105.<br \/>\nIdealnie wpisze si\u0119 zar\u00f3wno w sportow\u0105 jak i eleganck\u0105 stylizacj\u0119. Kurtka zapinana na mocne zatrzaski.<\/p>\n<p>Modelka ma na sobie rozmiar 36\/38.  Wysoko\u015b\u0107 modelki 179 cm.<br \/>\n<strong>Wymiary mierzone na p\u0142asko po zapi\u0119ciu:<\/strong><\/p>\n<ul>\n<li>Obw\u00f3d biustu: ok100cm<\/li>\n<li>Szeroko\u015b\u0107 pod pachami: ok50cm<\/li>\n<li>D\u0142ugo\u015b\u0107 r\u0119kaw\u00f3w: ok61cm<\/li>\n<li>D\u0142ugo\u015b\u0107 ca\u0142kowita: ok61cm<\/li>\n","protected":false},"excerpt":{"rendered":"<p>Aktualnie dost\u0119pny model czekoladowy z we\u0142ny jagni\u0119cej. Cudownie mi\u0119kka kurtka mi\u015b. Uszyta z naturalnej, g\u0119stej, ciep\u0142ej we\u0142ny jagni\u0119cej. Tkanina jest jednocze\u015bnie ciep\u0142a, puszysta i wagowo lekka. Pude\u0142kowy, ponadczasowy fason z eleganckim ko\u0142nierzem i kieszeniami oraz raglanowe r\u0119kawy. Kurtka otula ciep\u0142em i mi\u0119kko\u015bci\u0105. Idealnie wpisze si\u0119 zar\u00f3wno w sportow\u0105 jak i eleganck\u0105 stylizacj\u0119. Kurtka zapinana na [&hellip;]<\/p>\n","protected":false},"featured_media":3750,"template":"","meta":[],"product_cat":[38,22,21],"product_tag":[],"woo-feed-brand":[],"acf":[],"yoast_head":"<!-- This site is optimized with the Yoast SEO plugin v19.14 - https:\/\/yoast.com\/wordpress\/plugins\/seo\/ -->\n<title>Kurtka\/Mi\u015b PUF PUF - Sylvia Dara<\/title>\n<meta name=\"robots\" content=\"index, follow, max-snippet:-1, max-image-preview:large, max-video-preview:-1\" \/>\n<link rel=\"canonical\" href=\"https:\/\/sylviadara.com\/produkt\/kurtka-mis-puf-puf\/\" \/>\n<meta property=\"og:locale\" content=\"en_US\" \/>\n<meta property=\"og:type\" content=\"article\" \/>\n<meta property=\"og:title\" content=\"Kurtka\/Mi\u015b PUF PUF - Sylvia Dara\" \/>\n<meta property=\"og:description\" content=\"Aktualnie dost\u0119pny model czekoladowy z we\u0142ny jagni\u0119cej. Cudownie mi\u0119kka kurtka mi\u015b. Uszyta z naturalnej, g\u0119stej, ciep\u0142ej we\u0142ny jagni\u0119cej. Tkanina jest jednocze\u015bnie ciep\u0142a, puszysta i wagowo lekka. Pude\u0142kowy, ponadczasowy fason z eleganckim ko\u0142nierzem i kieszeniami oraz raglanowe r\u0119kawy. Kurtka otula ciep\u0142em i mi\u0119kko\u015bci\u0105. Idealnie wpisze si\u0119 zar\u00f3wno w sportow\u0105 jak i eleganck\u0105 stylizacj\u0119. Kurtka zapinana na [&hellip;]\" \/>\n<meta property=\"og:url\" content=\"https:\/\/sylviadara.com\/produkt\/kurtka-mis-puf-puf\/\" \/>\n<meta property=\"og:site_name\" content=\"Sylvia Dara\" \/>\n<meta property=\"article:modified_time\" content=\"2024-10-24T12:10:23+00:00\" \/>\n<meta property=\"og:image\" content=\"https:\/\/sylviadara.com\/wp-content\/uploads\/2023\/10\/InShot_20231013_005630274-scaled.jpg\" \/>\n\t<meta property=\"og:image:width\" content=\"2048\" \/>\n\t<meta property=\"og:image:height\" content=\"2560\" \/>\n\t<meta property=\"og:image:type\" content=\"image\/jpeg\" \/>\n<meta name=\"twitter:card\" content=\"summary_large_image\" \/>\n<script type=\"application\/ld+json\" class=\"yoast-schema-graph\">{\"@context\":\"https:\/\/schema.org\",\"@graph\":[{\"@type\":\"WebPage\",\"@id\":\"https:\/\/sylviadara.com\/produkt\/kurtka-mis-puf-puf\/\",\"url\":\"https:\/\/sylviadara.com\/produkt\/kurtka-mis-puf-puf\/\",\"name\":\"Kurtka\/Mi\u015b PUF PUF - Sylvia Dara\",\"isPartOf\":{\"@id\":\"https:\/\/sylviadara.com\/#website\"},\"datePublished\":\"2023-10-12T23:00:31+00:00\",\"dateModified\":\"2024-10-24T12:10:23+00:00\",\"breadcrumb\":{\"@id\":\"https:\/\/sylviadara.com\/produkt\/kurtka-mis-puf-puf\/#breadcrumb\"},\"inLanguage\":\"en-US\",\"potentialAction\":[{\"@type\":\"ReadAction\",\"target\":[\"https:\/\/sylviadara.com\/produkt\/kurtka-mis-puf-puf\/\"]}]},{\"@type\":\"BreadcrumbList\",\"@id\":\"https:\/\/sylviadara.com\/produkt\/kurtka-mis-puf-puf\/#breadcrumb\",\"itemListElement\":[{\"@type\":\"ListItem\",\"position\":1,\"name\":\"Strona g\u0142\u00f3wna\",\"item\":\"https:\/\/sylviadara.com\/en\/\"},{\"@type\":\"ListItem\",\"position\":2,\"name\":\"Shop\",\"item\":\"https:\/\/sylviadara.com\/en\/shop\/\"},{\"@type\":\"ListItem\",\"position\":3,\"name\":\"Kurtka\/Mi\u015b PUF PUF\"}]},{\"@type\":\"WebSite\",\"@id\":\"https:\/\/sylviadara.com\/#website\",\"url\":\"https:\/\/sylviadara.com\/\",\"name\":\"Sylvia Dara\",\"description\":\"sklep\",\"publisher\":{\"@id\":\"https:\/\/sylviadara.com\/#organization\"},\"potentialAction\":[{\"@type\":\"SearchAction\",\"target\":{\"@type\":\"EntryPoint\",\"urlTemplate\":\"https:\/\/sylviadara.com\/?s={search_term_string}\"},\"query-input\":\"required name=search_term_string\"}],\"inLanguage\":\"en-US\"},{\"@type\":\"Organization\",\"@id\":\"https:\/\/sylviadara.com\/#organization\",\"name\":\"Sylvia Dara\",\"url\":\"https:\/\/sylviadara.com\/\",\"logo\":{\"@type\":\"ImageObject\",\"inLanguage\":\"en-US\",\"@id\":\"https:\/\/sylviadara.com\/#\/schema\/logo\/image\/\",\"url\":\"https:\/\/sylviadara.com\/wp-content\/uploads\/2020\/08\/sylvia_dara_kolor_rgb_png.png\",\"contentUrl\":\"https:\/\/sylviadara.com\/wp-content\/uploads\/2020\/08\/sylvia_dara_kolor_rgb_png.png\",\"width\":580,\"height\":189,\"caption\":\"Sylvia Dara\"},\"image\":{\"@id\":\"https:\/\/sylviadara.com\/#\/schema\/logo\/image\/\"}}]}<\/script>\n<!-- \/ Yoast SEO plugin. -->","yoast_head_json":{"title":"Kurtka\/Mi\u015b PUF PUF - Sylvia Dara","robots":{"index":"index","follow":"follow","max-snippet":"max-snippet:-1","max-image-preview":"max-image-preview:large","max-video-preview":"max-video-preview:-1"},"canonical":"https:\/\/sylviadara.com\/produkt\/kurtka-mis-puf-puf\/","og_locale":"en_US","og_type":"article","og_title":"Kurtka\/Mi\u015b PUF PUF - Sylvia Dara","og_description":"Aktualnie dost\u0119pny model czekoladowy z we\u0142ny jagni\u0119cej. Cudownie mi\u0119kka kurtka mi\u015b. Uszyta z naturalnej, g\u0119stej, ciep\u0142ej we\u0142ny jagni\u0119cej. Tkanina jest jednocze\u015bnie ciep\u0142a, puszysta i wagowo lekka. Pude\u0142kowy, ponadczasowy fason z eleganckim ko\u0142nierzem i kieszeniami oraz raglanowe r\u0119kawy. Kurtka otula ciep\u0142em i mi\u0119kko\u015bci\u0105. Idealnie wpisze si\u0119 zar\u00f3wno w sportow\u0105 jak i eleganck\u0105 stylizacj\u0119. Kurtka zapinana na [&hellip;]","og_url":"https:\/\/sylviadara.com\/produkt\/kurtka-mis-puf-puf\/","og_site_name":"Sylvia Dara","article_modified_time":"2024-10-24T12:10:23+00:00","og_image":[{"width":2048,"height":2560,"url":"https:\/\/sylviadara.com\/wp-content\/uploads\/2023\/10\/InShot_20231013_005630274-scaled.jpg","type":"image\/jpeg"}],"twitter_card":"summary_large_image","schema":{"@context":"https:\/\/schema.org","@graph":[{"@type":"WebPage","@id":"https:\/\/sylviadara.com\/produkt\/kurtka-mis-puf-puf\/","url":"https:\/\/sylviadara.com\/produkt\/kurtka-mis-puf-puf\/","name":"Kurtka\/Mi\u015b PUF PUF - Sylvia Dara","isPartOf":{"@id":"https:\/\/sylviadara.com\/#website"},"datePublished":"2023-10-12T23:00:31+00:00","dateModified":"2024-10-24T12:10:23+00:00","breadcrumb":{"@id":"https:\/\/sylviadara.com\/produkt\/kurtka-mis-puf-puf\/#breadcrumb"},"inLanguage":"en-US","potentialAction":[{"@type":"ReadAction","target":["https:\/\/sylviadara.com\/produkt\/kurtka-mis-puf-puf\/"]}]},{"@type":"BreadcrumbList","@id":"https:\/\/sylviadara.com\/produkt\/kurtka-mis-puf-puf\/#breadcrumb","itemListElement":[{"@type":"ListItem","position":1,"name":"Strona g\u0142\u00f3wna","item":"https:\/\/sylviadara.com\/en\/"},{"@type":"ListItem","position":2,"name":"Shop","item":"https:\/\/sylviadara.com\/en\/shop\/"},{"@type":"ListItem","position":3,"name":"Kurtka\/Mi\u015b PUF PUF"}]},{"@type":"WebSite","@id":"https:\/\/sylviadara.com\/#website","url":"https:\/\/sylviadara.com\/","name":"Sylvia Dara","description":"sklep","publisher":{"@id":"https:\/\/sylviadara.com\/#organization"},"potentialAction":[{"@type":"SearchAction","target":{"@type":"EntryPoint","urlTemplate":"https:\/\/sylviadara.com\/?s={search_term_string}"},"query-input":"required name=search_term_string"}],"inLanguage":"en-US"},{"@type":"Organization","@id":"https:\/\/sylviadara.com\/#organization","name":"Sylvia Dara","url":"https:\/\/sylviadara.com\/","logo":{"@type":"ImageObject","inLanguage":"en-US","@id":"https:\/\/sylviadara.com\/#\/schema\/logo\/image\/","url":"https:\/\/sylviadara.com\/wp-content\/uploads\/2020\/08\/sylvia_dara_kolor_rgb_png.png","contentUrl":"https:\/\/sylviadara.com\/wp-content\/uploads\/2020\/08\/sylvia_dara_kolor_rgb_png.png","width":580,"height":189,"caption":"Sylvia Dara"},"image":{"@id":"https:\/\/sylviadara.com\/#\/schema\/logo\/image\/"}}]}},"_links":{"self":[{"href":"https:\/\/sylviadara.com\/en\/wp-json\/wp\/v2\/product\/3718"}],"collection":[{"href":"https:\/\/sylviadara.com\/en\/wp-json\/wp\/v2\/product"}],"about":[{"href":"https:\/\/sylviadara.com\/en\/wp-json\/wp\/v2\/types\/product"}],"wp:featuredmedia":[{"embeddable":true,"href":"https:\/\/sylviadara.com\/en\/wp-json\/wp\/v2\/media\/3750"}],"wp:attachment":[{"href":"https:\/\/sylviadara.com\/en\/wp-json\/wp\/v2\/media?parent=3718"}],"wp:term":[{"taxonomy":"product_cat","embeddable":true,"href":"https:\/\/sylviadara.com\/en\/wp-json\/wp\/v2\/product_cat?post=3718"},{"taxonomy":"product_tag","embeddable":true,"href":"https:\/\/sylviadara.com\/en\/wp-json\/wp\/v2\/product_tag?post=3718"},{"taxonomy":"woo-feed-brand","embeddable":true,"href":"https:\/\/sylviadara.com\/en\/wp-json\/wp\/v2\/woo-feed-brand?post=3718"}],"curies":[{"name":"wp","href":"https:\/\/api.w.org\/{rel}","templated":true}]}}