{"id":3724,"date":"2023-10-16T16:17:52","date_gmt":"2023-10-16T16:17:52","guid":{"rendered":"https:\/\/sylviadara.com\/?post_type=product&#038;p=3724"},"modified":"2026-03-31T17:34:58","modified_gmt":"2026-03-31T17:34:58","slug":"plaszcz-z-welny-jagniecej-caramello","status":"publish","type":"product","link":"https:\/\/sylviadara.com\/en\/produkt\/plaszcz-z-welny-jagniecej-caramello\/","title":{"rendered":"P\u0142aszcz z we\u0142ny jagni\u0119cej &#8211; BISCOTTI"},"content":{"rendered":"<p>Idealnie skrojony, klasyczny p\u0142aszcz z pi\u0119knymi r\u0119kawami i ko\u0142nierzem. P\u0142aszcz d\u0142ugi, delikatnie rozszerzaj\u0105cy si\u0119 ku do\u0142owi, wi\u0105zany paskiem w talii. P\u0142aszcz posiada kieszenie.<br \/>\nUszyty z bardzo dobrego gatunku, mi\u0119sistej, ciep\u0142ej, mi\u0119kkiej we\u0142ny jagni\u0119cej. We\u0142na jest spr\u0119\u017cysta, nie gniecie si\u0119. Posiada pi\u0119kny biszkoptowy kolor z delikatnym nakrapianym printem.<br \/>\nP\u0142aszcz prezentuje si\u0119 kobieco i szykownie zar\u00f3wno do eleganckiej jak i casualowej, codziennej stylizacji. <\/p>\n<p>Modelka ma na sobie rozmiar 36\/38.  Wysoko\u015b\u0107 modelki 179 cm.<br \/>\n<strong>Wymiary mierzone na p\u0142asko po zapi\u0119ciu:<\/strong><\/p>\n<ul>\n<li>Obw\u00f3d biustu: ok108cm<\/li>\n<li>Szeroko\u015b\u0107 pod pachami: ok55cm<\/li>\n<li>D\u0142ugo\u015b\u0107 r\u0119kaw\u00f3w: ok63cm<\/li>\n<li>D\u0142ugo\u015b\u0107 ca\u0142kowita: ok124cm<\/li>\n","protected":false},"excerpt":{"rendered":"<p>Idealnie skrojony, klasyczny p\u0142aszcz z pi\u0119knymi r\u0119kawami i ko\u0142nierzem. P\u0142aszcz d\u0142ugi, delikatnie rozszerzaj\u0105cy si\u0119 ku do\u0142owi, wi\u0105zany paskiem w talii. P\u0142aszcz posiada kieszenie. Uszyty z bardzo dobrego gatunku, mi\u0119sistej, ciep\u0142ej, mi\u0119kkiej we\u0142ny jagni\u0119cej. We\u0142na jest spr\u0119\u017cysta, nie gniecie si\u0119. Posiada pi\u0119kny biszkoptowy kolor z delikatnym nakrapianym printem. P\u0142aszcz prezentuje si\u0119 kobieco i szykownie zar\u00f3wno do [&hellip;]<\/p>\n","protected":false},"featured_media":3767,"template":"","meta":[],"product_cat":[38,22,83,70],"product_tag":[],"woo-feed-brand":[],"acf":[],"yoast_head":"<!-- This site is optimized with the Yoast SEO plugin v19.14 - https:\/\/yoast.com\/wordpress\/plugins\/seo\/ -->\n<title>P\u0142aszcz z we\u0142ny jagni\u0119cej - BISCOTTI - Sylvia Dara<\/title>\n<meta name=\"robots\" content=\"index, follow, max-snippet:-1, max-image-preview:large, max-video-preview:-1\" \/>\n<link rel=\"canonical\" href=\"https:\/\/sylviadara.com\/produkt\/plaszcz-z-welny-jagniecej-caramello\/\" \/>\n<meta property=\"og:locale\" content=\"en_US\" \/>\n<meta property=\"og:type\" content=\"article\" \/>\n<meta property=\"og:title\" content=\"P\u0142aszcz z we\u0142ny jagni\u0119cej - BISCOTTI - Sylvia Dara\" \/>\n<meta property=\"og:description\" content=\"Idealnie skrojony, klasyczny p\u0142aszcz z pi\u0119knymi r\u0119kawami i ko\u0142nierzem. P\u0142aszcz d\u0142ugi, delikatnie rozszerzaj\u0105cy si\u0119 ku do\u0142owi, wi\u0105zany paskiem w talii. P\u0142aszcz posiada kieszenie. Uszyty z bardzo dobrego gatunku, mi\u0119sistej, ciep\u0142ej, mi\u0119kkiej we\u0142ny jagni\u0119cej. We\u0142na jest spr\u0119\u017cysta, nie gniecie si\u0119. Posiada pi\u0119kny biszkoptowy kolor z delikatnym nakrapianym printem. P\u0142aszcz prezentuje si\u0119 kobieco i szykownie zar\u00f3wno do [&hellip;]\" \/>\n<meta property=\"og:url\" content=\"https:\/\/sylviadara.com\/produkt\/plaszcz-z-welny-jagniecej-caramello\/\" \/>\n<meta property=\"og:site_name\" content=\"Sylvia Dara\" \/>\n<meta property=\"article:modified_time\" content=\"2026-03-31T17:34:58+00:00\" \/>\n<meta property=\"og:image\" content=\"https:\/\/sylviadara.com\/wp-content\/uploads\/2023\/10\/InShot_20231016_174627904-scaled.jpg\" \/>\n\t<meta property=\"og:image:width\" content=\"2048\" \/>\n\t<meta property=\"og:image:height\" content=\"2560\" \/>\n\t<meta property=\"og:image:type\" content=\"image\/jpeg\" \/>\n<meta name=\"twitter:card\" content=\"summary_large_image\" \/>\n<script type=\"application\/ld+json\" class=\"yoast-schema-graph\">{\"@context\":\"https:\/\/schema.org\",\"@graph\":[{\"@type\":\"WebPage\",\"@id\":\"https:\/\/sylviadara.com\/produkt\/plaszcz-z-welny-jagniecej-caramello\/\",\"url\":\"https:\/\/sylviadara.com\/produkt\/plaszcz-z-welny-jagniecej-caramello\/\",\"name\":\"P\u0142aszcz z we\u0142ny jagni\u0119cej - BISCOTTI - Sylvia Dara\",\"isPartOf\":{\"@id\":\"https:\/\/sylviadara.com\/#website\"},\"datePublished\":\"2023-10-16T16:17:52+00:00\",\"dateModified\":\"2026-03-31T17:34:58+00:00\",\"breadcrumb\":{\"@id\":\"https:\/\/sylviadara.com\/produkt\/plaszcz-z-welny-jagniecej-caramello\/#breadcrumb\"},\"inLanguage\":\"en-US\",\"potentialAction\":[{\"@type\":\"ReadAction\",\"target\":[\"https:\/\/sylviadara.com\/produkt\/plaszcz-z-welny-jagniecej-caramello\/\"]}]},{\"@type\":\"BreadcrumbList\",\"@id\":\"https:\/\/sylviadara.com\/produkt\/plaszcz-z-welny-jagniecej-caramello\/#breadcrumb\",\"itemListElement\":[{\"@type\":\"ListItem\",\"position\":1,\"name\":\"Strona g\u0142\u00f3wna\",\"item\":\"https:\/\/sylviadara.com\/en\/\"},{\"@type\":\"ListItem\",\"position\":2,\"name\":\"Shop\",\"item\":\"https:\/\/sylviadara.com\/en\/shop\/\"},{\"@type\":\"ListItem\",\"position\":3,\"name\":\"P\u0142aszcz z we\u0142ny jagni\u0119cej &#8211; BISCOTTI\"}]},{\"@type\":\"WebSite\",\"@id\":\"https:\/\/sylviadara.com\/#website\",\"url\":\"https:\/\/sylviadara.com\/\",\"name\":\"Sylvia Dara\",\"description\":\"sklep\",\"publisher\":{\"@id\":\"https:\/\/sylviadara.com\/#organization\"},\"potentialAction\":[{\"@type\":\"SearchAction\",\"target\":{\"@type\":\"EntryPoint\",\"urlTemplate\":\"https:\/\/sylviadara.com\/?s={search_term_string}\"},\"query-input\":\"required name=search_term_string\"}],\"inLanguage\":\"en-US\"},{\"@type\":\"Organization\",\"@id\":\"https:\/\/sylviadara.com\/#organization\",\"name\":\"Sylvia Dara\",\"url\":\"https:\/\/sylviadara.com\/\",\"logo\":{\"@type\":\"ImageObject\",\"inLanguage\":\"en-US\",\"@id\":\"https:\/\/sylviadara.com\/#\/schema\/logo\/image\/\",\"url\":\"https:\/\/sylviadara.com\/wp-content\/uploads\/2020\/08\/sylvia_dara_kolor_rgb_png.png\",\"contentUrl\":\"https:\/\/sylviadara.com\/wp-content\/uploads\/2020\/08\/sylvia_dara_kolor_rgb_png.png\",\"width\":580,\"height\":189,\"caption\":\"Sylvia Dara\"},\"image\":{\"@id\":\"https:\/\/sylviadara.com\/#\/schema\/logo\/image\/\"}}]}<\/script>\n<!-- \/ Yoast SEO plugin. -->","yoast_head_json":{"title":"P\u0142aszcz z we\u0142ny jagni\u0119cej - BISCOTTI - Sylvia Dara","robots":{"index":"index","follow":"follow","max-snippet":"max-snippet:-1","max-image-preview":"max-image-preview:large","max-video-preview":"max-video-preview:-1"},"canonical":"https:\/\/sylviadara.com\/produkt\/plaszcz-z-welny-jagniecej-caramello\/","og_locale":"en_US","og_type":"article","og_title":"P\u0142aszcz z we\u0142ny jagni\u0119cej - BISCOTTI - Sylvia Dara","og_description":"Idealnie skrojony, klasyczny p\u0142aszcz z pi\u0119knymi r\u0119kawami i ko\u0142nierzem. P\u0142aszcz d\u0142ugi, delikatnie rozszerzaj\u0105cy si\u0119 ku do\u0142owi, wi\u0105zany paskiem w talii. P\u0142aszcz posiada kieszenie. Uszyty z bardzo dobrego gatunku, mi\u0119sistej, ciep\u0142ej, mi\u0119kkiej we\u0142ny jagni\u0119cej. We\u0142na jest spr\u0119\u017cysta, nie gniecie si\u0119. Posiada pi\u0119kny biszkoptowy kolor z delikatnym nakrapianym printem. P\u0142aszcz prezentuje si\u0119 kobieco i szykownie zar\u00f3wno do [&hellip;]","og_url":"https:\/\/sylviadara.com\/produkt\/plaszcz-z-welny-jagniecej-caramello\/","og_site_name":"Sylvia Dara","article_modified_time":"2026-03-31T17:34:58+00:00","og_image":[{"width":2048,"height":2560,"url":"https:\/\/sylviadara.com\/wp-content\/uploads\/2023\/10\/InShot_20231016_174627904-scaled.jpg","type":"image\/jpeg"}],"twitter_card":"summary_large_image","schema":{"@context":"https:\/\/schema.org","@graph":[{"@type":"WebPage","@id":"https:\/\/sylviadara.com\/produkt\/plaszcz-z-welny-jagniecej-caramello\/","url":"https:\/\/sylviadara.com\/produkt\/plaszcz-z-welny-jagniecej-caramello\/","name":"P\u0142aszcz z we\u0142ny jagni\u0119cej - BISCOTTI - Sylvia Dara","isPartOf":{"@id":"https:\/\/sylviadara.com\/#website"},"datePublished":"2023-10-16T16:17:52+00:00","dateModified":"2026-03-31T17:34:58+00:00","breadcrumb":{"@id":"https:\/\/sylviadara.com\/produkt\/plaszcz-z-welny-jagniecej-caramello\/#breadcrumb"},"inLanguage":"en-US","potentialAction":[{"@type":"ReadAction","target":["https:\/\/sylviadara.com\/produkt\/plaszcz-z-welny-jagniecej-caramello\/"]}]},{"@type":"BreadcrumbList","@id":"https:\/\/sylviadara.com\/produkt\/plaszcz-z-welny-jagniecej-caramello\/#breadcrumb","itemListElement":[{"@type":"ListItem","position":1,"name":"Strona g\u0142\u00f3wna","item":"https:\/\/sylviadara.com\/en\/"},{"@type":"ListItem","position":2,"name":"Shop","item":"https:\/\/sylviadara.com\/en\/shop\/"},{"@type":"ListItem","position":3,"name":"P\u0142aszcz z we\u0142ny jagni\u0119cej &#8211; BISCOTTI"}]},{"@type":"WebSite","@id":"https:\/\/sylviadara.com\/#website","url":"https:\/\/sylviadara.com\/","name":"Sylvia Dara","description":"sklep","publisher":{"@id":"https:\/\/sylviadara.com\/#organization"},"potentialAction":[{"@type":"SearchAction","target":{"@type":"EntryPoint","urlTemplate":"https:\/\/sylviadara.com\/?s={search_term_string}"},"query-input":"required name=search_term_string"}],"inLanguage":"en-US"},{"@type":"Organization","@id":"https:\/\/sylviadara.com\/#organization","name":"Sylvia Dara","url":"https:\/\/sylviadara.com\/","logo":{"@type":"ImageObject","inLanguage":"en-US","@id":"https:\/\/sylviadara.com\/#\/schema\/logo\/image\/","url":"https:\/\/sylviadara.com\/wp-content\/uploads\/2020\/08\/sylvia_dara_kolor_rgb_png.png","contentUrl":"https:\/\/sylviadara.com\/wp-content\/uploads\/2020\/08\/sylvia_dara_kolor_rgb_png.png","width":580,"height":189,"caption":"Sylvia Dara"},"image":{"@id":"https:\/\/sylviadara.com\/#\/schema\/logo\/image\/"}}]}},"_links":{"self":[{"href":"https:\/\/sylviadara.com\/en\/wp-json\/wp\/v2\/product\/3724"}],"collection":[{"href":"https:\/\/sylviadara.com\/en\/wp-json\/wp\/v2\/product"}],"about":[{"href":"https:\/\/sylviadara.com\/en\/wp-json\/wp\/v2\/types\/product"}],"wp:featuredmedia":[{"embeddable":true,"href":"https:\/\/sylviadara.com\/en\/wp-json\/wp\/v2\/media\/3767"}],"wp:attachment":[{"href":"https:\/\/sylviadara.com\/en\/wp-json\/wp\/v2\/media?parent=3724"}],"wp:term":[{"taxonomy":"product_cat","embeddable":true,"href":"https:\/\/sylviadara.com\/en\/wp-json\/wp\/v2\/product_cat?post=3724"},{"taxonomy":"product_tag","embeddable":true,"href":"https:\/\/sylviadara.com\/en\/wp-json\/wp\/v2\/product_tag?post=3724"},{"taxonomy":"woo-feed-brand","embeddable":true,"href":"https:\/\/sylviadara.com\/en\/wp-json\/wp\/v2\/woo-feed-brand?post=3724"}],"curies":[{"name":"wp","href":"https:\/\/api.w.org\/{rel}","templated":true}]}}