{"id":3818,"date":"2024-02-28T21:52:50","date_gmt":"2024-02-28T21:52:50","guid":{"rendered":"https:\/\/sylviadara.com\/?post_type=product&#038;p=3818"},"modified":"2026-03-31T17:33:08","modified_gmt":"2026-03-31T17:33:08","slug":"chusta-jedwabna-guarda","status":"publish","type":"product","link":"https:\/\/sylviadara.com\/en\/produkt\/chusta-jedwabna-guarda\/","title":{"rendered":"Chusta jedwabna GUARDA"},"content":{"rendered":"<p>Du\u017ca, zwiewna chusta uszyta z luksusowego 100% mu\u015blinowego jedwabiu. Subtelny po\u0142ysk i pi\u0119kna gra kolor\u00f3w tworz\u0105 wyj\u0105tkowy klimat chusty. Rozmiar 130&#215;130 cm<br \/>\nIdealna do wiosennego trencza, do letnich stylizacji i na pla\u017c\u0119.<br \/>\nWymiar chusty: 130 x 130 cm<\/p>\n<div style=\"width: 980px;\" class=\"wp-video\"><!--[if lt IE 9]><script>document.createElement('video');<\/script><![endif]-->\n<video class=\"wp-video-shortcode\" id=\"video-3818-1\" width=\"980\" height=\"551\" preload=\"metadata\" controls=\"controls\"><source type=\"video\/mp4\" src=\"https:\/\/sylviadara.com\/wp-content\/uploads\/2024\/02\/20240229_093644_001_001.mp4?_=1\" \/><a href=\"https:\/\/sylviadara.com\/wp-content\/uploads\/2024\/02\/20240229_093644_001_001.mp4\">https:\/\/sylviadara.com\/wp-content\/uploads\/2024\/02\/20240229_093644_001_001.mp4<\/a><\/video><\/div>\n","protected":false},"excerpt":{"rendered":"<p>Du\u017ca, zwiewna chusta uszyta z luksusowego 100% mu\u015blinowego jedwabiu. Subtelny po\u0142ysk i pi\u0119kna gra kolor\u00f3w tworz\u0105 wyj\u0105tkowy klimat chusty. Rozmiar 130&#215;130 cm Idealna do wiosennego trencza, do letnich stylizacji i na pla\u017c\u0119. Wymiar chusty: 130 x 130 cm<\/p>\n","protected":false},"featured_media":3826,"template":"","meta":[],"product_cat":[46,38,80,83],"product_tag":[],"woo-feed-brand":[],"acf":[],"yoast_head":"<!-- This site is optimized with the Yoast SEO plugin v19.14 - https:\/\/yoast.com\/wordpress\/plugins\/seo\/ -->\n<title>Chusta jedwabna GUARDA - Sylvia Dara<\/title>\n<meta name=\"robots\" content=\"index, follow, max-snippet:-1, max-image-preview:large, max-video-preview:-1\" \/>\n<link rel=\"canonical\" href=\"https:\/\/sylviadara.com\/produkt\/chusta-jedwabna-guarda\/\" \/>\n<meta property=\"og:locale\" content=\"en_US\" \/>\n<meta property=\"og:type\" content=\"article\" \/>\n<meta property=\"og:title\" content=\"Chusta jedwabna GUARDA - Sylvia Dara\" \/>\n<meta property=\"og:description\" content=\"Du\u017ca, zwiewna chusta uszyta z luksusowego 100% mu\u015blinowego jedwabiu. Subtelny po\u0142ysk i pi\u0119kna gra kolor\u00f3w tworz\u0105 wyj\u0105tkowy klimat chusty. Rozmiar 130&#215;130 cm Idealna do wiosennego trencza, do letnich stylizacji i na pla\u017c\u0119. Wymiar chusty: 130 x 130 cm\" \/>\n<meta property=\"og:url\" content=\"https:\/\/sylviadara.com\/produkt\/chusta-jedwabna-guarda\/\" \/>\n<meta property=\"og:site_name\" content=\"Sylvia Dara\" \/>\n<meta property=\"article:modified_time\" content=\"2026-03-31T17:33:08+00:00\" \/>\n<meta property=\"og:image\" content=\"https:\/\/sylviadara.com\/wp-content\/uploads\/2024\/02\/20240229_093731-01-scaled.jpeg\" \/>\n\t<meta property=\"og:image:width\" content=\"1920\" \/>\n\t<meta property=\"og:image:height\" content=\"2560\" \/>\n\t<meta property=\"og:image:type\" content=\"image\/jpeg\" \/>\n<meta name=\"twitter:card\" content=\"summary_large_image\" \/>\n<script type=\"application\/ld+json\" class=\"yoast-schema-graph\">{\"@context\":\"https:\/\/schema.org\",\"@graph\":[{\"@type\":\"WebPage\",\"@id\":\"https:\/\/sylviadara.com\/produkt\/chusta-jedwabna-guarda\/\",\"url\":\"https:\/\/sylviadara.com\/produkt\/chusta-jedwabna-guarda\/\",\"name\":\"Chusta jedwabna GUARDA - Sylvia Dara\",\"isPartOf\":{\"@id\":\"https:\/\/sylviadara.com\/#website\"},\"datePublished\":\"2024-02-28T21:52:50+00:00\",\"dateModified\":\"2026-03-31T17:33:08+00:00\",\"breadcrumb\":{\"@id\":\"https:\/\/sylviadara.com\/produkt\/chusta-jedwabna-guarda\/#breadcrumb\"},\"inLanguage\":\"en-US\",\"potentialAction\":[{\"@type\":\"ReadAction\",\"target\":[\"https:\/\/sylviadara.com\/produkt\/chusta-jedwabna-guarda\/\"]}]},{\"@type\":\"BreadcrumbList\",\"@id\":\"https:\/\/sylviadara.com\/produkt\/chusta-jedwabna-guarda\/#breadcrumb\",\"itemListElement\":[{\"@type\":\"ListItem\",\"position\":1,\"name\":\"Strona g\u0142\u00f3wna\",\"item\":\"https:\/\/sylviadara.com\/en\/\"},{\"@type\":\"ListItem\",\"position\":2,\"name\":\"Shop\",\"item\":\"https:\/\/sylviadara.com\/en\/shop\/\"},{\"@type\":\"ListItem\",\"position\":3,\"name\":\"Chusta jedwabna GUARDA\"}]},{\"@type\":\"WebSite\",\"@id\":\"https:\/\/sylviadara.com\/#website\",\"url\":\"https:\/\/sylviadara.com\/\",\"name\":\"Sylvia Dara\",\"description\":\"sklep\",\"publisher\":{\"@id\":\"https:\/\/sylviadara.com\/#organization\"},\"potentialAction\":[{\"@type\":\"SearchAction\",\"target\":{\"@type\":\"EntryPoint\",\"urlTemplate\":\"https:\/\/sylviadara.com\/?s={search_term_string}\"},\"query-input\":\"required name=search_term_string\"}],\"inLanguage\":\"en-US\"},{\"@type\":\"Organization\",\"@id\":\"https:\/\/sylviadara.com\/#organization\",\"name\":\"Sylvia Dara\",\"url\":\"https:\/\/sylviadara.com\/\",\"logo\":{\"@type\":\"ImageObject\",\"inLanguage\":\"en-US\",\"@id\":\"https:\/\/sylviadara.com\/#\/schema\/logo\/image\/\",\"url\":\"https:\/\/sylviadara.com\/wp-content\/uploads\/2020\/08\/sylvia_dara_kolor_rgb_png.png\",\"contentUrl\":\"https:\/\/sylviadara.com\/wp-content\/uploads\/2020\/08\/sylvia_dara_kolor_rgb_png.png\",\"width\":580,\"height\":189,\"caption\":\"Sylvia Dara\"},\"image\":{\"@id\":\"https:\/\/sylviadara.com\/#\/schema\/logo\/image\/\"}}]}<\/script>\n<!-- \/ Yoast SEO plugin. -->","yoast_head_json":{"title":"Chusta jedwabna GUARDA - Sylvia Dara","robots":{"index":"index","follow":"follow","max-snippet":"max-snippet:-1","max-image-preview":"max-image-preview:large","max-video-preview":"max-video-preview:-1"},"canonical":"https:\/\/sylviadara.com\/produkt\/chusta-jedwabna-guarda\/","og_locale":"en_US","og_type":"article","og_title":"Chusta jedwabna GUARDA - Sylvia Dara","og_description":"Du\u017ca, zwiewna chusta uszyta z luksusowego 100% mu\u015blinowego jedwabiu. Subtelny po\u0142ysk i pi\u0119kna gra kolor\u00f3w tworz\u0105 wyj\u0105tkowy klimat chusty. Rozmiar 130&#215;130 cm Idealna do wiosennego trencza, do letnich stylizacji i na pla\u017c\u0119. Wymiar chusty: 130 x 130 cm","og_url":"https:\/\/sylviadara.com\/produkt\/chusta-jedwabna-guarda\/","og_site_name":"Sylvia Dara","article_modified_time":"2026-03-31T17:33:08+00:00","og_image":[{"width":1920,"height":2560,"url":"https:\/\/sylviadara.com\/wp-content\/uploads\/2024\/02\/20240229_093731-01-scaled.jpeg","type":"image\/jpeg"}],"twitter_card":"summary_large_image","schema":{"@context":"https:\/\/schema.org","@graph":[{"@type":"WebPage","@id":"https:\/\/sylviadara.com\/produkt\/chusta-jedwabna-guarda\/","url":"https:\/\/sylviadara.com\/produkt\/chusta-jedwabna-guarda\/","name":"Chusta jedwabna GUARDA - Sylvia Dara","isPartOf":{"@id":"https:\/\/sylviadara.com\/#website"},"datePublished":"2024-02-28T21:52:50+00:00","dateModified":"2026-03-31T17:33:08+00:00","breadcrumb":{"@id":"https:\/\/sylviadara.com\/produkt\/chusta-jedwabna-guarda\/#breadcrumb"},"inLanguage":"en-US","potentialAction":[{"@type":"ReadAction","target":["https:\/\/sylviadara.com\/produkt\/chusta-jedwabna-guarda\/"]}]},{"@type":"BreadcrumbList","@id":"https:\/\/sylviadara.com\/produkt\/chusta-jedwabna-guarda\/#breadcrumb","itemListElement":[{"@type":"ListItem","position":1,"name":"Strona g\u0142\u00f3wna","item":"https:\/\/sylviadara.com\/en\/"},{"@type":"ListItem","position":2,"name":"Shop","item":"https:\/\/sylviadara.com\/en\/shop\/"},{"@type":"ListItem","position":3,"name":"Chusta jedwabna GUARDA"}]},{"@type":"WebSite","@id":"https:\/\/sylviadara.com\/#website","url":"https:\/\/sylviadara.com\/","name":"Sylvia Dara","description":"sklep","publisher":{"@id":"https:\/\/sylviadara.com\/#organization"},"potentialAction":[{"@type":"SearchAction","target":{"@type":"EntryPoint","urlTemplate":"https:\/\/sylviadara.com\/?s={search_term_string}"},"query-input":"required name=search_term_string"}],"inLanguage":"en-US"},{"@type":"Organization","@id":"https:\/\/sylviadara.com\/#organization","name":"Sylvia Dara","url":"https:\/\/sylviadara.com\/","logo":{"@type":"ImageObject","inLanguage":"en-US","@id":"https:\/\/sylviadara.com\/#\/schema\/logo\/image\/","url":"https:\/\/sylviadara.com\/wp-content\/uploads\/2020\/08\/sylvia_dara_kolor_rgb_png.png","contentUrl":"https:\/\/sylviadara.com\/wp-content\/uploads\/2020\/08\/sylvia_dara_kolor_rgb_png.png","width":580,"height":189,"caption":"Sylvia Dara"},"image":{"@id":"https:\/\/sylviadara.com\/#\/schema\/logo\/image\/"}}]}},"_links":{"self":[{"href":"https:\/\/sylviadara.com\/en\/wp-json\/wp\/v2\/product\/3818"}],"collection":[{"href":"https:\/\/sylviadara.com\/en\/wp-json\/wp\/v2\/product"}],"about":[{"href":"https:\/\/sylviadara.com\/en\/wp-json\/wp\/v2\/types\/product"}],"wp:featuredmedia":[{"embeddable":true,"href":"https:\/\/sylviadara.com\/en\/wp-json\/wp\/v2\/media\/3826"}],"wp:attachment":[{"href":"https:\/\/sylviadara.com\/en\/wp-json\/wp\/v2\/media?parent=3818"}],"wp:term":[{"taxonomy":"product_cat","embeddable":true,"href":"https:\/\/sylviadara.com\/en\/wp-json\/wp\/v2\/product_cat?post=3818"},{"taxonomy":"product_tag","embeddable":true,"href":"https:\/\/sylviadara.com\/en\/wp-json\/wp\/v2\/product_tag?post=3818"},{"taxonomy":"woo-feed-brand","embeddable":true,"href":"https:\/\/sylviadara.com\/en\/wp-json\/wp\/v2\/woo-feed-brand?post=3818"}],"curies":[{"name":"wp","href":"https:\/\/api.w.org\/{rel}","templated":true}]}}