{"id":3842,"date":"2024-03-26T18:07:15","date_gmt":"2024-03-26T18:07:15","guid":{"rendered":"https:\/\/sylviadara.com\/?post_type=product&#038;p=3842"},"modified":"2024-12-19T21:28:14","modified_gmt":"2024-12-19T21:28:14","slug":"zakiet-san-francisco","status":"publish","type":"product","link":"https:\/\/sylviadara.com\/en\/produkt\/zakiet-san-francisco\/","title":{"rendered":"\u017bakiet San Francisco"},"content":{"rendered":"<p>\u017bakiet o pude\u0142kowym fasonie, bardzo delikatnie taliowany.  Uszyty z luksusowej, wysokiego gatunku unikatowej tkaniny o wyj\u0105tkowym sk\u0142adzie we\u0142ny- jedwabiu i bawe\u0142ny. Tkanina jest mi\u0119kka w dotyku, idealnie si\u0119 uk\u0142ada i nie gniecie si\u0119. Pi\u0119kny splot \u017cakietu i gra kolor\u00f3w podbijaj\u0105 efekt stylizacji.<br \/>\n\u017bakiet perfekcyjnie skrojony i uszyty, ozdobiony bi\u017cuteryjnymi guzikami.<br \/>\nModel mocno limitowany. Rozmiar 36 dost\u0119pny w Warszawie na Mysia3<br \/>\nModelka ma na sobie rozmiar 36. Wysoko\u015b\u0107 modelki 179 cm.<br \/>\n<strong>Wymiary mierzone na p\u0142asko po zapi\u0119ciu:<\/strong><\/p>\n<ul>\n<li>Obw\u00f3d biustu: ok 94cm<\/li>\n<li>Szeroko\u015b\u0107 pod pachami: ok 47-48cm<\/li>\n<li>D\u0142ugo\u015b\u0107 r\u0119kaw\u00f3w: ok 55cm<\/li>\n<li>D\u0142ugo\u015b\u0107 ca\u0142kowita: ok 48cm<\/li>\n","protected":false},"excerpt":{"rendered":"<p>\u017bakiet o pude\u0142kowym fasonie, bardzo delikatnie taliowany. Uszyty z luksusowej, wysokiego gatunku unikatowej tkaniny o wyj\u0105tkowym sk\u0142adzie we\u0142ny- jedwabiu i bawe\u0142ny. Tkanina jest mi\u0119kka w dotyku, idealnie si\u0119 uk\u0142ada i nie gniecie si\u0119. Pi\u0119kny splot \u017cakietu i gra kolor\u00f3w podbijaj\u0105 efekt stylizacji. \u017bakiet perfekcyjnie skrojony i uszyty, ozdobiony bi\u017cuteryjnymi guzikami. Model mocno limitowany. Rozmiar 36 [&hellip;]<\/p>\n","protected":false},"featured_media":3853,"template":"","meta":[],"product_cat":[15,38,80,21],"product_tag":[],"woo-feed-brand":[],"acf":[],"yoast_head":"<!-- This site is optimized with the Yoast SEO plugin v19.14 - https:\/\/yoast.com\/wordpress\/plugins\/seo\/ -->\n<title>\u017bakiet San Francisco - Sylvia Dara<\/title>\n<meta name=\"robots\" content=\"index, follow, max-snippet:-1, max-image-preview:large, max-video-preview:-1\" \/>\n<link rel=\"canonical\" href=\"https:\/\/sylviadara.com\/produkt\/zakiet-san-francisco\/\" \/>\n<meta property=\"og:locale\" content=\"en_US\" \/>\n<meta property=\"og:type\" content=\"article\" \/>\n<meta property=\"og:title\" content=\"\u017bakiet San Francisco - Sylvia Dara\" \/>\n<meta property=\"og:description\" content=\"\u017bakiet o pude\u0142kowym fasonie, bardzo delikatnie taliowany. Uszyty z luksusowej, wysokiego gatunku unikatowej tkaniny o wyj\u0105tkowym sk\u0142adzie we\u0142ny- jedwabiu i bawe\u0142ny. Tkanina jest mi\u0119kka w dotyku, idealnie si\u0119 uk\u0142ada i nie gniecie si\u0119. Pi\u0119kny splot \u017cakietu i gra kolor\u00f3w podbijaj\u0105 efekt stylizacji. \u017bakiet perfekcyjnie skrojony i uszyty, ozdobiony bi\u017cuteryjnymi guzikami. Model mocno limitowany. Rozmiar 36 [&hellip;]\" \/>\n<meta property=\"og:url\" content=\"https:\/\/sylviadara.com\/produkt\/zakiet-san-francisco\/\" \/>\n<meta property=\"og:site_name\" content=\"Sylvia Dara\" \/>\n<meta property=\"article:modified_time\" content=\"2024-12-19T21:28:14+00:00\" \/>\n<meta property=\"og:image\" content=\"https:\/\/sylviadara.com\/wp-content\/uploads\/2024\/03\/InShot_20240326_185210761-scaled.jpg\" \/>\n\t<meta property=\"og:image:width\" content=\"2048\" \/>\n\t<meta property=\"og:image:height\" content=\"2560\" \/>\n\t<meta property=\"og:image:type\" content=\"image\/jpeg\" \/>\n<meta name=\"twitter:card\" content=\"summary_large_image\" \/>\n<script type=\"application\/ld+json\" class=\"yoast-schema-graph\">{\"@context\":\"https:\/\/schema.org\",\"@graph\":[{\"@type\":\"WebPage\",\"@id\":\"https:\/\/sylviadara.com\/produkt\/zakiet-san-francisco\/\",\"url\":\"https:\/\/sylviadara.com\/produkt\/zakiet-san-francisco\/\",\"name\":\"\u017bakiet San Francisco - Sylvia Dara\",\"isPartOf\":{\"@id\":\"https:\/\/sylviadara.com\/#website\"},\"datePublished\":\"2024-03-26T18:07:15+00:00\",\"dateModified\":\"2024-12-19T21:28:14+00:00\",\"breadcrumb\":{\"@id\":\"https:\/\/sylviadara.com\/produkt\/zakiet-san-francisco\/#breadcrumb\"},\"inLanguage\":\"en-US\",\"potentialAction\":[{\"@type\":\"ReadAction\",\"target\":[\"https:\/\/sylviadara.com\/produkt\/zakiet-san-francisco\/\"]}]},{\"@type\":\"BreadcrumbList\",\"@id\":\"https:\/\/sylviadara.com\/produkt\/zakiet-san-francisco\/#breadcrumb\",\"itemListElement\":[{\"@type\":\"ListItem\",\"position\":1,\"name\":\"Strona g\u0142\u00f3wna\",\"item\":\"https:\/\/sylviadara.com\/en\/\"},{\"@type\":\"ListItem\",\"position\":2,\"name\":\"Shop\",\"item\":\"https:\/\/sylviadara.com\/en\/shop\/\"},{\"@type\":\"ListItem\",\"position\":3,\"name\":\"\u017bakiet San Francisco\"}]},{\"@type\":\"WebSite\",\"@id\":\"https:\/\/sylviadara.com\/#website\",\"url\":\"https:\/\/sylviadara.com\/\",\"name\":\"Sylvia Dara\",\"description\":\"sklep\",\"publisher\":{\"@id\":\"https:\/\/sylviadara.com\/#organization\"},\"potentialAction\":[{\"@type\":\"SearchAction\",\"target\":{\"@type\":\"EntryPoint\",\"urlTemplate\":\"https:\/\/sylviadara.com\/?s={search_term_string}\"},\"query-input\":\"required name=search_term_string\"}],\"inLanguage\":\"en-US\"},{\"@type\":\"Organization\",\"@id\":\"https:\/\/sylviadara.com\/#organization\",\"name\":\"Sylvia Dara\",\"url\":\"https:\/\/sylviadara.com\/\",\"logo\":{\"@type\":\"ImageObject\",\"inLanguage\":\"en-US\",\"@id\":\"https:\/\/sylviadara.com\/#\/schema\/logo\/image\/\",\"url\":\"https:\/\/sylviadara.com\/wp-content\/uploads\/2020\/08\/sylvia_dara_kolor_rgb_png.png\",\"contentUrl\":\"https:\/\/sylviadara.com\/wp-content\/uploads\/2020\/08\/sylvia_dara_kolor_rgb_png.png\",\"width\":580,\"height\":189,\"caption\":\"Sylvia Dara\"},\"image\":{\"@id\":\"https:\/\/sylviadara.com\/#\/schema\/logo\/image\/\"}}]}<\/script>\n<!-- \/ Yoast SEO plugin. -->","yoast_head_json":{"title":"\u017bakiet San Francisco - Sylvia Dara","robots":{"index":"index","follow":"follow","max-snippet":"max-snippet:-1","max-image-preview":"max-image-preview:large","max-video-preview":"max-video-preview:-1"},"canonical":"https:\/\/sylviadara.com\/produkt\/zakiet-san-francisco\/","og_locale":"en_US","og_type":"article","og_title":"\u017bakiet San Francisco - Sylvia Dara","og_description":"\u017bakiet o pude\u0142kowym fasonie, bardzo delikatnie taliowany. Uszyty z luksusowej, wysokiego gatunku unikatowej tkaniny o wyj\u0105tkowym sk\u0142adzie we\u0142ny- jedwabiu i bawe\u0142ny. Tkanina jest mi\u0119kka w dotyku, idealnie si\u0119 uk\u0142ada i nie gniecie si\u0119. Pi\u0119kny splot \u017cakietu i gra kolor\u00f3w podbijaj\u0105 efekt stylizacji. \u017bakiet perfekcyjnie skrojony i uszyty, ozdobiony bi\u017cuteryjnymi guzikami. Model mocno limitowany. Rozmiar 36 [&hellip;]","og_url":"https:\/\/sylviadara.com\/produkt\/zakiet-san-francisco\/","og_site_name":"Sylvia Dara","article_modified_time":"2024-12-19T21:28:14+00:00","og_image":[{"width":2048,"height":2560,"url":"https:\/\/sylviadara.com\/wp-content\/uploads\/2024\/03\/InShot_20240326_185210761-scaled.jpg","type":"image\/jpeg"}],"twitter_card":"summary_large_image","schema":{"@context":"https:\/\/schema.org","@graph":[{"@type":"WebPage","@id":"https:\/\/sylviadara.com\/produkt\/zakiet-san-francisco\/","url":"https:\/\/sylviadara.com\/produkt\/zakiet-san-francisco\/","name":"\u017bakiet San Francisco - Sylvia Dara","isPartOf":{"@id":"https:\/\/sylviadara.com\/#website"},"datePublished":"2024-03-26T18:07:15+00:00","dateModified":"2024-12-19T21:28:14+00:00","breadcrumb":{"@id":"https:\/\/sylviadara.com\/produkt\/zakiet-san-francisco\/#breadcrumb"},"inLanguage":"en-US","potentialAction":[{"@type":"ReadAction","target":["https:\/\/sylviadara.com\/produkt\/zakiet-san-francisco\/"]}]},{"@type":"BreadcrumbList","@id":"https:\/\/sylviadara.com\/produkt\/zakiet-san-francisco\/#breadcrumb","itemListElement":[{"@type":"ListItem","position":1,"name":"Strona g\u0142\u00f3wna","item":"https:\/\/sylviadara.com\/en\/"},{"@type":"ListItem","position":2,"name":"Shop","item":"https:\/\/sylviadara.com\/en\/shop\/"},{"@type":"ListItem","position":3,"name":"\u017bakiet San Francisco"}]},{"@type":"WebSite","@id":"https:\/\/sylviadara.com\/#website","url":"https:\/\/sylviadara.com\/","name":"Sylvia Dara","description":"sklep","publisher":{"@id":"https:\/\/sylviadara.com\/#organization"},"potentialAction":[{"@type":"SearchAction","target":{"@type":"EntryPoint","urlTemplate":"https:\/\/sylviadara.com\/?s={search_term_string}"},"query-input":"required name=search_term_string"}],"inLanguage":"en-US"},{"@type":"Organization","@id":"https:\/\/sylviadara.com\/#organization","name":"Sylvia Dara","url":"https:\/\/sylviadara.com\/","logo":{"@type":"ImageObject","inLanguage":"en-US","@id":"https:\/\/sylviadara.com\/#\/schema\/logo\/image\/","url":"https:\/\/sylviadara.com\/wp-content\/uploads\/2020\/08\/sylvia_dara_kolor_rgb_png.png","contentUrl":"https:\/\/sylviadara.com\/wp-content\/uploads\/2020\/08\/sylvia_dara_kolor_rgb_png.png","width":580,"height":189,"caption":"Sylvia Dara"},"image":{"@id":"https:\/\/sylviadara.com\/#\/schema\/logo\/image\/"}}]}},"_links":{"self":[{"href":"https:\/\/sylviadara.com\/en\/wp-json\/wp\/v2\/product\/3842"}],"collection":[{"href":"https:\/\/sylviadara.com\/en\/wp-json\/wp\/v2\/product"}],"about":[{"href":"https:\/\/sylviadara.com\/en\/wp-json\/wp\/v2\/types\/product"}],"wp:featuredmedia":[{"embeddable":true,"href":"https:\/\/sylviadara.com\/en\/wp-json\/wp\/v2\/media\/3853"}],"wp:attachment":[{"href":"https:\/\/sylviadara.com\/en\/wp-json\/wp\/v2\/media?parent=3842"}],"wp:term":[{"taxonomy":"product_cat","embeddable":true,"href":"https:\/\/sylviadara.com\/en\/wp-json\/wp\/v2\/product_cat?post=3842"},{"taxonomy":"product_tag","embeddable":true,"href":"https:\/\/sylviadara.com\/en\/wp-json\/wp\/v2\/product_tag?post=3842"},{"taxonomy":"woo-feed-brand","embeddable":true,"href":"https:\/\/sylviadara.com\/en\/wp-json\/wp\/v2\/woo-feed-brand?post=3842"}],"curies":[{"name":"wp","href":"https:\/\/api.w.org\/{rel}","templated":true}]}}