{"id":3883,"date":"2024-05-23T20:05:12","date_gmt":"2024-05-23T20:05:12","guid":{"rendered":"https:\/\/sylviadara.com\/?post_type=product&#038;p=3883"},"modified":"2025-11-15T11:55:36","modified_gmt":"2025-11-15T11:55:36","slug":"zakiet-san-remo","status":"publish","type":"product","link":"https:\/\/sylviadara.com\/en\/produkt\/zakiet-san-remo\/","title":{"rendered":"Lniany \u017bakiet SAN REMO"},"content":{"rendered":"<p>Klasyczny \u017cakiet uszyty z bardzo dobrego gatunku, pi\u0119knego, kanadyjskiego lnu. Len jest mi\u0119sisty, ale nie za gruby. Idealnie sprawdzi\u0142 si\u0119 w roli \u017cakietu. Pi\u0119knie uk\u0142ada si\u0119 na sylwetce i trzyma fason. Perfekcyjnie odszyty.<br \/>\nG\u0142\u00f3wn\u0105 zalet\u0105 tego lnu jest to, \u017ce nawet po zagniecieniu go, wystarczy rozwiesi\u0107 na wieszak i tkanina sama si\u0119 pi\u0119knie prostuje. A jest to 100% naturalny len. To \u015bwiadczy m.in. o jego wyj\u0105tkowej jako\u015bci.<br \/>\nEfekt dope\u0142nia kwiatowy print w soczystych kolorach oraz bi\u017cuteryjne, subtelne guziki.<br \/>\n\u017bakiet posiada kieszenie i jest lekko taliowany.<br \/>\n stylizacji.<br \/>\nDost\u0119pne wymiary 36 i 38<br \/>\n<strong>Wymiary mierzone na p\u0142asko po zapi\u0119ciu dla 36 :<\/strong><\/p>\n<ul>\n<li>Obw\u00f3d biustu: ok 87cmcm<\/li>\n<li>Szeroko\u015b\u0107 pod pachami: ok 45cm<\/li>\n<li>D\u0142ugo\u015b\u0107 r\u0119kaw\u00f3w: ok 61cm<\/li>\n<li>D\u0142ugo\u015b\u0107 ca\u0142kowita: ok 60cm<\/li>\n<p><strong>Wymiary mierzone na p\u0142asko po zapi\u0119ciu dla 38 :<\/strong><\/p>\n<ul>\n<li>Obw\u00f3d biustu: ok 94cm<\/li>\n<li>Szeroko\u015b\u0107 pod pachami: ok 49cm<\/li>\n<li>D\u0142ugo\u015b\u0107 r\u0119kaw\u00f3w: ok 62cm<\/li>\n<li>D\u0142ugo\u015b\u0107 ca\u0142kowita: ok 61cm<\/li>\n","protected":false},"excerpt":{"rendered":"<p>Klasyczny \u017cakiet uszyty z bardzo dobrego gatunku, pi\u0119knego, kanadyjskiego lnu. Len jest mi\u0119sisty, ale nie za gruby. Idealnie sprawdzi\u0142 si\u0119 w roli \u017cakietu. Pi\u0119knie uk\u0142ada si\u0119 na sylwetce i trzyma fason. Perfekcyjnie odszyty. G\u0142\u00f3wn\u0105 zalet\u0105 tego lnu jest to, \u017ce nawet po zagniecieniu go, wystarczy rozwiesi\u0107 na wieszak i tkanina sama si\u0119 pi\u0119knie prostuje. A [&hellip;]<\/p>\n","protected":false},"featured_media":3886,"template":"","meta":[],"product_cat":[38,80,83,70,21],"product_tag":[],"woo-feed-brand":[],"acf":[],"yoast_head":"<!-- This site is optimized with the Yoast SEO plugin v19.14 - https:\/\/yoast.com\/wordpress\/plugins\/seo\/ -->\n<title>Lniany \u017bakiet SAN REMO - Sylvia Dara<\/title>\n<meta name=\"robots\" content=\"index, follow, max-snippet:-1, max-image-preview:large, max-video-preview:-1\" \/>\n<link rel=\"canonical\" href=\"https:\/\/sylviadara.com\/produkt\/zakiet-san-remo\/\" \/>\n<meta property=\"og:locale\" content=\"en_US\" \/>\n<meta property=\"og:type\" content=\"article\" \/>\n<meta property=\"og:title\" content=\"Lniany \u017bakiet SAN REMO - Sylvia Dara\" \/>\n<meta property=\"og:description\" content=\"Klasyczny \u017cakiet uszyty z bardzo dobrego gatunku, pi\u0119knego, kanadyjskiego lnu. Len jest mi\u0119sisty, ale nie za gruby. Idealnie sprawdzi\u0142 si\u0119 w roli \u017cakietu. Pi\u0119knie uk\u0142ada si\u0119 na sylwetce i trzyma fason. Perfekcyjnie odszyty. G\u0142\u00f3wn\u0105 zalet\u0105 tego lnu jest to, \u017ce nawet po zagniecieniu go, wystarczy rozwiesi\u0107 na wieszak i tkanina sama si\u0119 pi\u0119knie prostuje. A [&hellip;]\" \/>\n<meta property=\"og:url\" content=\"https:\/\/sylviadara.com\/produkt\/zakiet-san-remo\/\" \/>\n<meta property=\"og:site_name\" content=\"Sylvia Dara\" \/>\n<meta property=\"article:modified_time\" content=\"2025-11-15T11:55:36+00:00\" \/>\n<meta property=\"og:image\" content=\"https:\/\/sylviadara.com\/wp-content\/uploads\/2024\/05\/20240523_114105-01-01-scaled.jpeg\" \/>\n\t<meta property=\"og:image:width\" content=\"1920\" \/>\n\t<meta property=\"og:image:height\" content=\"2560\" \/>\n\t<meta property=\"og:image:type\" content=\"image\/jpeg\" \/>\n<meta name=\"twitter:card\" content=\"summary_large_image\" \/>\n<script type=\"application\/ld+json\" class=\"yoast-schema-graph\">{\"@context\":\"https:\/\/schema.org\",\"@graph\":[{\"@type\":\"WebPage\",\"@id\":\"https:\/\/sylviadara.com\/produkt\/zakiet-san-remo\/\",\"url\":\"https:\/\/sylviadara.com\/produkt\/zakiet-san-remo\/\",\"name\":\"Lniany \u017bakiet SAN REMO - Sylvia Dara\",\"isPartOf\":{\"@id\":\"https:\/\/sylviadara.com\/#website\"},\"datePublished\":\"2024-05-23T20:05:12+00:00\",\"dateModified\":\"2025-11-15T11:55:36+00:00\",\"breadcrumb\":{\"@id\":\"https:\/\/sylviadara.com\/produkt\/zakiet-san-remo\/#breadcrumb\"},\"inLanguage\":\"en-US\",\"potentialAction\":[{\"@type\":\"ReadAction\",\"target\":[\"https:\/\/sylviadara.com\/produkt\/zakiet-san-remo\/\"]}]},{\"@type\":\"BreadcrumbList\",\"@id\":\"https:\/\/sylviadara.com\/produkt\/zakiet-san-remo\/#breadcrumb\",\"itemListElement\":[{\"@type\":\"ListItem\",\"position\":1,\"name\":\"Strona g\u0142\u00f3wna\",\"item\":\"https:\/\/sylviadara.com\/en\/\"},{\"@type\":\"ListItem\",\"position\":2,\"name\":\"Shop\",\"item\":\"https:\/\/sylviadara.com\/en\/shop\/\"},{\"@type\":\"ListItem\",\"position\":3,\"name\":\"Lniany \u017bakiet SAN REMO\"}]},{\"@type\":\"WebSite\",\"@id\":\"https:\/\/sylviadara.com\/#website\",\"url\":\"https:\/\/sylviadara.com\/\",\"name\":\"Sylvia Dara\",\"description\":\"sklep\",\"publisher\":{\"@id\":\"https:\/\/sylviadara.com\/#organization\"},\"potentialAction\":[{\"@type\":\"SearchAction\",\"target\":{\"@type\":\"EntryPoint\",\"urlTemplate\":\"https:\/\/sylviadara.com\/?s={search_term_string}\"},\"query-input\":\"required name=search_term_string\"}],\"inLanguage\":\"en-US\"},{\"@type\":\"Organization\",\"@id\":\"https:\/\/sylviadara.com\/#organization\",\"name\":\"Sylvia Dara\",\"url\":\"https:\/\/sylviadara.com\/\",\"logo\":{\"@type\":\"ImageObject\",\"inLanguage\":\"en-US\",\"@id\":\"https:\/\/sylviadara.com\/#\/schema\/logo\/image\/\",\"url\":\"https:\/\/sylviadara.com\/wp-content\/uploads\/2020\/08\/sylvia_dara_kolor_rgb_png.png\",\"contentUrl\":\"https:\/\/sylviadara.com\/wp-content\/uploads\/2020\/08\/sylvia_dara_kolor_rgb_png.png\",\"width\":580,\"height\":189,\"caption\":\"Sylvia Dara\"},\"image\":{\"@id\":\"https:\/\/sylviadara.com\/#\/schema\/logo\/image\/\"}}]}<\/script>\n<!-- \/ Yoast SEO plugin. -->","yoast_head_json":{"title":"Lniany \u017bakiet SAN REMO - Sylvia Dara","robots":{"index":"index","follow":"follow","max-snippet":"max-snippet:-1","max-image-preview":"max-image-preview:large","max-video-preview":"max-video-preview:-1"},"canonical":"https:\/\/sylviadara.com\/produkt\/zakiet-san-remo\/","og_locale":"en_US","og_type":"article","og_title":"Lniany \u017bakiet SAN REMO - Sylvia Dara","og_description":"Klasyczny \u017cakiet uszyty z bardzo dobrego gatunku, pi\u0119knego, kanadyjskiego lnu. Len jest mi\u0119sisty, ale nie za gruby. Idealnie sprawdzi\u0142 si\u0119 w roli \u017cakietu. Pi\u0119knie uk\u0142ada si\u0119 na sylwetce i trzyma fason. Perfekcyjnie odszyty. G\u0142\u00f3wn\u0105 zalet\u0105 tego lnu jest to, \u017ce nawet po zagniecieniu go, wystarczy rozwiesi\u0107 na wieszak i tkanina sama si\u0119 pi\u0119knie prostuje. A [&hellip;]","og_url":"https:\/\/sylviadara.com\/produkt\/zakiet-san-remo\/","og_site_name":"Sylvia Dara","article_modified_time":"2025-11-15T11:55:36+00:00","og_image":[{"width":1920,"height":2560,"url":"https:\/\/sylviadara.com\/wp-content\/uploads\/2024\/05\/20240523_114105-01-01-scaled.jpeg","type":"image\/jpeg"}],"twitter_card":"summary_large_image","schema":{"@context":"https:\/\/schema.org","@graph":[{"@type":"WebPage","@id":"https:\/\/sylviadara.com\/produkt\/zakiet-san-remo\/","url":"https:\/\/sylviadara.com\/produkt\/zakiet-san-remo\/","name":"Lniany \u017bakiet SAN REMO - Sylvia Dara","isPartOf":{"@id":"https:\/\/sylviadara.com\/#website"},"datePublished":"2024-05-23T20:05:12+00:00","dateModified":"2025-11-15T11:55:36+00:00","breadcrumb":{"@id":"https:\/\/sylviadara.com\/produkt\/zakiet-san-remo\/#breadcrumb"},"inLanguage":"en-US","potentialAction":[{"@type":"ReadAction","target":["https:\/\/sylviadara.com\/produkt\/zakiet-san-remo\/"]}]},{"@type":"BreadcrumbList","@id":"https:\/\/sylviadara.com\/produkt\/zakiet-san-remo\/#breadcrumb","itemListElement":[{"@type":"ListItem","position":1,"name":"Strona g\u0142\u00f3wna","item":"https:\/\/sylviadara.com\/en\/"},{"@type":"ListItem","position":2,"name":"Shop","item":"https:\/\/sylviadara.com\/en\/shop\/"},{"@type":"ListItem","position":3,"name":"Lniany \u017bakiet SAN REMO"}]},{"@type":"WebSite","@id":"https:\/\/sylviadara.com\/#website","url":"https:\/\/sylviadara.com\/","name":"Sylvia Dara","description":"sklep","publisher":{"@id":"https:\/\/sylviadara.com\/#organization"},"potentialAction":[{"@type":"SearchAction","target":{"@type":"EntryPoint","urlTemplate":"https:\/\/sylviadara.com\/?s={search_term_string}"},"query-input":"required name=search_term_string"}],"inLanguage":"en-US"},{"@type":"Organization","@id":"https:\/\/sylviadara.com\/#organization","name":"Sylvia Dara","url":"https:\/\/sylviadara.com\/","logo":{"@type":"ImageObject","inLanguage":"en-US","@id":"https:\/\/sylviadara.com\/#\/schema\/logo\/image\/","url":"https:\/\/sylviadara.com\/wp-content\/uploads\/2020\/08\/sylvia_dara_kolor_rgb_png.png","contentUrl":"https:\/\/sylviadara.com\/wp-content\/uploads\/2020\/08\/sylvia_dara_kolor_rgb_png.png","width":580,"height":189,"caption":"Sylvia Dara"},"image":{"@id":"https:\/\/sylviadara.com\/#\/schema\/logo\/image\/"}}]}},"_links":{"self":[{"href":"https:\/\/sylviadara.com\/en\/wp-json\/wp\/v2\/product\/3883"}],"collection":[{"href":"https:\/\/sylviadara.com\/en\/wp-json\/wp\/v2\/product"}],"about":[{"href":"https:\/\/sylviadara.com\/en\/wp-json\/wp\/v2\/types\/product"}],"wp:featuredmedia":[{"embeddable":true,"href":"https:\/\/sylviadara.com\/en\/wp-json\/wp\/v2\/media\/3886"}],"wp:attachment":[{"href":"https:\/\/sylviadara.com\/en\/wp-json\/wp\/v2\/media?parent=3883"}],"wp:term":[{"taxonomy":"product_cat","embeddable":true,"href":"https:\/\/sylviadara.com\/en\/wp-json\/wp\/v2\/product_cat?post=3883"},{"taxonomy":"product_tag","embeddable":true,"href":"https:\/\/sylviadara.com\/en\/wp-json\/wp\/v2\/product_tag?post=3883"},{"taxonomy":"woo-feed-brand","embeddable":true,"href":"https:\/\/sylviadara.com\/en\/wp-json\/wp\/v2\/woo-feed-brand?post=3883"}],"curies":[{"name":"wp","href":"https:\/\/api.w.org\/{rel}","templated":true}]}}