{"id":3919,"date":"2024-11-20T21:36:17","date_gmt":"2024-11-20T21:36:17","guid":{"rendered":"https:\/\/sylviadara.com\/?post_type=product&#038;p=3919"},"modified":"2025-01-24T21:37:36","modified_gmt":"2025-01-24T21:37:36","slug":"kurtka-montepulciano","status":"publish","type":"product","link":"https:\/\/sylviadara.com\/en\/produkt\/kurtka-montepulciano\/","title":{"rendered":"Kurtka MONTEPULCIANO"},"content":{"rendered":"<p>Cudownie mi\u0119kka kurtka. Uszyta z przewagi we\u0142ny i alpaki. Tkanina jest jednocze\u015bnie ciep\u0142a, puszysta i wagowo lekka.<br \/>\nPude\u0142kowy, ponadczasowy fason z eleganckim ko\u0142nierzem i kieszeniami oraz raglanowe r\u0119kawy.<br \/>\nKurtka otula mi\u0119kko\u015bci\u0105 i pi\u0119knym printem.<br \/>\nIdealnie wpisze si\u0119 zar\u00f3wno w sportow\u0105 jak i eleganck\u0105 stylizacj\u0119. Kurtka zapinana na mocne zatrzaski.<\/p>\n<p>Modelka ma na sobie rozmiar 36\/38.  Wysoko\u015b\u0107 modelki 179 cm.<br \/>\n<strong>Wymiary mierzone na p\u0142asko po zapi\u0119ciu:<\/strong><\/p>\n<ul>\n<li>Szeroko\u015b\u0107 pod pachami: ok 52cm<\/li>\n<li>Obw\u00f3d biustu: ok 100cm<\/li>\n<li>D\u0142ugo\u015b\u0107 r\u0119kaw\u00f3w: ok 61cm<\/li>\n<li>D\u0142ugo\u015b\u0107 ca\u0142kowita: ok 62cm<\/li>\n<div style=\"width: 540px;\" class=\"wp-video\"><!--[if lt IE 9]><script>document.createElement('video');<\/script><![endif]-->\n<video class=\"wp-video-shortcode\" id=\"video-3919-1\" width=\"540\" height=\"960\" preload=\"metadata\" controls=\"controls\"><source type=\"video\/mp4\" src=\"https:\/\/sylviadara.com\/wp-content\/uploads\/2024\/11\/VID_71340417_215532_472.mp4?_=1\" \/><a href=\"https:\/\/sylviadara.com\/wp-content\/uploads\/2024\/11\/VID_71340417_215532_472.mp4\">https:\/\/sylviadara.com\/wp-content\/uploads\/2024\/11\/VID_71340417_215532_472.mp4<\/a><\/video><\/div>\n","protected":false},"excerpt":{"rendered":"<p>Cudownie mi\u0119kka kurtka. Uszyta z przewagi we\u0142ny i alpaki. Tkanina jest jednocze\u015bnie ciep\u0142a, puszysta i wagowo lekka. Pude\u0142kowy, ponadczasowy fason z eleganckim ko\u0142nierzem i kieszeniami oraz raglanowe r\u0119kawy. Kurtka otula mi\u0119kko\u015bci\u0105 i pi\u0119knym printem. Idealnie wpisze si\u0119 zar\u00f3wno w sportow\u0105 jak i eleganck\u0105 stylizacj\u0119. Kurtka zapinana na mocne zatrzaski. Modelka ma na sobie rozmiar 36\/38. [&hellip;]<\/p>\n","protected":false},"featured_media":3939,"template":"","meta":[],"product_cat":[80,22,21],"product_tag":[],"woo-feed-brand":[],"acf":[],"yoast_head":"<!-- This site is optimized with the Yoast SEO plugin v19.14 - https:\/\/yoast.com\/wordpress\/plugins\/seo\/ -->\n<title>Kurtka MONTEPULCIANO - Sylvia Dara<\/title>\n<meta name=\"robots\" content=\"index, follow, max-snippet:-1, max-image-preview:large, max-video-preview:-1\" \/>\n<link rel=\"canonical\" href=\"https:\/\/sylviadara.com\/produkt\/kurtka-montepulciano\/\" \/>\n<meta property=\"og:locale\" content=\"en_US\" \/>\n<meta property=\"og:type\" content=\"article\" \/>\n<meta property=\"og:title\" content=\"Kurtka MONTEPULCIANO - Sylvia Dara\" \/>\n<meta property=\"og:description\" content=\"Cudownie mi\u0119kka kurtka. Uszyta z przewagi we\u0142ny i alpaki. Tkanina jest jednocze\u015bnie ciep\u0142a, puszysta i wagowo lekka. Pude\u0142kowy, ponadczasowy fason z eleganckim ko\u0142nierzem i kieszeniami oraz raglanowe r\u0119kawy. Kurtka otula mi\u0119kko\u015bci\u0105 i pi\u0119knym printem. Idealnie wpisze si\u0119 zar\u00f3wno w sportow\u0105 jak i eleganck\u0105 stylizacj\u0119. Kurtka zapinana na mocne zatrzaski. Modelka ma na sobie rozmiar 36\/38. [&hellip;]\" \/>\n<meta property=\"og:url\" content=\"https:\/\/sylviadara.com\/produkt\/kurtka-montepulciano\/\" \/>\n<meta property=\"og:site_name\" content=\"Sylvia Dara\" \/>\n<meta property=\"article:modified_time\" content=\"2025-01-24T21:37:36+00:00\" \/>\n<meta property=\"og:image\" content=\"https:\/\/sylviadara.com\/wp-content\/uploads\/2024\/11\/E37A3438-13x-scaled.jpg\" \/>\n\t<meta property=\"og:image:width\" content=\"1707\" \/>\n\t<meta property=\"og:image:height\" content=\"2560\" \/>\n\t<meta property=\"og:image:type\" content=\"image\/jpeg\" \/>\n<meta name=\"twitter:card\" content=\"summary_large_image\" \/>\n<script type=\"application\/ld+json\" class=\"yoast-schema-graph\">{\"@context\":\"https:\/\/schema.org\",\"@graph\":[{\"@type\":\"WebPage\",\"@id\":\"https:\/\/sylviadara.com\/produkt\/kurtka-montepulciano\/\",\"url\":\"https:\/\/sylviadara.com\/produkt\/kurtka-montepulciano\/\",\"name\":\"Kurtka MONTEPULCIANO - Sylvia Dara\",\"isPartOf\":{\"@id\":\"https:\/\/sylviadara.com\/#website\"},\"datePublished\":\"2024-11-20T21:36:17+00:00\",\"dateModified\":\"2025-01-24T21:37:36+00:00\",\"breadcrumb\":{\"@id\":\"https:\/\/sylviadara.com\/produkt\/kurtka-montepulciano\/#breadcrumb\"},\"inLanguage\":\"en-US\",\"potentialAction\":[{\"@type\":\"ReadAction\",\"target\":[\"https:\/\/sylviadara.com\/produkt\/kurtka-montepulciano\/\"]}]},{\"@type\":\"BreadcrumbList\",\"@id\":\"https:\/\/sylviadara.com\/produkt\/kurtka-montepulciano\/#breadcrumb\",\"itemListElement\":[{\"@type\":\"ListItem\",\"position\":1,\"name\":\"Strona g\u0142\u00f3wna\",\"item\":\"https:\/\/sylviadara.com\/en\/\"},{\"@type\":\"ListItem\",\"position\":2,\"name\":\"Shop\",\"item\":\"https:\/\/sylviadara.com\/en\/shop\/\"},{\"@type\":\"ListItem\",\"position\":3,\"name\":\"Kurtka MONTEPULCIANO\"}]},{\"@type\":\"WebSite\",\"@id\":\"https:\/\/sylviadara.com\/#website\",\"url\":\"https:\/\/sylviadara.com\/\",\"name\":\"Sylvia Dara\",\"description\":\"sklep\",\"publisher\":{\"@id\":\"https:\/\/sylviadara.com\/#organization\"},\"potentialAction\":[{\"@type\":\"SearchAction\",\"target\":{\"@type\":\"EntryPoint\",\"urlTemplate\":\"https:\/\/sylviadara.com\/?s={search_term_string}\"},\"query-input\":\"required name=search_term_string\"}],\"inLanguage\":\"en-US\"},{\"@type\":\"Organization\",\"@id\":\"https:\/\/sylviadara.com\/#organization\",\"name\":\"Sylvia Dara\",\"url\":\"https:\/\/sylviadara.com\/\",\"logo\":{\"@type\":\"ImageObject\",\"inLanguage\":\"en-US\",\"@id\":\"https:\/\/sylviadara.com\/#\/schema\/logo\/image\/\",\"url\":\"https:\/\/sylviadara.com\/wp-content\/uploads\/2020\/08\/sylvia_dara_kolor_rgb_png.png\",\"contentUrl\":\"https:\/\/sylviadara.com\/wp-content\/uploads\/2020\/08\/sylvia_dara_kolor_rgb_png.png\",\"width\":580,\"height\":189,\"caption\":\"Sylvia Dara\"},\"image\":{\"@id\":\"https:\/\/sylviadara.com\/#\/schema\/logo\/image\/\"}}]}<\/script>\n<!-- \/ Yoast SEO plugin. -->","yoast_head_json":{"title":"Kurtka MONTEPULCIANO - Sylvia Dara","robots":{"index":"index","follow":"follow","max-snippet":"max-snippet:-1","max-image-preview":"max-image-preview:large","max-video-preview":"max-video-preview:-1"},"canonical":"https:\/\/sylviadara.com\/produkt\/kurtka-montepulciano\/","og_locale":"en_US","og_type":"article","og_title":"Kurtka MONTEPULCIANO - Sylvia Dara","og_description":"Cudownie mi\u0119kka kurtka. Uszyta z przewagi we\u0142ny i alpaki. Tkanina jest jednocze\u015bnie ciep\u0142a, puszysta i wagowo lekka. Pude\u0142kowy, ponadczasowy fason z eleganckim ko\u0142nierzem i kieszeniami oraz raglanowe r\u0119kawy. Kurtka otula mi\u0119kko\u015bci\u0105 i pi\u0119knym printem. Idealnie wpisze si\u0119 zar\u00f3wno w sportow\u0105 jak i eleganck\u0105 stylizacj\u0119. Kurtka zapinana na mocne zatrzaski. Modelka ma na sobie rozmiar 36\/38. [&hellip;]","og_url":"https:\/\/sylviadara.com\/produkt\/kurtka-montepulciano\/","og_site_name":"Sylvia Dara","article_modified_time":"2025-01-24T21:37:36+00:00","og_image":[{"width":1707,"height":2560,"url":"https:\/\/sylviadara.com\/wp-content\/uploads\/2024\/11\/E37A3438-13x-scaled.jpg","type":"image\/jpeg"}],"twitter_card":"summary_large_image","schema":{"@context":"https:\/\/schema.org","@graph":[{"@type":"WebPage","@id":"https:\/\/sylviadara.com\/produkt\/kurtka-montepulciano\/","url":"https:\/\/sylviadara.com\/produkt\/kurtka-montepulciano\/","name":"Kurtka MONTEPULCIANO - Sylvia Dara","isPartOf":{"@id":"https:\/\/sylviadara.com\/#website"},"datePublished":"2024-11-20T21:36:17+00:00","dateModified":"2025-01-24T21:37:36+00:00","breadcrumb":{"@id":"https:\/\/sylviadara.com\/produkt\/kurtka-montepulciano\/#breadcrumb"},"inLanguage":"en-US","potentialAction":[{"@type":"ReadAction","target":["https:\/\/sylviadara.com\/produkt\/kurtka-montepulciano\/"]}]},{"@type":"BreadcrumbList","@id":"https:\/\/sylviadara.com\/produkt\/kurtka-montepulciano\/#breadcrumb","itemListElement":[{"@type":"ListItem","position":1,"name":"Strona g\u0142\u00f3wna","item":"https:\/\/sylviadara.com\/en\/"},{"@type":"ListItem","position":2,"name":"Shop","item":"https:\/\/sylviadara.com\/en\/shop\/"},{"@type":"ListItem","position":3,"name":"Kurtka MONTEPULCIANO"}]},{"@type":"WebSite","@id":"https:\/\/sylviadara.com\/#website","url":"https:\/\/sylviadara.com\/","name":"Sylvia Dara","description":"sklep","publisher":{"@id":"https:\/\/sylviadara.com\/#organization"},"potentialAction":[{"@type":"SearchAction","target":{"@type":"EntryPoint","urlTemplate":"https:\/\/sylviadara.com\/?s={search_term_string}"},"query-input":"required name=search_term_string"}],"inLanguage":"en-US"},{"@type":"Organization","@id":"https:\/\/sylviadara.com\/#organization","name":"Sylvia Dara","url":"https:\/\/sylviadara.com\/","logo":{"@type":"ImageObject","inLanguage":"en-US","@id":"https:\/\/sylviadara.com\/#\/schema\/logo\/image\/","url":"https:\/\/sylviadara.com\/wp-content\/uploads\/2020\/08\/sylvia_dara_kolor_rgb_png.png","contentUrl":"https:\/\/sylviadara.com\/wp-content\/uploads\/2020\/08\/sylvia_dara_kolor_rgb_png.png","width":580,"height":189,"caption":"Sylvia Dara"},"image":{"@id":"https:\/\/sylviadara.com\/#\/schema\/logo\/image\/"}}]}},"_links":{"self":[{"href":"https:\/\/sylviadara.com\/en\/wp-json\/wp\/v2\/product\/3919"}],"collection":[{"href":"https:\/\/sylviadara.com\/en\/wp-json\/wp\/v2\/product"}],"about":[{"href":"https:\/\/sylviadara.com\/en\/wp-json\/wp\/v2\/types\/product"}],"wp:featuredmedia":[{"embeddable":true,"href":"https:\/\/sylviadara.com\/en\/wp-json\/wp\/v2\/media\/3939"}],"wp:attachment":[{"href":"https:\/\/sylviadara.com\/en\/wp-json\/wp\/v2\/media?parent=3919"}],"wp:term":[{"taxonomy":"product_cat","embeddable":true,"href":"https:\/\/sylviadara.com\/en\/wp-json\/wp\/v2\/product_cat?post=3919"},{"taxonomy":"product_tag","embeddable":true,"href":"https:\/\/sylviadara.com\/en\/wp-json\/wp\/v2\/product_tag?post=3919"},{"taxonomy":"woo-feed-brand","embeddable":true,"href":"https:\/\/sylviadara.com\/en\/wp-json\/wp\/v2\/woo-feed-brand?post=3919"}],"curies":[{"name":"wp","href":"https:\/\/api.w.org\/{rel}","templated":true}]}}