{"id":3920,"date":"2024-11-20T21:23:32","date_gmt":"2024-11-20T21:23:32","guid":{"rendered":"https:\/\/sylviadara.com\/?post_type=product&#038;p=3920"},"modified":"2025-11-22T14:17:42","modified_gmt":"2025-11-22T14:17:42","slug":"plaszcz-teddy-night","status":"publish","type":"product","link":"https:\/\/sylviadara.com\/en\/produkt\/plaszcz-teddy-night\/","title":{"rendered":"P\u0142aszcz TEDDY NIGHT"},"content":{"rendered":"<p>Mi\u0119kki, misiowy p\u0142aszcz przed kolano o lekko kube\u0142kowym fasonie. Uszyty z we\u0142ny jagni\u0119cej w g\u0142\u0119bokim odcieniu granatu\/czerni. P\u0142aszcz z eleganckim ko\u0142nierzem, kieszeniami i raglanowymi r\u0119kawami. Zapinany na gustowne, mocne zatrzaski.<\/p>\n<p>Modelka ma na sobie rozmiar 38\/40.  Wysoko\u015b\u0107 modelki 179 cm.<br \/>\n<strong>Wymiary mierzone na p\u0142asko po zapi\u0119ciu:<\/strong><\/p>\n<ul>\n<li>Obw\u00f3d w biodrach: ok 124cm<\/li>\n<li>Szeroko\u015b\u0107 pod pachami: ok 58cm<\/li>\n<li>D\u0142ugo\u015b\u0107 r\u0119kaw\u00f3w: ok 63cm<\/li>\n<li>D\u0142ugo\u015b\u0107 ca\u0142kowita: ok 98cm<\/li>\n","protected":false},"excerpt":{"rendered":"<p>Mi\u0119kki, misiowy p\u0142aszcz przed kolano o lekko kube\u0142kowym fasonie. Uszyty z we\u0142ny jagni\u0119cej w g\u0142\u0119bokim odcieniu granatu\/czerni. P\u0142aszcz z eleganckim ko\u0142nierzem, kieszeniami i raglanowymi r\u0119kawami. Zapinany na gustowne, mocne zatrzaski. Modelka ma na sobie rozmiar 38\/40. Wysoko\u015b\u0107 modelki 179 cm. Wymiary mierzone na p\u0142asko po zapi\u0119ciu: Obw\u00f3d w biodrach: ok 124cm Szeroko\u015b\u0107 pod pachami: ok [&hellip;]<\/p>\n","protected":false},"featured_media":3971,"template":"","meta":[],"product_cat":[80,22,70],"product_tag":[],"woo-feed-brand":[],"acf":[],"yoast_head":"<!-- This site is optimized with the Yoast SEO plugin v19.14 - https:\/\/yoast.com\/wordpress\/plugins\/seo\/ -->\n<title>P\u0142aszcz TEDDY NIGHT - Sylvia Dara<\/title>\n<meta name=\"robots\" content=\"index, follow, max-snippet:-1, max-image-preview:large, max-video-preview:-1\" \/>\n<link rel=\"canonical\" href=\"https:\/\/sylviadara.com\/produkt\/plaszcz-teddy-night\/\" \/>\n<meta property=\"og:locale\" content=\"en_US\" \/>\n<meta property=\"og:type\" content=\"article\" \/>\n<meta property=\"og:title\" content=\"P\u0142aszcz TEDDY NIGHT - Sylvia Dara\" \/>\n<meta property=\"og:description\" content=\"Mi\u0119kki, misiowy p\u0142aszcz przed kolano o lekko kube\u0142kowym fasonie. Uszyty z we\u0142ny jagni\u0119cej w g\u0142\u0119bokim odcieniu granatu\/czerni. P\u0142aszcz z eleganckim ko\u0142nierzem, kieszeniami i raglanowymi r\u0119kawami. Zapinany na gustowne, mocne zatrzaski. Modelka ma na sobie rozmiar 38\/40. Wysoko\u015b\u0107 modelki 179 cm. Wymiary mierzone na p\u0142asko po zapi\u0119ciu: Obw\u00f3d w biodrach: ok 124cm Szeroko\u015b\u0107 pod pachami: ok [&hellip;]\" \/>\n<meta property=\"og:url\" content=\"https:\/\/sylviadara.com\/produkt\/plaszcz-teddy-night\/\" \/>\n<meta property=\"og:site_name\" content=\"Sylvia Dara\" \/>\n<meta property=\"article:modified_time\" content=\"2025-11-22T14:17:42+00:00\" \/>\n<meta property=\"og:image\" content=\"https:\/\/sylviadara.com\/wp-content\/uploads\/2024\/11\/InShot_20241121_154908910-01-1-scaled.jpeg\" \/>\n\t<meta property=\"og:image:width\" content=\"2048\" \/>\n\t<meta property=\"og:image:height\" content=\"2560\" \/>\n\t<meta property=\"og:image:type\" content=\"image\/jpeg\" \/>\n<meta name=\"twitter:card\" content=\"summary_large_image\" \/>\n<script type=\"application\/ld+json\" class=\"yoast-schema-graph\">{\"@context\":\"https:\/\/schema.org\",\"@graph\":[{\"@type\":\"WebPage\",\"@id\":\"https:\/\/sylviadara.com\/produkt\/plaszcz-teddy-night\/\",\"url\":\"https:\/\/sylviadara.com\/produkt\/plaszcz-teddy-night\/\",\"name\":\"P\u0142aszcz TEDDY NIGHT - Sylvia Dara\",\"isPartOf\":{\"@id\":\"https:\/\/sylviadara.com\/#website\"},\"datePublished\":\"2024-11-20T21:23:32+00:00\",\"dateModified\":\"2025-11-22T14:17:42+00:00\",\"breadcrumb\":{\"@id\":\"https:\/\/sylviadara.com\/produkt\/plaszcz-teddy-night\/#breadcrumb\"},\"inLanguage\":\"en-US\",\"potentialAction\":[{\"@type\":\"ReadAction\",\"target\":[\"https:\/\/sylviadara.com\/produkt\/plaszcz-teddy-night\/\"]}]},{\"@type\":\"BreadcrumbList\",\"@id\":\"https:\/\/sylviadara.com\/produkt\/plaszcz-teddy-night\/#breadcrumb\",\"itemListElement\":[{\"@type\":\"ListItem\",\"position\":1,\"name\":\"Strona g\u0142\u00f3wna\",\"item\":\"https:\/\/sylviadara.com\/en\/\"},{\"@type\":\"ListItem\",\"position\":2,\"name\":\"Shop\",\"item\":\"https:\/\/sylviadara.com\/en\/shop\/\"},{\"@type\":\"ListItem\",\"position\":3,\"name\":\"P\u0142aszcz TEDDY NIGHT\"}]},{\"@type\":\"WebSite\",\"@id\":\"https:\/\/sylviadara.com\/#website\",\"url\":\"https:\/\/sylviadara.com\/\",\"name\":\"Sylvia Dara\",\"description\":\"sklep\",\"publisher\":{\"@id\":\"https:\/\/sylviadara.com\/#organization\"},\"potentialAction\":[{\"@type\":\"SearchAction\",\"target\":{\"@type\":\"EntryPoint\",\"urlTemplate\":\"https:\/\/sylviadara.com\/?s={search_term_string}\"},\"query-input\":\"required name=search_term_string\"}],\"inLanguage\":\"en-US\"},{\"@type\":\"Organization\",\"@id\":\"https:\/\/sylviadara.com\/#organization\",\"name\":\"Sylvia Dara\",\"url\":\"https:\/\/sylviadara.com\/\",\"logo\":{\"@type\":\"ImageObject\",\"inLanguage\":\"en-US\",\"@id\":\"https:\/\/sylviadara.com\/#\/schema\/logo\/image\/\",\"url\":\"https:\/\/sylviadara.com\/wp-content\/uploads\/2020\/08\/sylvia_dara_kolor_rgb_png.png\",\"contentUrl\":\"https:\/\/sylviadara.com\/wp-content\/uploads\/2020\/08\/sylvia_dara_kolor_rgb_png.png\",\"width\":580,\"height\":189,\"caption\":\"Sylvia Dara\"},\"image\":{\"@id\":\"https:\/\/sylviadara.com\/#\/schema\/logo\/image\/\"}}]}<\/script>\n<!-- \/ Yoast SEO plugin. -->","yoast_head_json":{"title":"P\u0142aszcz TEDDY NIGHT - Sylvia Dara","robots":{"index":"index","follow":"follow","max-snippet":"max-snippet:-1","max-image-preview":"max-image-preview:large","max-video-preview":"max-video-preview:-1"},"canonical":"https:\/\/sylviadara.com\/produkt\/plaszcz-teddy-night\/","og_locale":"en_US","og_type":"article","og_title":"P\u0142aszcz TEDDY NIGHT - Sylvia Dara","og_description":"Mi\u0119kki, misiowy p\u0142aszcz przed kolano o lekko kube\u0142kowym fasonie. Uszyty z we\u0142ny jagni\u0119cej w g\u0142\u0119bokim odcieniu granatu\/czerni. P\u0142aszcz z eleganckim ko\u0142nierzem, kieszeniami i raglanowymi r\u0119kawami. Zapinany na gustowne, mocne zatrzaski. Modelka ma na sobie rozmiar 38\/40. Wysoko\u015b\u0107 modelki 179 cm. Wymiary mierzone na p\u0142asko po zapi\u0119ciu: Obw\u00f3d w biodrach: ok 124cm Szeroko\u015b\u0107 pod pachami: ok [&hellip;]","og_url":"https:\/\/sylviadara.com\/produkt\/plaszcz-teddy-night\/","og_site_name":"Sylvia Dara","article_modified_time":"2025-11-22T14:17:42+00:00","og_image":[{"width":2048,"height":2560,"url":"https:\/\/sylviadara.com\/wp-content\/uploads\/2024\/11\/InShot_20241121_154908910-01-1-scaled.jpeg","type":"image\/jpeg"}],"twitter_card":"summary_large_image","schema":{"@context":"https:\/\/schema.org","@graph":[{"@type":"WebPage","@id":"https:\/\/sylviadara.com\/produkt\/plaszcz-teddy-night\/","url":"https:\/\/sylviadara.com\/produkt\/plaszcz-teddy-night\/","name":"P\u0142aszcz TEDDY NIGHT - Sylvia Dara","isPartOf":{"@id":"https:\/\/sylviadara.com\/#website"},"datePublished":"2024-11-20T21:23:32+00:00","dateModified":"2025-11-22T14:17:42+00:00","breadcrumb":{"@id":"https:\/\/sylviadara.com\/produkt\/plaszcz-teddy-night\/#breadcrumb"},"inLanguage":"en-US","potentialAction":[{"@type":"ReadAction","target":["https:\/\/sylviadara.com\/produkt\/plaszcz-teddy-night\/"]}]},{"@type":"BreadcrumbList","@id":"https:\/\/sylviadara.com\/produkt\/plaszcz-teddy-night\/#breadcrumb","itemListElement":[{"@type":"ListItem","position":1,"name":"Strona g\u0142\u00f3wna","item":"https:\/\/sylviadara.com\/en\/"},{"@type":"ListItem","position":2,"name":"Shop","item":"https:\/\/sylviadara.com\/en\/shop\/"},{"@type":"ListItem","position":3,"name":"P\u0142aszcz TEDDY NIGHT"}]},{"@type":"WebSite","@id":"https:\/\/sylviadara.com\/#website","url":"https:\/\/sylviadara.com\/","name":"Sylvia Dara","description":"sklep","publisher":{"@id":"https:\/\/sylviadara.com\/#organization"},"potentialAction":[{"@type":"SearchAction","target":{"@type":"EntryPoint","urlTemplate":"https:\/\/sylviadara.com\/?s={search_term_string}"},"query-input":"required name=search_term_string"}],"inLanguage":"en-US"},{"@type":"Organization","@id":"https:\/\/sylviadara.com\/#organization","name":"Sylvia Dara","url":"https:\/\/sylviadara.com\/","logo":{"@type":"ImageObject","inLanguage":"en-US","@id":"https:\/\/sylviadara.com\/#\/schema\/logo\/image\/","url":"https:\/\/sylviadara.com\/wp-content\/uploads\/2020\/08\/sylvia_dara_kolor_rgb_png.png","contentUrl":"https:\/\/sylviadara.com\/wp-content\/uploads\/2020\/08\/sylvia_dara_kolor_rgb_png.png","width":580,"height":189,"caption":"Sylvia Dara"},"image":{"@id":"https:\/\/sylviadara.com\/#\/schema\/logo\/image\/"}}]}},"_links":{"self":[{"href":"https:\/\/sylviadara.com\/en\/wp-json\/wp\/v2\/product\/3920"}],"collection":[{"href":"https:\/\/sylviadara.com\/en\/wp-json\/wp\/v2\/product"}],"about":[{"href":"https:\/\/sylviadara.com\/en\/wp-json\/wp\/v2\/types\/product"}],"wp:featuredmedia":[{"embeddable":true,"href":"https:\/\/sylviadara.com\/en\/wp-json\/wp\/v2\/media\/3971"}],"wp:attachment":[{"href":"https:\/\/sylviadara.com\/en\/wp-json\/wp\/v2\/media?parent=3920"}],"wp:term":[{"taxonomy":"product_cat","embeddable":true,"href":"https:\/\/sylviadara.com\/en\/wp-json\/wp\/v2\/product_cat?post=3920"},{"taxonomy":"product_tag","embeddable":true,"href":"https:\/\/sylviadara.com\/en\/wp-json\/wp\/v2\/product_tag?post=3920"},{"taxonomy":"woo-feed-brand","embeddable":true,"href":"https:\/\/sylviadara.com\/en\/wp-json\/wp\/v2\/woo-feed-brand?post=3920"}],"curies":[{"name":"wp","href":"https:\/\/api.w.org\/{rel}","templated":true}]}}