{"id":867,"date":"2020-12-02T16:57:24","date_gmt":"2020-12-02T16:57:24","guid":{"rendered":"https:\/\/sylviadara.com\/?post_type=product&#038;p=867"},"modified":"2026-03-31T17:31:08","modified_gmt":"2026-03-31T17:31:08","slug":"kardigan-elafonisi","status":"publish","type":"product","link":"https:\/\/sylviadara.com\/en\/produkt\/kardigan-elafonisi\/","title":{"rendered":"Kardigan z we\u0142ny i alpaki ELAFONISI"},"content":{"rendered":"<p>DOST\u0118PNY NA ZAM\u00d3WIENIE Z TERMINEM REALIZACJI 4-5 TYG.<br \/>\nKardigan wykonany w ca\u0142o\u015bci r\u0119cznie, na drutach, z najwy\u017cszej jako\u015bci mi\u0119kkiej, puszystej we\u0142ny i alpaki .<br \/>\nWykonany z du\u017c\u0105 precyzj\u0105. G\u0119sty, ciep\u0142y, w fasonie swobodny o zwartym splocie.<br \/>\nOtula ciep\u0142em i energetycznym kolorem. Prostot\u0119 i swobod\u0119 podkre\u015bla jeden tylko detal &#8211; unikatowe guziki z naturalnymi cyrkoniami. To sprawia, \u017ce kardigan wyr\u00f3\u017cni nie tylko jako stylizacja basic ale \u015bwietnie sprawdzi si\u0119 te\u017c na eleganckie wyj\u015bcie. <\/p>\n<p><strong>Rozmiar: <\/strong>OVERSIZE<br \/>\n<strong>Kolor: <\/strong>brzoskwiniowy<\/p>\n<p><strong>Przy zakupie pr\u00f3bka (5ml) specjalnego p\u0142ynu do prania we\u0142ny gratis<\/strong><\/p>\n<p><strong>Wymiary mierzone na p\u0142asko<\/strong><\/p>\n<li>Szeroko\u015b\u0107 pod pachami 60cm<\/li>\n<li>D\u0142ugo\u015b\u0107 r\u0119kaw\u00f3w 67cm<\/li>\n<li>D\u0142ugo\u015b\u0107 ca\u0142kowita 80cm<\/li>\n","protected":false},"excerpt":{"rendered":"<p>D\u0142u\u017cszy, swobodny kardigan o g\u0119stym splocie. Zrobiony w ca\u0142o\u015bci z najwy\u017cszej jako\u015bci mi\u0119kkiej, puszystej  alpaki . Otula ciep\u0142em i energetycznym kolorem. Prostot\u0119 i swobod\u0119 podkre\u015bla jeden tylko detal &#8211; unikatowe guziki z cyrkoniami. To sprawia, \u017ce kardigan wyr\u00f3\u017cni nie tylko jako stylizacja basic ale \u015bwietnie sprawdzi si\u0119 te\u017c na eleganckie wyj\u015bcie. Idealnie skomponuje si\u0119 z opask\u0105 Elafonisi. <\/p>\n<p><strong>Kolor: <\/strong>brzoskwiniowy<\/p>\n<li>Szeroko\u015b\u0107 pod pachami 64cm<\/li>\n<li>D\u0142ugo\u015b\u0107 r\u0119kaw\u00f3w 70cm<\/li>\n<li>D\u0142ugo\u015b\u0107 ca\u0142kowita 92cm<\/li>\n","protected":false},"featured_media":868,"template":"","meta":[],"product_cat":[40,20],"product_tag":[],"woo-feed-brand":[],"acf":[],"yoast_head":"<!-- This site is optimized with the Yoast SEO plugin v19.14 - https:\/\/yoast.com\/wordpress\/plugins\/seo\/ -->\n<title>Kardigan z we\u0142ny i alpaki ELAFONISI - Sylvia Dara<\/title>\n<meta name=\"robots\" content=\"index, follow, max-snippet:-1, max-image-preview:large, max-video-preview:-1\" \/>\n<link rel=\"canonical\" href=\"https:\/\/sylviadara.com\/produkt\/kardigan-elafonisi\/\" \/>\n<meta property=\"og:locale\" content=\"en_US\" \/>\n<meta property=\"og:type\" content=\"article\" \/>\n<meta property=\"og:title\" content=\"Kardigan z we\u0142ny i alpaki ELAFONISI - Sylvia Dara\" \/>\n<meta property=\"og:description\" content=\"D\u0142u\u017cszy, swobodny kardigan o g\u0119stym splocie. Zrobiony w ca\u0142o\u015bci z najwy\u017cszej jako\u015bci mi\u0119kkiej, puszystej alpaki . Otula ciep\u0142em i energetycznym kolorem. Prostot\u0119 i swobod\u0119 podkre\u015bla jeden tylko detal - unikatowe guziki z cyrkoniami. To sprawia, \u017ce kardigan wyr\u00f3\u017cni nie tylko jako stylizacja basic ale \u015bwietnie sprawdzi si\u0119 te\u017c na eleganckie wyj\u015bcie. Idealnie skomponuje si\u0119 z opask\u0105 Elafonisi.    Kolor: brzoskwiniowy     Szeroko\u015b\u0107 pod pachami 64cm   D\u0142ugo\u015b\u0107 r\u0119kaw\u00f3w 70cm   D\u0142ugo\u015b\u0107 ca\u0142kowita 92cm\" \/>\n<meta property=\"og:url\" content=\"https:\/\/sylviadara.com\/produkt\/kardigan-elafonisi\/\" \/>\n<meta property=\"og:site_name\" content=\"Sylvia Dara\" \/>\n<meta property=\"article:modified_time\" content=\"2026-03-31T17:31:08+00:00\" \/>\n<meta property=\"og:image\" content=\"https:\/\/sylviadara.com\/wp-content\/uploads\/2020\/12\/DSC09776-kopia-scaled.jpg\" \/>\n\t<meta property=\"og:image:width\" content=\"2202\" \/>\n\t<meta property=\"og:image:height\" content=\"2560\" \/>\n\t<meta property=\"og:image:type\" content=\"image\/jpeg\" \/>\n<meta name=\"twitter:card\" content=\"summary_large_image\" \/>\n<script type=\"application\/ld+json\" class=\"yoast-schema-graph\">{\"@context\":\"https:\/\/schema.org\",\"@graph\":[{\"@type\":\"WebPage\",\"@id\":\"https:\/\/sylviadara.com\/produkt\/kardigan-elafonisi\/\",\"url\":\"https:\/\/sylviadara.com\/produkt\/kardigan-elafonisi\/\",\"name\":\"Kardigan z we\u0142ny i alpaki ELAFONISI - Sylvia Dara\",\"isPartOf\":{\"@id\":\"https:\/\/sylviadara.com\/#website\"},\"datePublished\":\"2020-12-02T16:57:24+00:00\",\"dateModified\":\"2026-03-31T17:31:08+00:00\",\"breadcrumb\":{\"@id\":\"https:\/\/sylviadara.com\/produkt\/kardigan-elafonisi\/#breadcrumb\"},\"inLanguage\":\"en-US\",\"potentialAction\":[{\"@type\":\"ReadAction\",\"target\":[\"https:\/\/sylviadara.com\/produkt\/kardigan-elafonisi\/\"]}]},{\"@type\":\"BreadcrumbList\",\"@id\":\"https:\/\/sylviadara.com\/produkt\/kardigan-elafonisi\/#breadcrumb\",\"itemListElement\":[{\"@type\":\"ListItem\",\"position\":1,\"name\":\"Strona g\u0142\u00f3wna\",\"item\":\"https:\/\/sylviadara.com\/en\/\"},{\"@type\":\"ListItem\",\"position\":2,\"name\":\"Shop\",\"item\":\"https:\/\/sylviadara.com\/en\/shop\/\"},{\"@type\":\"ListItem\",\"position\":3,\"name\":\"Kardigan z we\u0142ny i alpaki ELAFONISI\"}]},{\"@type\":\"WebSite\",\"@id\":\"https:\/\/sylviadara.com\/#website\",\"url\":\"https:\/\/sylviadara.com\/\",\"name\":\"Sylvia Dara\",\"description\":\"sklep\",\"publisher\":{\"@id\":\"https:\/\/sylviadara.com\/#organization\"},\"potentialAction\":[{\"@type\":\"SearchAction\",\"target\":{\"@type\":\"EntryPoint\",\"urlTemplate\":\"https:\/\/sylviadara.com\/?s={search_term_string}\"},\"query-input\":\"required name=search_term_string\"}],\"inLanguage\":\"en-US\"},{\"@type\":\"Organization\",\"@id\":\"https:\/\/sylviadara.com\/#organization\",\"name\":\"Sylvia Dara\",\"url\":\"https:\/\/sylviadara.com\/\",\"logo\":{\"@type\":\"ImageObject\",\"inLanguage\":\"en-US\",\"@id\":\"https:\/\/sylviadara.com\/#\/schema\/logo\/image\/\",\"url\":\"https:\/\/sylviadara.com\/wp-content\/uploads\/2020\/08\/sylvia_dara_kolor_rgb_png.png\",\"contentUrl\":\"https:\/\/sylviadara.com\/wp-content\/uploads\/2020\/08\/sylvia_dara_kolor_rgb_png.png\",\"width\":580,\"height\":189,\"caption\":\"Sylvia Dara\"},\"image\":{\"@id\":\"https:\/\/sylviadara.com\/#\/schema\/logo\/image\/\"}}]}<\/script>\n<!-- \/ Yoast SEO plugin. -->","yoast_head_json":{"title":"Kardigan z we\u0142ny i alpaki ELAFONISI - Sylvia Dara","robots":{"index":"index","follow":"follow","max-snippet":"max-snippet:-1","max-image-preview":"max-image-preview:large","max-video-preview":"max-video-preview:-1"},"canonical":"https:\/\/sylviadara.com\/produkt\/kardigan-elafonisi\/","og_locale":"en_US","og_type":"article","og_title":"Kardigan z we\u0142ny i alpaki ELAFONISI - Sylvia Dara","og_description":"D\u0142u\u017cszy, swobodny kardigan o g\u0119stym splocie. Zrobiony w ca\u0142o\u015bci z najwy\u017cszej jako\u015bci mi\u0119kkiej, puszystej alpaki . Otula ciep\u0142em i energetycznym kolorem. Prostot\u0119 i swobod\u0119 podkre\u015bla jeden tylko detal - unikatowe guziki z cyrkoniami. To sprawia, \u017ce kardigan wyr\u00f3\u017cni nie tylko jako stylizacja basic ale \u015bwietnie sprawdzi si\u0119 te\u017c na eleganckie wyj\u015bcie. Idealnie skomponuje si\u0119 z opask\u0105 Elafonisi.    Kolor: brzoskwiniowy     Szeroko\u015b\u0107 pod pachami 64cm   D\u0142ugo\u015b\u0107 r\u0119kaw\u00f3w 70cm   D\u0142ugo\u015b\u0107 ca\u0142kowita 92cm","og_url":"https:\/\/sylviadara.com\/produkt\/kardigan-elafonisi\/","og_site_name":"Sylvia Dara","article_modified_time":"2026-03-31T17:31:08+00:00","og_image":[{"width":2202,"height":2560,"url":"https:\/\/sylviadara.com\/wp-content\/uploads\/2020\/12\/DSC09776-kopia-scaled.jpg","type":"image\/jpeg"}],"twitter_card":"summary_large_image","schema":{"@context":"https:\/\/schema.org","@graph":[{"@type":"WebPage","@id":"https:\/\/sylviadara.com\/produkt\/kardigan-elafonisi\/","url":"https:\/\/sylviadara.com\/produkt\/kardigan-elafonisi\/","name":"Kardigan z we\u0142ny i alpaki ELAFONISI - Sylvia Dara","isPartOf":{"@id":"https:\/\/sylviadara.com\/#website"},"datePublished":"2020-12-02T16:57:24+00:00","dateModified":"2026-03-31T17:31:08+00:00","breadcrumb":{"@id":"https:\/\/sylviadara.com\/produkt\/kardigan-elafonisi\/#breadcrumb"},"inLanguage":"en-US","potentialAction":[{"@type":"ReadAction","target":["https:\/\/sylviadara.com\/produkt\/kardigan-elafonisi\/"]}]},{"@type":"BreadcrumbList","@id":"https:\/\/sylviadara.com\/produkt\/kardigan-elafonisi\/#breadcrumb","itemListElement":[{"@type":"ListItem","position":1,"name":"Strona g\u0142\u00f3wna","item":"https:\/\/sylviadara.com\/en\/"},{"@type":"ListItem","position":2,"name":"Shop","item":"https:\/\/sylviadara.com\/en\/shop\/"},{"@type":"ListItem","position":3,"name":"Kardigan z we\u0142ny i alpaki ELAFONISI"}]},{"@type":"WebSite","@id":"https:\/\/sylviadara.com\/#website","url":"https:\/\/sylviadara.com\/","name":"Sylvia Dara","description":"sklep","publisher":{"@id":"https:\/\/sylviadara.com\/#organization"},"potentialAction":[{"@type":"SearchAction","target":{"@type":"EntryPoint","urlTemplate":"https:\/\/sylviadara.com\/?s={search_term_string}"},"query-input":"required name=search_term_string"}],"inLanguage":"en-US"},{"@type":"Organization","@id":"https:\/\/sylviadara.com\/#organization","name":"Sylvia Dara","url":"https:\/\/sylviadara.com\/","logo":{"@type":"ImageObject","inLanguage":"en-US","@id":"https:\/\/sylviadara.com\/#\/schema\/logo\/image\/","url":"https:\/\/sylviadara.com\/wp-content\/uploads\/2020\/08\/sylvia_dara_kolor_rgb_png.png","contentUrl":"https:\/\/sylviadara.com\/wp-content\/uploads\/2020\/08\/sylvia_dara_kolor_rgb_png.png","width":580,"height":189,"caption":"Sylvia Dara"},"image":{"@id":"https:\/\/sylviadara.com\/#\/schema\/logo\/image\/"}}]}},"_links":{"self":[{"href":"https:\/\/sylviadara.com\/en\/wp-json\/wp\/v2\/product\/867"}],"collection":[{"href":"https:\/\/sylviadara.com\/en\/wp-json\/wp\/v2\/product"}],"about":[{"href":"https:\/\/sylviadara.com\/en\/wp-json\/wp\/v2\/types\/product"}],"wp:featuredmedia":[{"embeddable":true,"href":"https:\/\/sylviadara.com\/en\/wp-json\/wp\/v2\/media\/868"}],"wp:attachment":[{"href":"https:\/\/sylviadara.com\/en\/wp-json\/wp\/v2\/media?parent=867"}],"wp:term":[{"taxonomy":"product_cat","embeddable":true,"href":"https:\/\/sylviadara.com\/en\/wp-json\/wp\/v2\/product_cat?post=867"},{"taxonomy":"product_tag","embeddable":true,"href":"https:\/\/sylviadara.com\/en\/wp-json\/wp\/v2\/product_tag?post=867"},{"taxonomy":"woo-feed-brand","embeddable":true,"href":"https:\/\/sylviadara.com\/en\/wp-json\/wp\/v2\/woo-feed-brand?post=867"}],"curies":[{"name":"wp","href":"https:\/\/api.w.org\/{rel}","templated":true}]}}